

{"id":902,"date":"2024-06-19T12:29:21","date_gmt":"2024-06-19T06:59:21","guid":{"rendered":"https:\/\/everlearning.io\/casto-kladene-otazky\/"},"modified":"2024-10-04T12:12:13","modified_gmt":"2024-10-04T06:42:13","slug":"casto-kladene-otazky","status":"publish","type":"page","link":"https:\/\/everlearning.io\/sk\/casto-kladene-otazky\/","title":{"rendered":"\u010cASTO KLADEN\u00c9 OT\u00c1ZKY"},"content":{"rendered":"\n<div class=\"wp-block-uagb-container faq--main-wrap uagb-block-2950536e alignfull uagb-is-root-container\"><div class=\"uagb-container-inner-blocks-wrap\"><div class=\"wp-block-uagb-faq uagb-faq__outer-wrap uagb-block-db6269c2 uagb-faq-icon-row-reverse uagb-faq-layout-accordion uagb-faq-expand-first-true uagb-faq-inactive-other-true uagb-faq__wrap uagb-buttons-layout-wrap uagb-faq-equal-height     faq--main-wrap\" data-faqtoggle=\"true\" role=\"tablist\"><div class=\"wp-block-uagb-faq-child uagb-faq-child__outer-wrap uagb-faq-item uagb-block-aaba9e84 \" role=\"tab\" tabindex=\"0\"><div class=\"uagb-faq-questions-button uagb-faq-questions\">\t\t\t<span class=\"uagb-icon uagb-faq-icon-wrap\">\n\t\t\t\t\t\t\t<\/span>\n\t\t\t\t\t\t<span class=\"uagb-icon-active uagb-faq-icon-wrap\">\n\t\t\t\t\t\t\t<\/span>\n\t\t\t<h3 class=\"uagb-question\">Ak\u00e9 typy kurzov pon\u00fakate na platforme EverLearning?<\/h3><\/div><div class=\"uagb-faq-content\"><p>Na vzdel\u00e1vacej platforme EverLearning n\u00e1jdete \u0161irok\u00fa \u0161k\u00e1lu kurzov zameran\u00fdch na zlep\u0161ovanie va\u0161ich digit\u00e1lnych a m\u00e4kk\u00fdch zru\u010dnost\u00ed, ale aj na osobn\u00fd \u00faspech a keri\u00e9rny rast. Na\u0161e kurzy zah\u0155\u0148aj\u00fa t\u00e9my ako t\u00edmov\u00e1 pr\u00e1ca, cloudov\u00e9 technol\u00f3gie, digit\u00e1lne technol\u00f3gie, efekt\u00edvne prezenta\u010dn\u00e9 met\u00f3dy a mnoho \u010fal\u0161\u00edch. <\/p><\/div><\/div><div class=\"wp-block-uagb-faq-child uagb-faq-child__outer-wrap uagb-faq-item uagb-block-25d8ee6f \" role=\"tab\" tabindex=\"0\"><div class=\"uagb-faq-questions-button uagb-faq-questions\">\t\t\t<span class=\"uagb-icon uagb-faq-icon-wrap\">\n\t\t\t\t\t\t\t<\/span>\n\t\t\t\t\t\t<span class=\"uagb-icon-active uagb-faq-icon-wrap\">\n\t\t\t\t\t\t\t<\/span>\n\t\t\t<h3 class=\"uagb-question\">Ako sa m\u00f4\u017eem zap\u00edsa\u0165 na kurz na platforme EverLearning?<\/h3><\/div><div class=\"uagb-faq-content\"><p>Zap\u00edsa\u0165 sa na kurz je skuto\u010dne jednoduch\u00e9. Kliknite sem <a href=\"https:\/\/everlearning.io\/registration\/?login\">SEM<\/a> a postupujte pod\u013ea in\u0161trukci\u00ed. Budete po\u017eiadan\u00ed, aby ste si vytvorili pou\u017e\u00edvate\u013esk\u00fd \u00fa\u010det, alebo sa prihl\u00e1sili, ak u\u017e \u00fa\u010det m\u00e1te. Ak sa registrujete po prv\u00fdkr\u00e1t, pros\u00edm, postupujte pod\u013ea pokynov na dokon\u010denie registra\u010dn\u00e9ho procesu.   <\/p><\/div><\/div><div class=\"wp-block-uagb-faq-child uagb-faq-child__outer-wrap uagb-faq-item uagb-block-ae54d6ce \" role=\"tab\" tabindex=\"0\"><div class=\"uagb-faq-questions-button uagb-faq-questions\">\t\t\t<span class=\"uagb-icon uagb-faq-icon-wrap\">\n\t\t\t\t\t\t\t<\/span>\n\t\t\t\t\t\t<span class=\"uagb-icon-active uagb-faq-icon-wrap\">\n\t\t\t\t\t\t\t<\/span>\n\t\t\t<h3 class=\"uagb-question\">S\u00fa kurzy na platforme EverLearning \u0161trukt\u00farovan\u00e9 tak, aby som sa mohol\/a u\u010di\u0165 vlastn\u00fdm tempom?<\/h3><\/div><div class=\"uagb-faq-content\"><p>\u00c1no, v\u0161etky kurzy, ktor\u00e9 pon\u00fakame, s\u00fa navrhnut\u00e9 tak, aby ste si mohli sami riadi\u0165 svoj \u010das u\u010denia. T\u00e1to flexibilita zaru\u010duje, \u017ee sa m\u00f4\u017eete u\u010di\u0165 kedyko\u013evek a kdeko\u013evek pod\u013ea va\u0161ich vlastn\u00fdch preferenci\u00ed, potrieb a po\u017eadovan\u00e9ho tempa. <\/p><\/div><\/div><div class=\"wp-block-uagb-faq-child uagb-faq-child__outer-wrap uagb-faq-item uagb-block-f0514fd8 \" role=\"tab\" tabindex=\"0\"><div class=\"uagb-faq-questions-button uagb-faq-questions\">\t\t\t<span class=\"uagb-icon uagb-faq-icon-wrap\">\n\t\t\t\t\t\t\t<\/span>\n\t\t\t\t\t\t<span class=\"uagb-icon-active uagb-faq-icon-wrap\">\n\t\t\t\t\t\t\t<\/span>\n\t\t\t<h3 class=\"uagb-question\">Ak\u00fd druh podpory je k dispoz\u00edcii, ak m\u00e1m po\u010das \u0161t\u00fadia ot\u00e1zky?<\/h3><\/div><div class=\"uagb-faq-content\"><p>EverLearning poskytuje komplexn\u00fa podporu pre v\u0161etk\u00fdch na\u0161ich \u0161tudentov. Na\u0161e kurzy obsahuj\u00fa doplnkov\u00e9 materi\u00e1ly, pr\u00edru\u010dky a \u010fal\u0161ie zdroje, ktor\u00e9 zlep\u0161ia va\u0161e pochopenie konkr\u00e9tnej t\u00e9my. Ak m\u00e1te ak\u00e9ko\u013evek ot\u00e1zky, m\u00f4\u017eete kontaktova\u0165 svojho in\u0161truktora alebo polo\u017ei\u0165 ot\u00e1zku na vyhradenom f\u00f3re.  <\/p><\/div><\/div><div class=\"wp-block-uagb-faq-child uagb-faq-child__outer-wrap uagb-faq-item uagb-block-ef44d707 \" role=\"tab\" tabindex=\"0\"><div class=\"uagb-faq-questions-button uagb-faq-questions\">\t\t\t<span class=\"uagb-icon uagb-faq-icon-wrap\">\n\t\t\t\t\t\t\t<\/span>\n\t\t\t\t\t\t<span class=\"uagb-icon-active uagb-faq-icon-wrap\">\n\t\t\t\t\t\t\t<\/span>\n\t\t\t<h3 class=\"uagb-question\">Poskytujete certifik\u00e1t po dokon\u010den\u00ed kurzu?<\/h3><\/div><div class=\"uagb-faq-content\"><p>\u00c1no, po \u00faspe\u0161nom dokon\u010den\u00ed kurzu v\u00e1m bude vydan\u00fd certifik\u00e1t.<\/p><\/div><\/div><\/div><\/div><\/div>\n","protected":false},"excerpt":{"rendered":"","protected":false},"author":1,"featured_media":0,"parent":0,"menu_order":0,"comment_status":"closed","ping_status":"closed","template":"","meta":{"_acf_changed":false,"_bbp_topic_count":0,"_bbp_reply_count":0,"_bbp_total_topic_count":0,"_bbp_total_reply_count":0,"_bbp_voice_count":0,"_bbp_anonymous_reply_count":0,"_bbp_topic_count_hidden":0,"_bbp_reply_count_hidden":0,"_bbp_forum_subforum_count":0,"_uag_custom_page_level_css":"","_kad_post_transparent":"","_kad_post_title":"","_kad_post_layout":"","_kad_post_sidebar_id":"","_kad_post_content_style":"","_kad_post_vertical_padding":"","_kad_post_feature":"","_kad_post_feature_position":"","_kad_post_header":false,"_kad_post_footer":false,"footnotes":""},"class_list":["post-902","page","type-page","status-publish","hentry"],"acf":[],"uagb_featured_image_src":{"full":false,"thumbnail":false,"medium":false,"medium_large":false,"large":false,"1536x1536":false,"2048x2048":false},"uagb_author_info":{"display_name":"Admin","author_link":"https:\/\/everlearning.io\/sk\/author\/admin\/"},"uagb_comment_info":0,"uagb_excerpt":null,"_links":{"self":[{"href":"https:\/\/everlearning.io\/sk\/wp-json\/wp\/v2\/pages\/902","targetHints":{"allow":["GET"]}}],"collection":[{"href":"https:\/\/everlearning.io\/sk\/wp-json\/wp\/v2\/pages"}],"about":[{"href":"https:\/\/everlearning.io\/sk\/wp-json\/wp\/v2\/types\/page"}],"author":[{"embeddable":true,"href":"https:\/\/everlearning.io\/sk\/wp-json\/wp\/v2\/users\/1"}],"replies":[{"embeddable":true,"href":"https:\/\/everlearning.io\/sk\/wp-json\/wp\/v2\/comments?post=902"}],"version-history":[{"count":5,"href":"https:\/\/everlearning.io\/sk\/wp-json\/wp\/v2\/pages\/902\/revisions"}],"predecessor-version":[{"id":5112,"href":"https:\/\/everlearning.io\/sk\/wp-json\/wp\/v2\/pages\/902\/revisions\/5112"}],"wp:attachment":[{"href":"https:\/\/everlearning.io\/sk\/wp-json\/wp\/v2\/media?parent=902"}],"curies":[{"name":"wp","href":"https:\/\/api.w.org\/{rel}","templated":true}]}}