

{"id":2571,"date":"2024-06-18T10:23:24","date_gmt":"2024-06-18T04:53:24","guid":{"rendered":"https:\/\/everlearning.io\/registracia\/"},"modified":"2024-08-30T12:41:05","modified_gmt":"2024-08-30T07:11:05","slug":"registracia","status":"publish","type":"page","link":"https:\/\/everlearning.io\/sk\/registracia\/","title":{"rendered":"Registr\u00e1cia"},"content":{"rendered":"\n<div class=\"wp-block-uagb-container registration-form uagb-block-6ccc9f8d alignfull uagb-is-root-container\"><div class=\"uagb-container-inner-blocks-wrap\">\n<div class=\"wp-block-uagb-advanced-heading uagb-block-9b158b2e\"><h3 class=\"uagb-heading-text\">Prihl\u00e1senie do konta<\/h3><\/div>\n\n\n<div class=\"learndash-wrap\">\n\t<div class=\"learndash-wrapper\">\n\n\t<div id=\"learndash-registration-wrapper\" >\n\n\t\n\t<p class=\"registration-login\">U\u017e m\u00e1te \u00fa\u010det? <a class=\"registration-login-link\" href=\"\">Prihl\u00e1ste sa<\/a><\/p><div class=\"registration-login-form\" style=\"display: none;\"><form name=\"loginform\" id=\"loginform\" action=\"https:\/\/everlearning.io\/sk\/wp-login.php\" method=\"post\"><input id=\"learndash-login-form\" type=\"hidden\" name=\"learndash-login-form\" value=\"3c03da69c3\" \/><p class=\"login-username\">\n\t\t\t\t<label for=\"user_login\">Prihlasovacie meno alebo e-mailov\u00e1 adresa<\/label>\n\t\t\t\t<input type=\"text\" name=\"log\" id=\"user_login\" autocomplete=\"username\" class=\"input\" value=\"\" size=\"20\" \/>\n\t\t\t<\/p><p class=\"login-password\">\n\t\t\t\t<label for=\"user_pass\">Heslo<\/label>\n\t\t\t\t<input type=\"password\" name=\"pwd\" id=\"user_pass\" autocomplete=\"current-password\" spellcheck=\"false\" class=\"input\" value=\"\" size=\"20\" \/>\n\t\t\t<\/p><p class=\"login-remember\"><label><input name=\"rememberme\" type=\"checkbox\" id=\"rememberme\" value=\"forever\" \/> Zapam\u00e4ta\u0165<\/label><\/p><p class=\"login-submit\">\n\t\t\t\t<input type=\"submit\" name=\"wp-submit\" id=\"wp-submit\" class=\"button button-primary\" value=\"Prihl\u00e1si\u0165 sa\" \/>\n\t\t\t\t<input type=\"hidden\" name=\"redirect_to\" value=\"https:\/\/everlearning.io\/sk\/registracia\/\" \/>\n\t\t\t<\/p><a href='https:\/\/everlearning.io\/sk\/wp-login.php?action=lostpassword' class='lms-ld-forgot-password-link'>Lost Your Password?<\/a><\/form><\/div><p class=\"show-register-form\" style=\"display: none;\"><a href=\"\">Uk\u00e1\u017ete registra\u010dn\u00fd formul\u00e1r\n<\/a><\/p>\t\t\t\t<form name=\"learndash_registerform\" id=\"learndash_registerform\" class=\"ldregister\" action=\"https:\/\/everlearning.io\/sk\/wp-login.php?action=register\" method=\"post\">\n\t\t\t\t         <p>\n            <label for=\"\">\n                Meno    \n                <span class=\"learndash-required-field\">*<\/span>\n            <\/label>\n            <input type=\"text\" name=\"first_name\" id=\"lms-first-name\">\n         <\/p>\n         <p>\n            <label for=\"\">\n                Priezvisko        \n                <span class=\"learndash-required-field\">*<\/span>\n            <\/label>\n            <input type=\"text\" name=\"last_name\" id=\"lms-last-name\">\n         <\/p>\n    <p class=\"learndash-registration-field learndash-registration-field-username learndash-required\"><label for=\"username\">Pou\u017e\u00edvate\u013esk\u00e9 meno\n <span class=\"learndash-required-field\">*<\/span><\/label>\n\t\t\t\t\t\t<input aria-required=&quot;true&quot; type=\"text\" id=\"username\" name=\"user_login\" value=\"\" \/><\/p><p class=\"learndash-registration-field learndash-registration-field-email learndash-required\"><label for=\"email\">Email <span class=\"learndash-required-field\">*<\/span><\/label>\n\t\t\t\t\t\t<input aria-required=&quot;true&quot; type=\"text\" id=\"email\" name=\"user_email\" value=\"\" \/><\/p><p class=\"learndash-registration-field learndash-registration-field-password learndash-required\"><label for=\"password\">Heslo\n <span class=\"learndash-required-field\">*<\/span><\/label>\n\t\t\t\t\t\t<input aria-required=&quot;true&quot; type=\"password\" id=\"password\" name=\"password\" value=\"\" \/><\/p><p class=\"learndash-registration-field learndash-registration-field-confirmpassword learndash-required\"><label for=\"confirm_password\">Potvr\u010fte heslo <span class=\"learndash-required-field\">*<\/span><\/label><input aria-required=&quot;true&quot; type=\"password\" id=\"confirm_password\" name=\"confirm_password\" \/><\/p>    <h2>\u010eal\u0161ie inform\u00e1cie<\/h2>\n    <p>\n        <label for=\"custom_field\">Ste vekov\u00e1 skupina 50+?\n<br \/>\n            <ul class=\"acf-radio-list acf-bl lms_is_group_50\">\n                <li>\n                    <label class=\"selected\">\n                        <input type=\"radio\" name=\"is_age_group\" id=\"\" value=\"1\" checked=\"checked\"> \n                        \u00c1no                    <\/label>\n                <\/li>\n                <li>\n                    <label class=\"selected\">\n                        <input type=\"radio\" name=\"is_age_group\" id=\"\" value=\"0\"> \n                        Nie\n                    <\/label>\n                <\/li>\n            <\/ul>\n            \n            <label for=\"acf-field_66795b808e735\" class=\"accept_terms_label\">\n                <div class=\"accept-chekcbox-wrapper\">\n                    <input type=\"checkbox\" id=\"acf-field_66795b808e735\" name=\"is_accept_terms\" value=\"1\" class=\"\" autocomplete=\"off\" checked=\"checked\">\n                <\/div>\n                <span>\n                    S\u00fahlas\u00edm s <a href=\"https:\/\/everlearning.io\/terms-and-conditions\/\" role=\"link\">Zmluvn\u00e9 podmienky<\/a>\n                <\/span>\n            <\/label>\n    <\/p>\n\t\t\t\t<input name=\"ld_register_id\" value=\"0\" type=\"hidden\" \/>\n\t\t\t\t<input type=\"hidden\" name=\"learndash-registration-form\" value=\"da67622992\" \/>\n\t\t\t\t<input type=\"hidden\" name=\"redirect_to\" value=\"https:\/\/everlearning.io\/sk\/registracia\/?ld-registered=true&#038;ld_register_id=0\" \/>\n\t\t\t\t<p><input type=\"submit\" name=\"wp-submit\" id=\"wp-submit\" class=\"button button-primary button-large\" value=\"Zaregistrujte sa\" \/><\/p>\n\t\t\t<\/form>\n\t\t\t\t<\/div><\/div><\/div><\/div><\/div>\n","protected":false},"excerpt":{"rendered":"<p>Prihl\u00e1senie do konta<\/p>\n","protected":false},"author":1,"featured_media":0,"parent":0,"menu_order":0,"comment_status":"closed","ping_status":"closed","template":"","meta":{"_acf_changed":false,"_bbp_topic_count":0,"_bbp_reply_count":0,"_bbp_total_topic_count":0,"_bbp_total_reply_count":0,"_bbp_voice_count":0,"_bbp_anonymous_reply_count":0,"_bbp_topic_count_hidden":0,"_bbp_reply_count_hidden":0,"_bbp_forum_subforum_count":0,"_uag_custom_page_level_css":"","_kad_post_transparent":"","_kad_post_title":"","_kad_post_layout":"","_kad_post_sidebar_id":"","_kad_post_content_style":"","_kad_post_vertical_padding":"","_kad_post_feature":"","_kad_post_feature_position":"","_kad_post_header":false,"_kad_post_footer":false,"footnotes":""},"class_list":["post-2571","page","type-page","status-publish","hentry"],"acf":[],"uagb_featured_image_src":{"full":false,"thumbnail":false,"medium":false,"medium_large":false,"large":false,"1536x1536":false,"2048x2048":false},"uagb_author_info":{"display_name":"Admin","author_link":"https:\/\/everlearning.io\/sk\/author\/admin\/"},"uagb_comment_info":0,"uagb_excerpt":"Prihl\u00e1senie do konta","_links":{"self":[{"href":"https:\/\/everlearning.io\/sk\/wp-json\/wp\/v2\/pages\/2571","targetHints":{"allow":["GET"]}}],"collection":[{"href":"https:\/\/everlearning.io\/sk\/wp-json\/wp\/v2\/pages"}],"about":[{"href":"https:\/\/everlearning.io\/sk\/wp-json\/wp\/v2\/types\/page"}],"author":[{"embeddable":true,"href":"https:\/\/everlearning.io\/sk\/wp-json\/wp\/v2\/users\/1"}],"replies":[{"embeddable":true,"href":"https:\/\/everlearning.io\/sk\/wp-json\/wp\/v2\/comments?post=2571"}],"version-history":[{"count":1,"href":"https:\/\/everlearning.io\/sk\/wp-json\/wp\/v2\/pages\/2571\/revisions"}],"predecessor-version":[{"id":2572,"href":"https:\/\/everlearning.io\/sk\/wp-json\/wp\/v2\/pages\/2571\/revisions\/2572"}],"wp:attachment":[{"href":"https:\/\/everlearning.io\/sk\/wp-json\/wp\/v2\/media?parent=2571"}],"curies":[{"name":"wp","href":"https:\/\/api.w.org\/{rel}","templated":true}]}}