

{"id":2543,"date":"2024-06-19T12:32:08","date_gmt":"2024-06-19T07:02:08","guid":{"rendered":"https:\/\/everlearning.io\/forum\/"},"modified":"2024-10-04T12:12:51","modified_gmt":"2024-10-04T06:42:51","slug":"forum","status":"publish","type":"page","link":"https:\/\/everlearning.io\/sk\/forum\/","title":{"rendered":"F\u00f3rum"},"content":{"rendered":"\n<div id=\"bbpress-forums\" class=\"bbpress-wrapper\">\n\n\t\n\t<div class=\"bbp-breadcrumb\"><p><a href=\"https:\/\/everlearning.io\/sk\/\" class=\"bbp-breadcrumb-home\">Domov<\/a> \/ <span class=\"bbp-breadcrumb-current\">Diskusn\u00e9 F\u00f3ra<\/span><\/p><\/div>\n\t\n\t\n\t\n\t\t\n<ul id=\"forums-list-0\" class=\"bbp-forums\">\n\n\t<li class=\"bbp-header\">\n\n\t\t<ul class=\"forum-titles\">\n\t\t\t<li class=\"bbp-forum-info\">F\u00f3rum<\/li>\n\t\t\t<li class=\"bbp-forum-topic-count\">T\u00e9my<\/li>\n\t\t\t<li class=\"bbp-forum-reply-count\">Pr\u00edspevky<\/li>\n\t\t\t<li class=\"bbp-forum-freshness\">Posledn\u00fd \u010dl\u00e1nok<\/li>\n\t\t<\/ul>\n\n\t<\/li><!-- .bbp-header -->\n\n\t<li class=\"bbp-body\">\n\n\t\t\n\t\t\t\n<ul id=\"bbp-forum-4963\" class=\"loop-item-0 bbp-forum-status-open bbp-forum-visibility-publish odd  post-4963 forum type-forum status-publish hentry\">\n\t<li class=\"bbp-forum-info\">\n\n\t\t\n\t\t\n\t\t<a class=\"bbp-forum-title\" href=\"https:\/\/everlearning.io\/sk\/forums\/forum\/what-is-ai-ml\/\">Met\u00f3dy efekt\u00edvnej prezent\u00e1cie<\/a>\n\n\t\t\n\t\t\n\t\t<div class=\"bbp-forum-content\"><\/div>\n\n\t\t<span class=\"ld-bbpress-desc-link\"><small><strong>Associated Courses and Groups:<\/strong><br \/><a href=\"\"><\/a><\/small><\/span>\n\t\t\n\t\t\n\t\t\n\t\t\n\t<\/li>\n\n\t<li class=\"bbp-forum-topic-count\">1<\/li>\n\n\t<li class=\"bbp-forum-reply-count\">1<\/li>\n\n\t<li class=\"bbp-forum-freshness\">\n\n\t\t\n\t\t<a href=\"https:\/\/everlearning.io\/sk\/forums\/topic\/sdqwqed\/\" title=\"sdqwqed\">pred 1 year, 1 month<\/a>\n\t\t\n\t\t<p class=\"bbp-topic-meta\">\n\n\t\t\t\n\t\t\t<span class=\"bbp-topic-freshness-author\"><a href=\"https:\/\/everlearning.io\/sk\/forums\/users\/abhi123\/\" title=\"Zobrazi\u0165 profil pou\u017e\u00edvate\u013ea abhi123\" class=\"bbp-author-link\"><span  class=\"bbp-author-avatar\"><img alt='' src='https:\/\/secure.gravatar.com\/avatar\/4a4c3abfd754c9278ee409e68446c2225a473873e3a6e2e6491fe65b149fd092?s=14&#038;d=mm&#038;r=g' srcset='https:\/\/secure.gravatar.com\/avatar\/4a4c3abfd754c9278ee409e68446c2225a473873e3a6e2e6491fe65b149fd092?s=28&#038;d=mm&#038;r=g 2x' class='avatar avatar-14 photo' height='14' width='14' \/><\/span><span  class=\"bbp-author-name\">abhi123<\/span><\/a><\/span>\n\n\t\t\t\n\t\t<\/p>\n\t<\/li>\n<\/ul><!-- #bbp-forum-4963 -->\n\n\t\t\n\t<\/li><!-- .bbp-body -->\n\n\t<li class=\"bbp-footer\">\n\n\t\t<div class=\"tr\">\n\t\t\t<p class=\"td colspan4\">&nbsp;<\/p>\n\t\t<\/div><!-- .tr -->\n\n\t<\/li><!-- .bbp-footer -->\n\n<\/ul><!-- .forums-directory -->\n\n\n\t\n\t\n<\/div>\n\n","protected":false},"excerpt":{"rendered":"","protected":false},"author":1,"featured_media":0,"parent":0,"menu_order":0,"comment_status":"closed","ping_status":"closed","template":"","meta":{"_acf_changed":false,"_bbp_topic_count":0,"_bbp_reply_count":0,"_bbp_total_topic_count":0,"_bbp_total_reply_count":0,"_bbp_voice_count":0,"_bbp_anonymous_reply_count":0,"_bbp_topic_count_hidden":0,"_bbp_reply_count_hidden":0,"_bbp_forum_subforum_count":0,"_uag_custom_page_level_css":"","_kad_post_transparent":"","_kad_post_title":"","_kad_post_layout":"","_kad_post_sidebar_id":"","_kad_post_content_style":"","_kad_post_vertical_padding":"","_kad_post_feature":"","_kad_post_feature_position":"","_kad_post_header":false,"_kad_post_footer":false,"footnotes":""},"class_list":["post-2543","page","type-page","status-publish","hentry"],"acf":[],"uagb_featured_image_src":{"full":false,"thumbnail":false,"medium":false,"medium_large":false,"large":false,"1536x1536":false,"2048x2048":false},"uagb_author_info":{"display_name":"Admin","author_link":"https:\/\/everlearning.io\/sk\/author\/admin\/"},"uagb_comment_info":0,"uagb_excerpt":null,"_links":{"self":[{"href":"https:\/\/everlearning.io\/sk\/wp-json\/wp\/v2\/pages\/2543","targetHints":{"allow":["GET"]}}],"collection":[{"href":"https:\/\/everlearning.io\/sk\/wp-json\/wp\/v2\/pages"}],"about":[{"href":"https:\/\/everlearning.io\/sk\/wp-json\/wp\/v2\/types\/page"}],"author":[{"embeddable":true,"href":"https:\/\/everlearning.io\/sk\/wp-json\/wp\/v2\/users\/1"}],"replies":[{"embeddable":true,"href":"https:\/\/everlearning.io\/sk\/wp-json\/wp\/v2\/comments?post=2543"}],"version-history":[{"count":3,"href":"https:\/\/everlearning.io\/sk\/wp-json\/wp\/v2\/pages\/2543\/revisions"}],"predecessor-version":[{"id":5114,"href":"https:\/\/everlearning.io\/sk\/wp-json\/wp\/v2\/pages\/2543\/revisions\/5114"}],"wp:attachment":[{"href":"https:\/\/everlearning.io\/sk\/wp-json\/wp\/v2\/media?parent=2543"}],"curies":[{"name":"wp","href":"https:\/\/api.w.org\/{rel}","templated":true}]}}