

{"id":2541,"date":"2024-06-19T12:30:55","date_gmt":"2024-06-19T07:00:55","guid":{"rendered":"https:\/\/everlearning.io\/kviz\/"},"modified":"2024-08-09T12:59:21","modified_gmt":"2024-08-09T07:29:21","slug":"kviz","status":"publish","type":"page","link":"https:\/\/everlearning.io\/sk\/kviz\/","title":{"rendered":"Kv\u00edz"},"content":{"rendered":"<div id=\"ld-course-list-content-eff95009bc9403c78341717dc782d0ed\" class=\"ld-course-list-content\" data-shortcode-atts=\"{&quot;post_type&quot;:&quot;sfwd-quiz&quot;,&quot;mycourses&quot;:false,&quot;status&quot;:false}\">\n\t\t\t<div class=\"ld-course-list-items row\">\n\t<!-- LearnDash Course Grid v1 --><div class=\"ld_course_grid col-sm-8 col-md-4 \">\n\t<article id=\"post-5631\" class=\" thumbnail course post-5631 sfwd-quiz type-sfwd-quiz status-publish hentry\">\n\t\t\t\t\t\n\t\t\t\t\t\t<a href=\"https:\/\/everlearning.io\/sk\/quizzes\/kviz-2\/\" rel=\"bookmark\">\n\t\t\t\t<img decoding=\"async\" alt=\"\" src=\"https:\/\/everlearning.io\/wp-content\/plugins\/learndash-course-grid\/assets\/img\/thumbnail.jpg\"\/>\n\t\t\t<\/a>\n\t\t\t\t\t\n\t\t\t\t\t<div class=\"caption\">\n\t\t\t\t<h3 class=\"entry-title\">Kv\u00edz 2<\/h3>\n\t\t\t\t\t\t\t\t<div class=\"ld_course_grid_button\"><a class=\"btn btn-primary\" role=\"button\" href=\"https:\/\/everlearning.io\/sk\/quizzes\/kviz-2\/\" rel=\"bookmark\">See More<\/a><\/div>\n\t\t\t\t\t\t\t<\/div><!-- .entry-header -->\n\t\t\t<\/article><!-- #post-## -->\n<\/div><!-- .ld_course_grid -->\n<!-- LearnDash Course Grid v1 --><div class=\"ld_course_grid col-sm-8 col-md-4 \">\n\t<article id=\"post-5623\" class=\" thumbnail course post-5623 sfwd-quiz type-sfwd-quiz status-publish hentry\">\n\t\t\t\t\t\n\t\t\t\t\t\t<a href=\"https:\/\/everlearning.io\/sk\/quizzes\/kviz-1-4\/\" rel=\"bookmark\">\n\t\t\t\t<img decoding=\"async\" alt=\"\" src=\"https:\/\/everlearning.io\/wp-content\/plugins\/learndash-course-grid\/assets\/img\/thumbnail.jpg\"\/>\n\t\t\t<\/a>\n\t\t\t\t\t\n\t\t\t\t\t<div class=\"caption\">\n\t\t\t\t<h3 class=\"entry-title\">Kv\u00edz 1<\/h3>\n\t\t\t\t\t\t\t\t<div class=\"ld_course_grid_button\"><a class=\"btn btn-primary\" role=\"button\" href=\"https:\/\/everlearning.io\/sk\/quizzes\/kviz-1-4\/\" rel=\"bookmark\">See More<\/a><\/div>\n\t\t\t\t\t\t\t<\/div><!-- .entry-header -->\n\t\t\t<\/article><!-- #post-## -->\n<\/div><!-- .ld_course_grid -->\n<!-- LearnDash Course Grid v1 --><div class=\"ld_course_grid col-sm-8 col-md-4 \">\n\t<article id=\"post-5564\" class=\" thumbnail course post-5564 sfwd-quiz type-sfwd-quiz status-publish hentry\">\n\t\t\t\t\t\n\t\t\t\t\t\t<a href=\"https:\/\/everlearning.io\/sk\/quizzes\/ktory-z-nasledovnych-programov-sluzi-na-vytaranie-prezentacii\/\" rel=\"bookmark\">\n\t\t\t\t<img decoding=\"async\" alt=\"\" src=\"https:\/\/everlearning.io\/wp-content\/plugins\/learndash-course-grid\/assets\/img\/thumbnail.jpg\"\/>\n\t\t\t<\/a>\n\t\t\t\t\t\n\t\t\t\t\t<div class=\"caption\">\n\t\t\t\t<h3 class=\"entry-title\">Ktor\u00fd z nasledovn\u00fdch programov sl\u00fa\u017ei na vyt\u00e1ranie prezent\u00e1ci\u00ed<\/h3>\n\t\t\t\t\t\t\t\t<div class=\"ld_course_grid_button\"><a class=\"btn btn-primary\" role=\"button\" href=\"https:\/\/everlearning.io\/sk\/quizzes\/ktory-z-nasledovnych-programov-sluzi-na-vytaranie-prezentacii\/\" rel=\"bookmark\">See More<\/a><\/div>\n\t\t\t\t\t\t\t<\/div><!-- .entry-header -->\n\t\t\t<\/article><!-- #post-## -->\n<\/div><!-- .ld_course_grid -->\n<!-- LearnDash Course Grid v1 --><div class=\"ld_course_grid col-sm-8 col-md-4 \">\n\t<article id=\"post-5455\" class=\" thumbnail course post-5455 sfwd-quiz type-sfwd-quiz status-publish hentry\">\n\t\t\t\t\t\n\t\t\t\t\t\t<a href=\"https:\/\/everlearning.io\/sk\/quizzes\/q1\/\" rel=\"bookmark\">\n\t\t\t\t<img decoding=\"async\" alt=\"\" src=\"https:\/\/everlearning.io\/wp-content\/plugins\/learndash-course-grid\/assets\/img\/thumbnail.jpg\"\/>\n\t\t\t<\/a>\n\t\t\t\t\t\n\t\t\t\t\t<div class=\"caption\">\n\t\t\t\t<h3 class=\"entry-title\">Q1<\/h3>\n\t\t\t\t\t\t\t\t<div class=\"ld_course_grid_button\"><a class=\"btn btn-primary\" role=\"button\" href=\"https:\/\/everlearning.io\/sk\/quizzes\/q1\/\" rel=\"bookmark\">See More<\/a><\/div>\n\t\t\t\t\t\t\t<\/div><!-- .entry-header -->\n\t\t\t<\/article><!-- #post-## -->\n<\/div><!-- .ld_course_grid -->\n<!-- LearnDash Course Grid v1 --><div class=\"ld_course_grid col-sm-8 col-md-4 \">\n\t<article id=\"post-4902\" class=\" thumbnail course post-4902 sfwd-quiz type-sfwd-quiz status-publish hentry\">\n\t\t\t\t\t\n\t\t\t\t\t\t<a href=\"https:\/\/everlearning.io\/sk\/quizzes\/kviz-1-2\/\" rel=\"bookmark\">\n\t\t\t\t<img decoding=\"async\" alt=\"\" src=\"https:\/\/everlearning.io\/wp-content\/plugins\/learndash-course-grid\/assets\/img\/thumbnail.jpg\"\/>\n\t\t\t<\/a>\n\t\t\t\t\t\n\t\t\t\t\t<div class=\"caption\">\n\t\t\t\t<h3 class=\"entry-title\">Kv\u00edz 1<\/h3>\n\t\t\t\t\t\t\t\t<div class=\"ld_course_grid_button\"><a class=\"btn btn-primary\" role=\"button\" href=\"https:\/\/everlearning.io\/sk\/quizzes\/kviz-1-2\/\" rel=\"bookmark\">See More<\/a><\/div>\n\t\t\t\t\t\t\t<\/div><!-- .entry-header -->\n\t\t\t<\/article><!-- #post-## -->\n<\/div><!-- .ld_course_grid -->\n<!-- LearnDash Course Grid v1 --><div class=\"ld_course_grid col-sm-8 col-md-4 \">\n\t<article id=\"post-4895\" class=\" thumbnail course post-4895 sfwd-quiz type-sfwd-quiz status-publish hentry\">\n\t\t\t\t\t\n\t\t\t\t\t\t<a href=\"https:\/\/everlearning.io\/sk\/quizzes\/tema-1-otazky-na-testovanie-vasich-vedomosti\/\" rel=\"bookmark\">\n\t\t\t\t<img decoding=\"async\" alt=\"\" src=\"https:\/\/everlearning.io\/wp-content\/plugins\/learndash-course-grid\/assets\/img\/thumbnail.jpg\"\/>\n\t\t\t<\/a>\n\t\t\t\t\t\n\t\t\t\t\t<div class=\"caption\">\n\t\t\t\t<h3 class=\"entry-title\">T\u00e9ma 1 \u2013 Ot\u00e1zky na testovanie va\u0161ich vedomost\u00ed<\/h3>\n\t\t\t\t\t\t\t\t<div class=\"ld_course_grid_button\"><a class=\"btn btn-primary\" role=\"button\" href=\"https:\/\/everlearning.io\/sk\/quizzes\/tema-1-otazky-na-testovanie-vasich-vedomosti\/\" rel=\"bookmark\">See More<\/a><\/div>\n\t\t\t\t\t\t\t<\/div><!-- .entry-header -->\n\t\t\t<\/article><!-- #post-## -->\n<\/div><!-- .ld_course_grid -->\n<!-- LearnDash Course Grid v1 --><div class=\"ld_course_grid col-sm-8 col-md-4 \">\n\t<article id=\"post-4892\" class=\" thumbnail course post-4892 sfwd-quiz type-sfwd-quiz status-publish hentry\">\n\t\t\t\t\t\n\t\t\t\t\t\t<a href=\"https:\/\/everlearning.io\/sk\/quizzes\/kviz-1-3\/\" rel=\"bookmark\">\n\t\t\t\t<img decoding=\"async\" alt=\"\" src=\"https:\/\/everlearning.io\/wp-content\/plugins\/learndash-course-grid\/assets\/img\/thumbnail.jpg\"\/>\n\t\t\t<\/a>\n\t\t\t\t\t\n\t\t\t\t\t<div class=\"caption\">\n\t\t\t\t<h3 class=\"entry-title\">Kv\u00edz 1<\/h3>\n\t\t\t\t\t\t\t\t<div class=\"ld_course_grid_button\"><a class=\"btn btn-primary\" role=\"button\" href=\"https:\/\/everlearning.io\/sk\/quizzes\/kviz-1-3\/\" rel=\"bookmark\">See More<\/a><\/div>\n\t\t\t\t\t\t\t<\/div><!-- .entry-header -->\n\t\t\t<\/article><!-- #post-## -->\n<\/div><!-- .ld_course_grid -->\n<!-- LearnDash Course Grid v1 --><div class=\"ld_course_grid col-sm-8 col-md-4 \">\n\t<article id=\"post-4885\" class=\" thumbnail course post-4885 sfwd-quiz type-sfwd-quiz status-publish hentry\">\n\t\t\t\t\t\n\t\t\t\t\t\t<a href=\"https:\/\/everlearning.io\/sk\/quizzes\/aktivita-3-kviz-o-umelej-inteligencii\/\" rel=\"bookmark\">\n\t\t\t\t<img decoding=\"async\" alt=\"\" src=\"https:\/\/everlearning.io\/wp-content\/plugins\/learndash-course-grid\/assets\/img\/thumbnail.jpg\"\/>\n\t\t\t<\/a>\n\t\t\t\t\t\n\t\t\t\t\t<div class=\"caption\">\n\t\t\t\t<h3 class=\"entry-title\">Aktivita 3: Kv\u00edz o umelej inteligencii<\/h3>\n\t\t\t\t\t\t\t\t<div class=\"ld_course_grid_button\"><a class=\"btn btn-primary\" role=\"button\" href=\"https:\/\/everlearning.io\/sk\/quizzes\/aktivita-3-kviz-o-umelej-inteligencii\/\" rel=\"bookmark\">See More<\/a><\/div>\n\t\t\t\t\t\t\t<\/div><!-- .entry-header -->\n\t\t\t<\/article><!-- #post-## -->\n<\/div><!-- .ld_course_grid -->\n<!-- LearnDash Course Grid v1 --><div class=\"ld_course_grid col-sm-8 col-md-4 \">\n\t<article id=\"post-4880\" class=\" thumbnail course post-4880 sfwd-quiz type-sfwd-quiz status-publish hentry\">\n\t\t\t\t\t\n\t\t\t\t\t\t<a href=\"https:\/\/everlearning.io\/sk\/quizzes\/zaverecny-kviz\/\" rel=\"bookmark\">\n\t\t\t\t<img decoding=\"async\" alt=\"\" src=\"https:\/\/everlearning.io\/wp-content\/plugins\/learndash-course-grid\/assets\/img\/thumbnail.jpg\"\/>\n\t\t\t<\/a>\n\t\t\t\t\t\n\t\t\t\t\t<div class=\"caption\">\n\t\t\t\t<h3 class=\"entry-title\">Z\u00e1vere\u010dn\u00fd kv\u00edz<\/h3>\n\t\t\t\t\t\t\t\t<div class=\"ld_course_grid_button\"><a class=\"btn btn-primary\" role=\"button\" href=\"https:\/\/everlearning.io\/sk\/quizzes\/zaverecny-kviz\/\" rel=\"bookmark\">See More<\/a><\/div>\n\t\t\t\t\t\t\t<\/div><!-- .entry-header -->\n\t\t\t<\/article><!-- #post-## -->\n<\/div><!-- .ld_course_grid -->\n\t<\/div>\n\t<div class=\"learndash-pager learndash-pager-course_list\" data-nonce=\"f643198cad\" >\t\t<span class=\"pager-left\">\n\t\t\t<a\n\t\t\t\t\t\tdata-paged=\"1\" class=\"disabled\"  disabled=\"disabled\"  title=\"First Page\">&laquo;<\/a>\n\t\t\t<a  data-paged=\"1\" class=\"disabled\"  disabled=\"disabled\"  title=\"Previous Page\">&lsaquo;<\/a>\n\t\t<\/span>\n\t\t<span class=\"pager-right\">\n\t\t\t<a \tdata-paged=\"2\" class=\"\"  title=\"Next Page\">&rsaquo;<\/a>\n\n\t\t\t<a  data-paged=\"2\" class=\"\"  title=\"Last Page\">&raquo;<\/a>\n\t\t<\/span>\n\t\t<span class=\"pager-legend\">\n\t\t\t<span class=\"pagedisplay\">page <span class=\"current_page\">1<\/span> \/ <span class=\"total_pages\">2<\/span><\/span>\n\t\t<\/span>\n\t\t<\/div>\t\t<\/div>\n\t\t\n","protected":false},"excerpt":{"rendered":"","protected":false},"author":1,"featured_media":0,"parent":0,"menu_order":0,"comment_status":"closed","ping_status":"closed","template":"","meta":{"_acf_changed":false,"_bbp_topic_count":0,"_bbp_reply_count":0,"_bbp_total_topic_count":0,"_bbp_total_reply_count":0,"_bbp_voice_count":0,"_bbp_anonymous_reply_count":0,"_bbp_topic_count_hidden":0,"_bbp_reply_count_hidden":0,"_bbp_forum_subforum_count":0,"_uag_custom_page_level_css":"","_kad_post_transparent":"","_kad_post_title":"","_kad_post_layout":"","_kad_post_sidebar_id":"","_kad_post_content_style":"","_kad_post_vertical_padding":"","_kad_post_feature":"","_kad_post_feature_position":"","_kad_post_header":false,"_kad_post_footer":false,"footnotes":""},"class_list":["post-2541","page","type-page","status-publish","hentry"],"acf":[],"uagb_featured_image_src":{"full":false,"thumbnail":false,"medium":false,"medium_large":false,"large":false,"1536x1536":false,"2048x2048":false},"uagb_author_info":{"display_name":"Admin","author_link":"https:\/\/everlearning.io\/sk\/author\/admin\/"},"uagb_comment_info":0,"uagb_excerpt":null,"_links":{"self":[{"href":"https:\/\/everlearning.io\/sk\/wp-json\/wp\/v2\/pages\/2541","targetHints":{"allow":["GET"]}}],"collection":[{"href":"https:\/\/everlearning.io\/sk\/wp-json\/wp\/v2\/pages"}],"about":[{"href":"https:\/\/everlearning.io\/sk\/wp-json\/wp\/v2\/types\/page"}],"author":[{"embeddable":true,"href":"https:\/\/everlearning.io\/sk\/wp-json\/wp\/v2\/users\/1"}],"replies":[{"embeddable":true,"href":"https:\/\/everlearning.io\/sk\/wp-json\/wp\/v2\/comments?post=2541"}],"version-history":[{"count":1,"href":"https:\/\/everlearning.io\/sk\/wp-json\/wp\/v2\/pages\/2541\/revisions"}],"predecessor-version":[{"id":2542,"href":"https:\/\/everlearning.io\/sk\/wp-json\/wp\/v2\/pages\/2541\/revisions\/2542"}],"wp:attachment":[{"href":"https:\/\/everlearning.io\/sk\/wp-json\/wp\/v2\/media?parent=2541"}],"curies":[{"name":"wp","href":"https:\/\/api.w.org\/{rel}","templated":true}]}}