

{"id":2496,"date":"2024-08-05T15:25:25","date_gmt":"2024-08-05T09:55:25","guid":{"rendered":"https:\/\/everlearning.io\/o-nas-2\/"},"modified":"2024-08-09T12:58:57","modified_gmt":"2024-08-09T07:28:57","slug":"o-nas-2","status":"publish","type":"page","link":"https:\/\/everlearning.io\/sk\/o-nas-2\/","title":{"rendered":"O n\u00e1s #2"},"content":{"rendered":"\n<div class=\"wp-block-uagb-advanced-heading uagb-block-33fbca50\"><h2 class=\"uagb-heading-text\">V\u00e1\u0161 atrakt\u00edvny nadpis<\/h2><p class=\"uagb-desc-text\">Lorem Ipsum je jednoducho fikt\u00edvny text tla\u010diarensk\u00e9ho a sadzobn\u00e9ho priemyslu. Lorem Ipsum m\u00e1 by\u0165<\/p><\/div>\n\n<div class=\"wp-block-uagb-container uagb-block-649682a2 alignfull uagb-is-root-container\"><div class=\"uagb-container-inner-blocks-wrap\">\n<div class=\"wp-block-uagb-container uagb-block-112d5387\">\n<div class=\"wp-block-uagb-advanced-heading uagb-block-57a7282e\"><h3 class=\"uagb-heading-text\">V\u00e1\u0161 atrakt\u00edvny nadpis<\/h3><\/div>\n\n\n\n<p><strong>Lorem Ipsum<\/strong> je jednoducho fikt\u00edvny text tla\u010diarensk\u00e9ho a sadzobn\u00e9ho priemyslu. Lorem Ipsum je \u0161tandardn\u00fdm fikt\u00edvnym textom v odvetv\u00ed od roku 1500, ke\u010f nezn\u00e1my tla\u010diar vzal gal\u00e9riu p\u00edsma a skrambloval ju, aby vytvoril knihu vzorov p\u00edsma. Pre\u017eila nielen p\u00e4\u0165 storo\u010d\u00ed, ale aj skok do elektronickej tla\u010de, zostala1<\/p>\n\n\n\n<p>v podstate nezmenen\u00e9. Spopularizoval sa v 60. rokoch 20. storo\u010dia vydan\u00edm h\u00e1rkov Letraset obsahuj\u00facich pas\u00e1\u017ee Lorem Ipsum a v poslednom \u010dase aj v\u010faka softv\u00e9ru na publikovanie na po\u010d\u00edta\u010di, ako je Aldus PageMaker, ktor\u00fd obsahuje verzie Lorem Ipsum.<\/p>\n<\/div>\n\n\n\n<div class=\"wp-block-uagb-container uagb-block-92afbcf5\">\n<figure class=\"wp-block-image size-full has-custom-border\"><img loading=\"lazy\" decoding=\"async\" width=\"530\" height=\"623\" src=\"https:\/\/everlearning.io\/wp-content\/uploads\/2024\/06\/Solutions.png\" alt=\"\" class=\"wp-image-569\" style=\"border-radius:5px\" srcset=\"https:\/\/everlearning.io\/wp-content\/uploads\/2024\/06\/Solutions.png 530w, https:\/\/everlearning.io\/wp-content\/uploads\/2024\/06\/Solutions-255x300.png 255w\" sizes=\"auto, (max-width: 530px) 100vw, 530px\" \/><\/figure>\n<\/div>\n<\/div><\/div>\n\n<div class=\"wp-block-uagb-advanced-heading uagb-block-1f6e2b2e\"><h2 class=\"uagb-heading-text\">Na\u0161e poslanie<\/h2><p class=\"uagb-desc-text\">Na\u0161a spolo\u010dnos\u0165 vznikla v m\u00e1ji 2016 zl\u00fa\u010den\u00edm dvoch spolo\u010dnost\u00ed, RMS Parts a Prime Electronics. Tieto spolo\u010dnosti maj\u00fa spolo\u010dne viac ako 40 rokov bohat\u00fdch sk\u00fasenost\u00ed v oblasti elektronick\u00fdch s\u00fa\u010diastok a n\u00e1hradn\u00fdch dielov. Pozn\u00e1me elektroniku!<\/p><\/div>\n\n<div class=\"wp-block-uagb-container uagb-block-a81d605c alignfull uagb-is-root-container\"><div class=\"uagb-container-inner-blocks-wrap\">\n<h2 class=\"wp-block-heading has-text-align-center\">Na\u0161e partnerstvo<\/h2>\n\n\n<style>.kb-row-layout-id1081_dcc7d3-d5 > .kt-row-column-wrap{align-content:start;}:where(.kb-row-layout-id1081_dcc7d3-d5 > .kt-row-column-wrap) > .wp-block-kadence-column{justify-content:start;}.kb-row-layout-id1081_dcc7d3-d5 > .kt-row-column-wrap{column-gap:var(--global-kb-gap-md, 2rem);row-gap:var(--global-kb-gap-md, 2rem);padding-top:var(--global-kb-spacing-sm, 1.5rem);padding-bottom:var(--global-kb-spacing-sm, 1.5rem);grid-template-columns:repeat(4, minmax(0, 1fr));}.kb-row-layout-id1081_dcc7d3-d5 > .kt-row-layout-overlay{opacity:0.30;}@media all and (max-width: 1024px){.kb-row-layout-id1081_dcc7d3-d5 > .kt-row-column-wrap{grid-template-columns:repeat(4, minmax(0, 1fr));}}@media all and (max-width: 767px){.kb-row-layout-id1081_dcc7d3-d5 > .kt-row-column-wrap{grid-template-columns:minmax(0, 1fr);}}<\/style><div class=\"kb-row-layout-wrap kb-row-layout-id1081_dcc7d3-d5 alignnone wp-block-kadence-rowlayout\"><div class=\"kt-row-column-wrap kt-has-4-columns kt-row-layout-equal kt-tab-layout-inherit kt-mobile-layout-row kt-row-valign-top\">\n<style>.kadence-column1081_afa67a-ad > .kt-inside-inner-col,.kadence-column1081_afa67a-ad > .kt-inside-inner-col:before{border-top-left-radius:0px;border-top-right-radius:0px;border-bottom-right-radius:0px;border-bottom-left-radius:0px;}.kadence-column1081_afa67a-ad > .kt-inside-inner-col{column-gap:var(--global-kb-gap-sm, 1rem);}.kadence-column1081_afa67a-ad > .kt-inside-inner-col{flex-direction:column;}.kadence-column1081_afa67a-ad > .kt-inside-inner-col > .aligncenter{width:100%;}.kadence-column1081_afa67a-ad > .kt-inside-inner-col:before{opacity:0.3;}.kadence-column1081_afa67a-ad{position:relative;}@media all and (max-width: 1024px){.kadence-column1081_afa67a-ad > .kt-inside-inner-col{flex-direction:column;}}@media all and (max-width: 767px){.kadence-column1081_afa67a-ad > .kt-inside-inner-col{flex-direction:column;}}<\/style>\n<div class=\"wp-block-kadence-column kadence-column1081_afa67a-ad\"><div class=\"kt-inside-inner-col\">\n<div class=\"wp-block-uagb-team uagb-team__image-position-above uagb-team__align-center uagb-team__stack-tablet uagb-block-8c03b4c4\"><div class=\"uagb-team__content\"><img decoding=\"async\" class=\"uagb-team__image-crop-circle\" src=\"https:\/\/everlearning.io\/wp-content\/uploads\/2024\/07\/Rectangle-202-3-150x150.png\" alt=\"\" height=\"100\" width=\"100\" loading=\"lazy\"\/><h3 class=\"uagb-team__title\">John Doe<\/h3><span class=\"uagb-team__prefix\"><\/span><p class=\"uagb-team__desc\">Ak chcete zmeni\u0165 tento text, kliknite sem. Lorem ipsum dolor sit amet, consectetur adipiscing elit. Ut elit tellus, luctus nec ullamcorper mattis, pulvinar dapibus leo.<\/p><\/div><\/div>\n<\/div><\/div>\n\n\n<style>.kadence-column1081_3119fe-c1 > .kt-inside-inner-col,.kadence-column1081_3119fe-c1 > .kt-inside-inner-col:before{border-top-left-radius:0px;border-top-right-radius:0px;border-bottom-right-radius:0px;border-bottom-left-radius:0px;}.kadence-column1081_3119fe-c1 > .kt-inside-inner-col{column-gap:var(--global-kb-gap-sm, 1rem);}.kadence-column1081_3119fe-c1 > .kt-inside-inner-col{flex-direction:column;}.kadence-column1081_3119fe-c1 > .kt-inside-inner-col > .aligncenter{width:100%;}.kadence-column1081_3119fe-c1 > .kt-inside-inner-col:before{opacity:0.3;}.kadence-column1081_3119fe-c1{position:relative;}@media all and (max-width: 1024px){.kadence-column1081_3119fe-c1 > .kt-inside-inner-col{flex-direction:column;}}@media all and (max-width: 767px){.kadence-column1081_3119fe-c1 > .kt-inside-inner-col{flex-direction:column;}}<\/style>\n<div class=\"wp-block-kadence-column kadence-column1081_3119fe-c1\"><div class=\"kt-inside-inner-col\">\n<div class=\"wp-block-uagb-team uagb-team__image-position-above uagb-team__align-center uagb-team__stack-tablet uagb-block-a8ef56a0\"><div class=\"uagb-team__content\"><img decoding=\"async\" class=\"uagb-team__image-crop-circle\" src=\"https:\/\/everlearning.io\/wp-content\/uploads\/2024\/07\/2c7d99fe281ecd3bcd65ab915bac6dd5-150x150.jpeg\" alt=\"\" height=\"100\" width=\"100\" loading=\"lazy\"\/><h3 class=\"uagb-team__title\">Mark Adem<\/h3><span class=\"uagb-team__prefix\"><\/span><p class=\"uagb-team__desc\">Ak chcete zmeni\u0165 tento text, kliknite sem. Lorem ipsum dolor sit amet, consectetur adipiscing elit. Ut elit tellus, luctus nec ullamcorper mattis, pulvinar dapibus leo.<\/p><\/div><\/div>\n<\/div><\/div>\n\n\n<style>.kadence-column1081_b26689-27 > .kt-inside-inner-col,.kadence-column1081_b26689-27 > .kt-inside-inner-col:before{border-top-left-radius:0px;border-top-right-radius:0px;border-bottom-right-radius:0px;border-bottom-left-radius:0px;}.kadence-column1081_b26689-27 > .kt-inside-inner-col{column-gap:var(--global-kb-gap-sm, 1rem);}.kadence-column1081_b26689-27 > .kt-inside-inner-col{flex-direction:column;}.kadence-column1081_b26689-27 > .kt-inside-inner-col > .aligncenter{width:100%;}.kadence-column1081_b26689-27 > .kt-inside-inner-col:before{opacity:0.3;}.kadence-column1081_b26689-27{position:relative;}@media all and (max-width: 1024px){.kadence-column1081_b26689-27 > .kt-inside-inner-col{flex-direction:column;}}@media all and (max-width: 767px){.kadence-column1081_b26689-27 > .kt-inside-inner-col{flex-direction:column;}}<\/style>\n<div class=\"wp-block-kadence-column kadence-column1081_b26689-27\"><div class=\"kt-inside-inner-col\">\n<div class=\"wp-block-uagb-team uagb-team__image-position-above uagb-team__align-center uagb-team__stack-tablet uagb-block-dfd76220\"><div class=\"uagb-team__content\"><img decoding=\"async\" class=\"uagb-team__image-crop-circle\" src=\"https:\/\/everlearning.io\/wp-content\/uploads\/2024\/06\/Solutions-150x150.png\" alt=\"\" height=\"100\" width=\"100\" loading=\"lazy\"\/><h3 class=\"uagb-team__title\">Liza  <\/h3><span class=\"uagb-team__prefix\"><\/span><p class=\"uagb-team__desc\">Ak chcete zmeni\u0165 tento text, kliknite sem. Lorem ipsum dolor sit amet, consectetur adipiscing elit. Ut elit tellus, luctus nec ullamcorper mattis, pulvinar dapibus leo.<\/p><\/div><\/div>\n<\/div><\/div>\n\n\n<style>.kadence-column1081_85d688-3e > .kt-inside-inner-col,.kadence-column1081_85d688-3e > .kt-inside-inner-col:before{border-top-left-radius:0px;border-top-right-radius:0px;border-bottom-right-radius:0px;border-bottom-left-radius:0px;}.kadence-column1081_85d688-3e > .kt-inside-inner-col{column-gap:var(--global-kb-gap-sm, 1rem);}.kadence-column1081_85d688-3e > .kt-inside-inner-col{flex-direction:column;}.kadence-column1081_85d688-3e > .kt-inside-inner-col > .aligncenter{width:100%;}.kadence-column1081_85d688-3e > .kt-inside-inner-col:before{opacity:0.3;}.kadence-column1081_85d688-3e{position:relative;}@media all and (max-width: 1024px){.kadence-column1081_85d688-3e > .kt-inside-inner-col{flex-direction:column;}}@media all and (max-width: 767px){.kadence-column1081_85d688-3e > .kt-inside-inner-col{flex-direction:column;}}<\/style>\n<div class=\"wp-block-kadence-column kadence-column1081_85d688-3e\"><div class=\"kt-inside-inner-col\">\n<div class=\"wp-block-uagb-team uagb-team__image-position-above uagb-team__align-center uagb-team__stack-tablet uagb-block-7b9795c3\"><div class=\"uagb-team__content\"><img decoding=\"async\" class=\"uagb-team__image-crop-circle\" src=\"https:\/\/everlearning.io\/wp-content\/plugins\/ultimate-addons-for-gutenberg\/\/admin\/assets\/images\/placeholder.png\" alt=\"\" height=\"100\" width=\"100\" loading=\"lazy\"\/><h3 class=\"uagb-team__title\">John Doe<\/h3><span class=\"uagb-team__prefix\"><\/span><p class=\"uagb-team__desc\">Ak chcete zmeni\u0165 tento text, kliknite sem. Lorem ipsum dolor sit amet, consectetur adipiscing elit. Ut elit tellus, luctus nec ullamcorper mattis, pulvinar dapibus leo.<\/p><\/div><\/div>\n<\/div><\/div>\n\n<\/div><\/div><\/div><\/div>\n","protected":false},"excerpt":{"rendered":"<p>V\u00e1\u0161 atrakt\u00edvny nadpis Lorem Ipsum je jednoducho fikt\u00edvny text tla\u010diarensk\u00e9ho a sadzobn\u00e9ho priemyslu. Lorem Ipsum m\u00e1 by\u0165 V\u00e1\u0161 atrakt\u00edvny nadpis Lorem Ipsum je jednoducho fikt\u00edvny text tla\u010diarensk\u00e9ho a sadzobn\u00e9ho priemyslu. Lorem Ipsum je \u0161tandardn\u00fdm fikt\u00edvnym textom v odvetv\u00ed od roku 1500, ke\u010f nezn\u00e1my tla\u010diar vzal gal\u00e9riu p\u00edsma a skrambloval ju, aby vytvoril knihu vzorov p\u00edsma&#8230;.<\/p>\n","protected":false},"author":1,"featured_media":0,"parent":0,"menu_order":0,"comment_status":"closed","ping_status":"closed","template":"","meta":{"_acf_changed":false,"_bbp_topic_count":0,"_bbp_reply_count":0,"_bbp_total_topic_count":0,"_bbp_total_reply_count":0,"_bbp_voice_count":0,"_bbp_anonymous_reply_count":0,"_bbp_topic_count_hidden":0,"_bbp_reply_count_hidden":0,"_bbp_forum_subforum_count":0,"_uag_custom_page_level_css":"","_kad_post_transparent":"","_kad_post_title":"","_kad_post_layout":"","_kad_post_sidebar_id":"","_kad_post_content_style":"","_kad_post_vertical_padding":"","_kad_post_feature":"","_kad_post_feature_position":"","_kad_post_header":false,"_kad_post_footer":false,"footnotes":""},"class_list":["post-2496","page","type-page","status-publish","hentry"],"acf":[],"uagb_featured_image_src":{"full":false,"thumbnail":false,"medium":false,"medium_large":false,"large":false,"1536x1536":false,"2048x2048":false},"uagb_author_info":{"display_name":"Admin","author_link":"https:\/\/everlearning.io\/sk\/author\/admin\/"},"uagb_comment_info":0,"uagb_excerpt":"V\u00e1\u0161 atrakt\u00edvny nadpis Lorem Ipsum je jednoducho fikt\u00edvny text tla\u010diarensk\u00e9ho a sadzobn\u00e9ho priemyslu. Lorem Ipsum m\u00e1 by\u0165 V\u00e1\u0161 atrakt\u00edvny nadpis Lorem Ipsum je jednoducho fikt\u00edvny text tla\u010diarensk\u00e9ho a sadzobn\u00e9ho priemyslu. Lorem Ipsum je \u0161tandardn\u00fdm fikt\u00edvnym textom v odvetv\u00ed od roku 1500, ke\u010f nezn\u00e1my tla\u010diar vzal gal\u00e9riu p\u00edsma a skrambloval ju, aby vytvoril knihu vzorov p\u00edsma....","_links":{"self":[{"href":"https:\/\/everlearning.io\/sk\/wp-json\/wp\/v2\/pages\/2496","targetHints":{"allow":["GET"]}}],"collection":[{"href":"https:\/\/everlearning.io\/sk\/wp-json\/wp\/v2\/pages"}],"about":[{"href":"https:\/\/everlearning.io\/sk\/wp-json\/wp\/v2\/types\/page"}],"author":[{"embeddable":true,"href":"https:\/\/everlearning.io\/sk\/wp-json\/wp\/v2\/users\/1"}],"replies":[{"embeddable":true,"href":"https:\/\/everlearning.io\/sk\/wp-json\/wp\/v2\/comments?post=2496"}],"version-history":[{"count":1,"href":"https:\/\/everlearning.io\/sk\/wp-json\/wp\/v2\/pages\/2496\/revisions"}],"predecessor-version":[{"id":2497,"href":"https:\/\/everlearning.io\/sk\/wp-json\/wp\/v2\/pages\/2496\/revisions\/2497"}],"wp:attachment":[{"href":"https:\/\/everlearning.io\/sk\/wp-json\/wp\/v2\/media?parent=2496"}],"curies":[{"name":"wp","href":"https:\/\/api.w.org\/{rel}","templated":true}]}}