

{"id":915,"date":"2024-06-18T11:01:25","date_gmt":"2024-06-18T05:31:25","guid":{"rendered":"https:\/\/everlearning.io\/home\/"},"modified":"2024-10-10T10:20:58","modified_gmt":"2024-10-10T04:50:58","slug":"domov","status":"publish","type":"page","link":"https:\/\/everlearning.io\/cs\/","title":{"rendered":"Home"},"content":{"rendered":"\n<div class=\"wp-block-uagb-container hero-banner-section uagb-block-e5ee524b alignfull uagb-is-root-container\"><div class=\"uagb-container-inner-blocks-wrap\">\n<div class=\"wp-block-uagb-container tag-line uagb-block-ff28be30\">\n<p>Nau\u010dte se s n\u00e1mi nov\u00e9 dovednosti online<\/p>\n\n\n\n<h2 class=\"wp-block-heading\"><strong><mark style=\"background-color:rgba(0, 0, 0, 0)\" class=\"has-inline-color has-theme-palette-2-color\">Vyzkou\u0161ejte si vzd\u011bl\u00e1vac\u00ed platformu, kter\u00e1 v\u00e1s posune na vy\u0161\u0161\u00ed \u00farove\u0148<\/mark><\/strong><\/h2>\n\n\n\n<p>EverLearning je inovativn\u00ed a modern\u00ed e-learningov\u00e1 platforma, kter\u00e1 poskytuje \u0161pi\u010dkov\u00e9 kurzy kombinuj\u00edc\u00ed akademickou dokonalost s praktickou vyu\u017eitelnost\u00ed.\nKurzy se zam\u011b\u0159uj\u00ed na zlep\u0161ov\u00e1n\u00ed digit\u00e1ln\u00edch a m\u011bkk\u00fdch dovednost\u00ed zejm\u00e9na u zral\u00fdch student\u016f. <\/p>\n\n\n\n<p>Vyberte si z atraktivn\u00ed nab\u00eddky na\u0161ich kurz\u016f a zlep\u0161ete sv\u00e9 digit\u00e1ln\u00ed a m\u011bkk\u00e9 dovednosti je\u0161t\u011b dnes!<\/p>\n\n\n\n<div class=\"wp-block-buttons banner-btn button-1 is-layout-flex wp-block-buttons-is-layout-flex\">\n<div class=\"wp-block-button\"><a class=\"wp-block-button__link wp-element-button\" href=\"https:\/\/everlearning.io\/courses\/\">Prozkoumat v\u0161echny kurzy<\/a><\/div>\n<\/div>\n<\/div>\n\n\n\n<div class=\"wp-block-uagb-container banner-right-img uagb-block-4900fb01\"><div class=\"wp-block-image\">\n<figure class=\"alignright size-full\"><img loading=\"lazy\" decoding=\"async\" width=\"600\" height=\"475\" src=\"https:\/\/everlearning.io\/wp-content\/uploads\/2024\/07\/banner-bg.png\" alt=\"\" class=\"wp-image-971\" srcset=\"https:\/\/everlearning.io\/wp-content\/uploads\/2024\/07\/banner-bg.png 600w, https:\/\/everlearning.io\/wp-content\/uploads\/2024\/07\/banner-bg-300x238.png 300w\" sizes=\"auto, (max-width: 600px) 100vw, 600px\" \/><\/figure>\n<\/div><\/div>\n<\/div><\/div>\n\n<div class=\"wp-block-uagb-container uagb-block-14194c1e alignfull uagb-is-root-container\"><div class=\"uagb-container-inner-blocks-wrap\">\n<div class=\"wp-block-group recent-blog-wrap\" style=\"padding-top:0;padding-bottom:0\"><div class=\"wp-block-group__inner-container is-layout-constrained wp-block-group-is-layout-constrained\">\n<div class=\"wp-block-uagb-advanced-heading uagb-block-8883201a\"><h2 class=\"uagb-heading-text\">Ned\u00e1vno p\u0159idan\u00e9 vzd\u011bl\u00e1vac\u00ed kurzy<\/h2><p class=\"uagb-desc-text\">Nejn\u00e1ro\u010dn\u011bj\u0161\u00ed kurzy v budoucnosti. Kurz obchodn\u00ed komunikace. Diplom v oblasti \u0159\u00edzen\u00ed bezpe\u010dnosti a ochrany \u017eivotn\u00edho prost\u0159ed\u00ed. Kurz digit\u00e1ln\u00edho marketingu online.<\/p><\/div>\n\n\n\n<div class=\"wp-block-buttons uag-hide-mob is-layout-flex wp-block-buttons-is-layout-flex\">\n<div class=\"wp-block-button\"><a class=\"wp-block-button__link wp-element-button\" href=\"https:\/\/everlearning.io\/courses\/\">Zobrazit v\u0161echny kurzy<\/a><\/div>\n<\/div>\n<\/div><\/div>\n\n\n<div class=\"everlearning-courses-grid\"><div class=\"everlearning-course\">\n    <a href=\"https:\/\/everlearning.io\/cs\/courses\/adaptability-and-teamwork-for-workplace\/\">\n        <div class=\"everlearning-course-image\">\n            <img decoding=\"async\" src=\"https:\/\/everlearning.io\/wp-content\/uploads\/2024\/09\/DALL\u00b7E-2024-10-31-19.14.22-A-professional-course-cover-image-for-Adaptability-and-Teamwork-for-Workplace.-The-design-should-be-friendly-and-inviting-featuring-themes-of-colla-300x300.webp\" alt=\"Adaptability and Teamwork for Workplace\">\n        <\/div>\n        <div class=\"everlearning-course-content\">\n            <div class=\"course-wrap\">\n                               \n                <h3>Adaptability and Teamwork for Workplace<\/h3>\n\n                <div class=\"everlearning-course-lessons\">\n                     <span class=\"ev-lbl\"><strong> Lekce<\/strong> :<\/span> <span class=\"ev-val\">1 <\/span>\n                <\/div>\n                                                             <\/div>\n        <\/div>\n    <\/a>\n    <div class=\"everlearning-course-content\">\n        <div class=\"course-author-avatar-wrap d-flex flex-wrap justify-content-between align-items-center\">\n            <a href=\"https:\/\/everlearning.io\/cs\/author\/ondrej-pavelek\/\">    \n                <div class=\"everlearning-course-author-avtar\">\n                    <img decoding=\"async\" src=\"https:\/\/everlearning.io\/wp-content\/uploads\/2024\/09\/Pavelek-150x150.png\" \/>\n                    <div class=\"everlearning-course-author\">Ondrej Pavelek<\/div>\n                <\/div>\n            <\/a>\n            <div class=\"everlearning-course-price\">\n                Uvolnit            <\/div>\n        <\/div>\n    <\/div>\n<\/div><\/div>\n\n\n\n<div class=\"wp-block-buttons alignfull uag-hide-desktop uag-hide-tab is-content-justification-center is-layout-flex wp-container-core-buttons-is-layout-7b14463a wp-block-buttons-is-layout-flex\" style=\"margin-top:50px;margin-bottom:0\">\n<div class=\"wp-block-button\"><a class=\"wp-block-button__link wp-element-button\" href=\"https:\/\/everlearning.io\/courses\/\">Zobrazit v\u0161echny kurzy<\/a><\/div>\n<\/div>\n<\/div><\/div>\n\n<div class=\"wp-block-uagb-container uagb-block-71dedc5a alignfull uagb-is-root-container\"><div class=\"uagb-container-inner-blocks-wrap\">\n<div class=\"wp-block-uagb-advanced-heading uagb-block-6ee951a9\"><h2 class=\"uagb-heading-text\">Online kurzy pro d\u00e1lkov\u00e9 vzd\u011bl\u00e1v\u00e1n\u00ed<\/h2><p class=\"uagb-desc-text\">A\u0165 u\u017e je va\u0161\u00edm c\u00edlem cokoli, nau\u010dte se spole\u010dn\u011b spoustu v\u011bc\u00ed a z\u00edskejte nov\u00e9 dovednosti. \u0160kolen\u00ed a rozvoj na sv\u011btov\u00e9 \u00farovni.<\/p><\/div>\n\n\n\n<div class=\"wp-block-uagb-container uagb-block-ce7afdb9\">\n<div class=\"wp-block-uagb-container uagb-block-f9f1d9e4\"><style>.kb-row-layout-id110_099f42-a9 > .kt-row-column-wrap{align-content:start;}:where(.kb-row-layout-id110_099f42-a9 > .kt-row-column-wrap) > .wp-block-kadence-column{justify-content:start;}.kb-row-layout-id110_099f42-a9 > .kt-row-column-wrap{column-gap:var(--global-kb-gap-md, 2rem);row-gap:var(--global-kb-gap-md, 2rem);grid-template-columns:repeat(4, minmax(0, 1fr));}.kb-row-layout-id110_099f42-a9 > .kt-row-layout-overlay{opacity:0.30;}@media all and (max-width: 1024px){.kb-row-layout-id110_099f42-a9 > .kt-row-column-wrap{grid-template-columns:repeat(4, minmax(0, 1fr));}}@media all and (max-width: 767px){.kb-row-layout-id110_099f42-a9 > .kt-row-column-wrap{grid-template-columns:minmax(0, 1fr);}}<\/style><div class=\"kb-row-layout-wrap kb-row-layout-id110_099f42-a9 alignnone online-courses-section wp-block-kadence-rowlayout\"><div class=\"kt-row-column-wrap kt-has-4-columns kt-row-layout-equal kt-tab-layout-inherit kt-mobile-layout-row kt-row-valign-top\">\n<style>.kadence-column110_e10d09-96 > .kt-inside-inner-col,.kadence-column110_e10d09-96 > .kt-inside-inner-col:before{border-top-left-radius:0px;border-top-right-radius:0px;border-bottom-right-radius:0px;border-bottom-left-radius:0px;}.kadence-column110_e10d09-96 > .kt-inside-inner-col{column-gap:var(--global-kb-gap-sm, 1rem);}.kadence-column110_e10d09-96 > .kt-inside-inner-col{flex-direction:column;}.kadence-column110_e10d09-96 > .kt-inside-inner-col > .aligncenter{width:100%;}.kadence-column110_e10d09-96 > .kt-inside-inner-col:before{opacity:0.3;}.kadence-column110_e10d09-96{position:relative;}@media all and (max-width: 1024px){.kadence-column110_e10d09-96 > .kt-inside-inner-col{flex-direction:column;}}@media all and (max-width: 767px){.kadence-column110_e10d09-96 > .kt-inside-inner-col{flex-direction:column;}}<\/style>\n<div class=\"wp-block-kadence-column kadence-column110_e10d09-96 online-courses-inner\"><div class=\"kt-inside-inner-col\"><div class=\"wp-block-image\">\n<figure class=\"aligncenter size-full\"><img loading=\"lazy\" decoding=\"async\" width=\"73\" height=\"79\" src=\"https:\/\/everlearning.io\/wp-content\/uploads\/2024\/06\/Black.png\" alt=\"\" class=\"wp-image-448\"\/><\/figure>\n<\/div>\n\n\n<div class=\"wp-block-uagb-advanced-heading uagb-block-739e6a47\"><h4 class=\"uagb-heading-text\">Online kurzy<\/h4><p class=\"uagb-desc-text\">Nab\u00edz\u00edme \u0161irokou \u0161k\u00e1lu kurz\u016f pro v\u0161echny v\u011bkov\u00e9 kategorie a \u00farovn\u011b.<\/p><\/div>\n<\/div><\/div>\n\n\n<style>.kadence-column110_5bca9b-ca > .kt-inside-inner-col,.kadence-column110_5bca9b-ca > .kt-inside-inner-col:before{border-top-left-radius:0px;border-top-right-radius:0px;border-bottom-right-radius:0px;border-bottom-left-radius:0px;}.kadence-column110_5bca9b-ca > .kt-inside-inner-col{column-gap:var(--global-kb-gap-sm, 1rem);}.kadence-column110_5bca9b-ca > .kt-inside-inner-col{flex-direction:column;}.kadence-column110_5bca9b-ca > .kt-inside-inner-col > .aligncenter{width:100%;}.kadence-column110_5bca9b-ca > .kt-inside-inner-col:before{opacity:0.3;}.kadence-column110_5bca9b-ca{position:relative;}@media all and (max-width: 1024px){.kadence-column110_5bca9b-ca > .kt-inside-inner-col{flex-direction:column;}}@media all and (max-width: 767px){.kadence-column110_5bca9b-ca > .kt-inside-inner-col{flex-direction:column;}}<\/style>\n<div class=\"wp-block-kadence-column kadence-column110_5bca9b-ca online-courses-inner\"><div class=\"kt-inside-inner-col\"><div class=\"wp-block-image\">\n<figure class=\"aligncenter size-full\"><img loading=\"lazy\" decoding=\"async\" width=\"59\" height=\"79\" src=\"https:\/\/everlearning.io\/wp-content\/uploads\/2024\/06\/Black-1.png\" alt=\"\" class=\"wp-image-445\"\/><\/figure>\n<\/div>\n\n\n<div class=\"wp-block-uagb-advanced-heading uagb-block-8d879986\"><h4 class=\"uagb-heading-text\">Osobn\u00ed u\u010ditel<\/h4><p class=\"uagb-desc-text\">Pro lep\u0161\u00ed soust\u0159ed\u011bn\u00ed si m\u016f\u017eete zvolit individu\u00e1ln\u00ed studijn\u00ed pl\u00e1n.<\/p><\/div>\n<\/div><\/div>\n\n\n<style>.kadence-column110_4e0b92-16 > .kt-inside-inner-col,.kadence-column110_4e0b92-16 > .kt-inside-inner-col:before{border-top-left-radius:0px;border-top-right-radius:0px;border-bottom-right-radius:0px;border-bottom-left-radius:0px;}.kadence-column110_4e0b92-16 > .kt-inside-inner-col{column-gap:var(--global-kb-gap-sm, 1rem);}.kadence-column110_4e0b92-16 > .kt-inside-inner-col{flex-direction:column;}.kadence-column110_4e0b92-16 > .kt-inside-inner-col > .aligncenter{width:100%;}.kadence-column110_4e0b92-16 > .kt-inside-inner-col:before{opacity:0.3;}.kadence-column110_4e0b92-16{position:relative;}@media all and (max-width: 1024px){.kadence-column110_4e0b92-16 > .kt-inside-inner-col{flex-direction:column;}}@media all and (max-width: 767px){.kadence-column110_4e0b92-16 > .kt-inside-inner-col{flex-direction:column;}}<\/style>\n<div class=\"wp-block-kadence-column kadence-column110_4e0b92-16 online-courses-inner\"><div class=\"kt-inside-inner-col\"><div class=\"wp-block-image\">\n<figure class=\"aligncenter size-full\"><img loading=\"lazy\" decoding=\"async\" width=\"79\" height=\"65\" src=\"https:\/\/everlearning.io\/wp-content\/uploads\/2024\/06\/Black-2.png\" alt=\"\" class=\"wp-image-446\"\/><\/figure>\n<\/div>\n\n\n<div class=\"wp-block-uagb-advanced-heading uagb-block-a3f5d5dd\"><h4 class=\"uagb-heading-text\">V\u00fdkonn\u00fd program<\/h4><p class=\"uagb-desc-text\">Na\u0161e programy jsou v souladu s p\u0159evl\u00e1daj\u00edc\u00edmi postupy.<\/p><\/div>\n<\/div><\/div>\n\n\n<style>.kadence-column110_96a4e2-58 > .kt-inside-inner-col,.kadence-column110_96a4e2-58 > .kt-inside-inner-col:before{border-top-left-radius:0px;border-top-right-radius:0px;border-bottom-right-radius:0px;border-bottom-left-radius:0px;}.kadence-column110_96a4e2-58 > .kt-inside-inner-col{column-gap:var(--global-kb-gap-sm, 1rem);}.kadence-column110_96a4e2-58 > .kt-inside-inner-col{flex-direction:column;}.kadence-column110_96a4e2-58 > .kt-inside-inner-col > .aligncenter{width:100%;}.kadence-column110_96a4e2-58 > .kt-inside-inner-col:before{opacity:0.3;}.kadence-column110_96a4e2-58{position:relative;}@media all and (max-width: 1024px){.kadence-column110_96a4e2-58 > .kt-inside-inner-col{flex-direction:column;}}@media all and (max-width: 767px){.kadence-column110_96a4e2-58 > .kt-inside-inner-col{flex-direction:column;}}<\/style>\n<div class=\"wp-block-kadence-column kadence-column110_96a4e2-58 online-courses-inner\"><div class=\"kt-inside-inner-col\"><div class=\"wp-block-image\">\n<figure class=\"aligncenter size-full\"><img loading=\"lazy\" decoding=\"async\" width=\"79\" height=\"79\" src=\"https:\/\/everlearning.io\/wp-content\/uploads\/2024\/06\/Black-3.png\" alt=\"\" class=\"wp-image-447\"\/><\/figure>\n<\/div>\n\n\n<div class=\"wp-block-uagb-advanced-heading uagb-block-9832d825\"><h4 class=\"uagb-heading-text\">Podpora 24\/7<\/h4><p class=\"uagb-desc-text\">Pokud m\u00e1te jak\u00e9koli dotazy, m\u016f\u017eete se obr\u00e1tit na na\u0161i podporu.<\/p><\/div>\n<\/div><\/div>\n\n<\/div><\/div><\/div>\n<\/div>\n<\/div><\/div>\n\n<div class=\"wp-block-uagb-container uagb-block-5b6d3671 alignfull uagb-is-root-container\"><div class=\"uagb-container-inner-blocks-wrap\">\n<div class=\"wp-block-uagb-container uagb-block-8a8c5611\">\n<figure class=\"wp-block-image size-full has-custom-border solution-image\"><img loading=\"lazy\" decoding=\"async\" width=\"530\" height=\"623\" src=\"https:\/\/everlearning.io\/wp-content\/uploads\/2024\/06\/Solutions.png\" alt=\"\" class=\"wp-image-569\" style=\"border-style:none;border-width:0px;border-radius:20px\" srcset=\"https:\/\/everlearning.io\/wp-content\/uploads\/2024\/06\/Solutions.png 530w, https:\/\/everlearning.io\/wp-content\/uploads\/2024\/06\/Solutions-255x300.png 255w\" sizes=\"auto, (max-width: 530px) 100vw, 530px\" \/><\/figure>\n<\/div>\n\n\n\n<div class=\"wp-block-uagb-container uagb-block-124872f8\">\n<div class=\"wp-block-uagb-advanced-heading uagb-block-8ed870d9\"><h2 class=\"uagb-heading-text\"><strong>Vzd\u00e1len\u00e9 u\u010den\u00ed pro dovednosti 21. stolet\u00ed<\/strong><\/h2><\/div>\n\n\n\n<p>Na\u0161e e-learningov\u00e1 platforma p\u0159edstavuje inovativn\u00ed n\u00e1stroj pro zlep\u0161en\u00ed va\u0161ich digit\u00e1ln\u00edch a m\u011bkk\u00fdch dovednost\u00ed z pohodl\u00ed domova.\nKurzy vedou odborn\u00edci v oboru, kte\u0159\u00ed maj\u00ed dlouholet\u00e9 zku\u0161enosti s v\u00fdukou a \u0161kolen\u00edm.\nNa\u0161e kurzy kombinuj\u00ed akademickou dokonalost s praktickou vyu\u017eitelnost\u00ed.  <\/p>\n\n\n\n<p>Zaregistrujte se je\u0161t\u011b dnes a vyzkou\u0161ejte je! Vzd\u011bl\u00e1v\u00e1n\u00ed online nebylo nikdy dostupn\u011bj\u0161\u00ed!<\/p>\n\n\n\n<div class=\"wp-block-buttons is-layout-flex wp-block-buttons-is-layout-flex\">\n<div class=\"wp-block-button\"><a class=\"wp-block-button__link wp-element-button\" href=\"https:\/\/everlearning.io\/contact-us\/\">Kontaktujte n\u00e1s<\/a><\/div>\n<\/div>\n\n\n\n<div class=\"wp-block-uagb-container counter-wrap distant-hide uagb-block-a7815e76\">\n<div class=\"wp-block-group\"><div class=\"wp-block-group__inner-container is-layout-constrained wp-block-group-is-layout-constrained\">\n<p>Studenti<\/p>\n\n\n<style>.kb-count-up-110_1187bc-ce .kb-count-up-number{font-size:50px;}<\/style>\n<div class=\"wp-block-kadence-countup kb-count-up-110_1187bc-ce kb-count-up\" data-start=\"0\" data-end=\"2000\" data-prefix=\"\" data-suffix=\"+\" data-duration=\"2.5\" data-separator=\"\"><div class=\"kb-count-up-process kb-count-up-number\"><\/div><div class=\"kb-count-up-title\">Happy online graduates<\/div><\/div>\n<\/div><\/div>\n\n\n\n<div class=\"wp-block-group\"><div class=\"wp-block-group__inner-container is-layout-constrained wp-block-group-is-layout-constrained\">\n<p>U\u010ditel\u00e9<\/p>\n\n\n<style>.kb-count-up-110_dde176-7b .kb-count-up-number{font-size:50px;}<\/style>\n<div class=\"wp-block-kadence-countup kb-count-up-110_dde176-7b kb-count-up\" data-start=\"0\" data-end=\"250\" data-prefix=\"\" data-suffix=\"+\" data-duration=\"2.5\" data-separator=\"\"><div class=\"kb-count-up-process kb-count-up-number\"><\/div><div class=\"kb-count-up-title\">Throughout the world<\/div><\/div>\n<\/div><\/div>\n<\/div>\n<\/div>\n<\/div><\/div>\n\n<div class=\"wp-block-uagb-container uagb-block-da9539f4 alignfull uagb-is-root-container\"><div class=\"uagb-container-inner-blocks-wrap\">\n<div class=\"wp-block-group recent-blog-wrap\" style=\"padding-top:0;padding-bottom:0\"><div class=\"wp-block-group__inner-container is-layout-constrained wp-block-group-is-layout-constrained\">\n<div class=\"wp-block-uagb-advanced-heading uagb-block-78b6ac15\"><h2 class=\"uagb-heading-text\">Ned\u00e1vn\u00e9 blogy<\/h2><p class=\"uagb-desc-text\">Elektronick\u00fd katalog je online publikace, zpravidla str\u00e1nka HTML.<\/p><\/div>\n\n\n\n<div class=\"wp-block-buttons uag-hide-mob is-layout-flex wp-block-buttons-is-layout-flex\">\n<div class=\"wp-block-button\"><a class=\"wp-block-button__link wp-element-button\" href=\"https:\/\/everlearning.io\/blog\/\">Zobrazit v\u0161e Blog<\/a><\/div>\n<\/div>\n<\/div><\/div>\n\n\n<div class=\"everlearning-posts-grid\"><div class=\"everlearning-post\"><a href=\"https:\/\/everlearning.io\/cs\/zaklady-vyuky-jazyka-java\/\"><div class=\"everlearning-post-image\"><img decoding=\"async\" src=\"https:\/\/everlearning.io\/wp-content\/uploads\/2024\/09\/crop-female-employee-working-on-laptop-in-office-5673503-scaled.jpg\" alt=\"Z\u00e1klady v\u00fduky jazyka Java\"><\/div><div class=\"everlearning-post-content\"><span class=\"everlearning-post-date\">5 srpna, 2024<\/span><h3>Z\u00e1klady v\u00fduky jazyka Java <\/h3><span class=\"everlearning-read-more\">Read More<\/span><\/div><\/a><\/div><div class=\"everlearning-post\"><a href=\"https:\/\/everlearning.io\/cs\/standardni-cast-lorem-ipsum-pouzivana-od-roku-1500-2\/\"><div class=\"everlearning-post-image\"><img decoding=\"async\" src=\"https:\/\/everlearning.io\/wp-content\/uploads\/2024\/09\/man-in-beige-blazer-holding-tablet-computer-3184328-scaled.jpg\" alt=\"Standardn\u00ed \u010d\u00e1st Lorem Ipsum pou\u017e\u00edvan\u00e1 od roku 1500\"><\/div><div class=\"everlearning-post-content\"><span class=\"everlearning-post-date\">26 \u010dervna, 2024<\/span><h3>Standardn\u00ed \u010d\u00e1st Lorem Ipsum pou\u017e\u00edvan\u00e1 od roku 1500 <\/h3><span class=\"everlearning-read-more\">Read More<\/span><\/div><\/a><\/div><div class=\"everlearning-post\"><a href=\"https:\/\/everlearning.io\/cs\/standardni-cast-lorem-ipsum-pouzivana-od-roku-1500\/\"><div class=\"everlearning-post-image\"><img decoding=\"async\" src=\"https:\/\/everlearning.io\/wp-content\/uploads\/2024\/09\/clear-light-bulb-planter-on-gray-rock-1108572-scaled.jpg\" alt=\"Standardn\u00ed \u010d\u00e1st Lorem Ipsum pou\u017e\u00edvan\u00e1 od roku 1500\"><\/div><div class=\"everlearning-post-content\"><span class=\"everlearning-post-date\">26 \u010dervna, 2024<\/span><h3>Standardn\u00ed \u010d\u00e1st Lorem Ipsum pou\u017e\u00edvan\u00e1 od roku 1500 <\/h3><span class=\"everlearning-read-more\">Read More<\/span><\/div><\/a><\/div><\/div>\n\n\n\n<div class=\"wp-block-buttons uag-hide-desktop uag-hide-tab is-content-justification-center is-layout-flex wp-container-core-buttons-is-layout-3f9064d1 wp-block-buttons-is-layout-flex\" style=\"margin-top:30px;margin-bottom:0\">\n<div class=\"wp-block-button\"><a class=\"wp-block-button__link wp-element-button\" href=\"https:\/\/everlearning.io\/blog\/\">Zobrazit v\u0161e Blog<\/a><\/div>\n<\/div>\n<\/div><\/div>\n\n<div class=\"wp-block-uagb-container uagb-block-ed94af2a alignfull uagb-is-root-container\"><div class=\"uagb-container-inner-blocks-wrap\">\n<p class=\"has-text-align-center has-text-color has-link-color wp-elements-c82163613f7d57d22cbb4b86bcbc3a83\" style=\"color:#000000\">Financov\u00e1no Evropskou uni\u00ed. Vyj\u00e1d\u0159en\u00e9 n\u00e1zory a stanoviska jsou v\u0161ak pouze n\u00e1zory a stanoviska autora (autor\u016f) a nemus\u00ed nutn\u011b odr\u00e1\u017eet n\u00e1zory a stanoviska Evropsk\u00e9 unie nebo Slovensk\u00e9 akademick\u00e9 asociace pro mezin\u00e1rodn\u00ed spolupr\u00e1ci (Slovensk\u00e1 akademick\u00e1 asoci\u00e1cia pre medzin\u00e1rodn\u00fa<br\/>spolupr\u00e1cu). Evropsk\u00e1 unie ani org\u00e1n poskytuj\u00edc\u00ed podporu za n\u011b nemohou n\u00e9st odpov\u011bdnost.<\/p>\n\n\n<div class=\"wp-block-image\">\n<figure class=\"aligncenter size-full\"><img loading=\"lazy\" decoding=\"async\" width=\"291\" height=\"95\" src=\"https:\/\/everlearning.io\/wp-content\/uploads\/2024\/06\/image-15.png\" alt=\"\" class=\"wp-image-546\"\/><\/figure>\n<\/div><\/div><\/div>\n","protected":false},"excerpt":{"rendered":"<p>Nau\u010dte se s n\u00e1mi nov\u00e9 dovednosti online Vyzkou\u0161ejte si vzd\u011bl\u00e1vac\u00ed platformu, kter\u00e1 v\u00e1s posune na vy\u0161\u0161\u00ed \u00farove\u0148 EverLearning je inovativn\u00ed a modern\u00ed e-learningov\u00e1 platforma, kter\u00e1 poskytuje \u0161pi\u010dkov\u00e9 kurzy kombinuj\u00edc\u00ed akademickou dokonalost s praktickou vyu\u017eitelnost\u00ed. Kurzy se zam\u011b\u0159uj\u00ed na zlep\u0161ov\u00e1n\u00ed digit\u00e1ln\u00edch a m\u011bkk\u00fdch dovednost\u00ed zejm\u00e9na u zral\u00fdch student\u016f. Vyberte si z atraktivn\u00ed nab\u00eddky na\u0161ich kurz\u016f a&#8230;<\/p>\n","protected":false},"author":1,"featured_media":0,"parent":0,"menu_order":0,"comment_status":"closed","ping_status":"closed","template":"","meta":{"_acf_changed":false,"_bbp_topic_count":0,"_bbp_reply_count":0,"_bbp_total_topic_count":0,"_bbp_total_reply_count":0,"_bbp_voice_count":0,"_bbp_anonymous_reply_count":0,"_bbp_topic_count_hidden":0,"_bbp_reply_count_hidden":0,"_bbp_forum_subforum_count":0,"_uag_custom_page_level_css":"","_kad_post_transparent":"","_kad_post_title":"","_kad_post_layout":"","_kad_post_sidebar_id":"","_kad_post_content_style":"","_kad_post_vertical_padding":"","_kad_post_feature":"","_kad_post_feature_position":"","_kad_post_header":false,"_kad_post_footer":false,"footnotes":""},"class_list":["post-915","page","type-page","status-publish","hentry"],"acf":[],"uagb_featured_image_src":{"full":false,"thumbnail":false,"medium":false,"medium_large":false,"large":false,"1536x1536":false,"2048x2048":false},"uagb_author_info":{"display_name":"Admin","author_link":"https:\/\/everlearning.io\/cs\/author\/admin\/"},"uagb_comment_info":0,"uagb_excerpt":"Nau\u010dte se s n\u00e1mi nov\u00e9 dovednosti online Vyzkou\u0161ejte si vzd\u011bl\u00e1vac\u00ed platformu, kter\u00e1 v\u00e1s posune na vy\u0161\u0161\u00ed \u00farove\u0148 EverLearning je inovativn\u00ed a modern\u00ed e-learningov\u00e1 platforma, kter\u00e1 poskytuje \u0161pi\u010dkov\u00e9 kurzy kombinuj\u00edc\u00ed akademickou dokonalost s praktickou vyu\u017eitelnost\u00ed. Kurzy se zam\u011b\u0159uj\u00ed na zlep\u0161ov\u00e1n\u00ed digit\u00e1ln\u00edch a m\u011bkk\u00fdch dovednost\u00ed zejm\u00e9na u zral\u00fdch student\u016f. Vyberte si z atraktivn\u00ed nab\u00eddky na\u0161ich kurz\u016f a...","_links":{"self":[{"href":"https:\/\/everlearning.io\/cs\/wp-json\/wp\/v2\/pages\/915","targetHints":{"allow":["GET"]}}],"collection":[{"href":"https:\/\/everlearning.io\/cs\/wp-json\/wp\/v2\/pages"}],"about":[{"href":"https:\/\/everlearning.io\/cs\/wp-json\/wp\/v2\/types\/page"}],"author":[{"embeddable":true,"href":"https:\/\/everlearning.io\/cs\/wp-json\/wp\/v2\/users\/1"}],"replies":[{"embeddable":true,"href":"https:\/\/everlearning.io\/cs\/wp-json\/wp\/v2\/comments?post=915"}],"version-history":[{"count":13,"href":"https:\/\/everlearning.io\/cs\/wp-json\/wp\/v2\/pages\/915\/revisions"}],"predecessor-version":[{"id":5412,"href":"https:\/\/everlearning.io\/cs\/wp-json\/wp\/v2\/pages\/915\/revisions\/5412"}],"wp:attachment":[{"href":"https:\/\/everlearning.io\/cs\/wp-json\/wp\/v2\/media?parent=915"}],"curies":[{"name":"wp","href":"https:\/\/api.w.org\/{rel}","templated":true}]}}