

{"id":905,"date":"2024-06-19T12:27:41","date_gmt":"2024-06-19T06:57:41","guid":{"rendered":"https:\/\/everlearning.io\/kontaktujte-nas\/"},"modified":"2024-09-03T15:55:01","modified_gmt":"2024-09-03T10:25:01","slug":"kontaktujte-nas","status":"publish","type":"page","link":"https:\/\/everlearning.io\/cs\/kontaktujte-nas\/","title":{"rendered":"Kontaktujte n\u00e1s"},"content":{"rendered":"\n<div class=\"wp-block-uagb-container uagb-block-32493b66 alignfull uagb-is-root-container\"><div class=\"uagb-container-inner-blocks-wrap\">\n<div class=\"wp-block-uagb-container contact-us-form uagb-block-2114908e\">\n<div class=\"wp-block-uagb-advanced-heading uagb-block-fbf084dc\"><h2 class=\"uagb-heading-text\">Zanechte n\u00e1m zpr\u00e1vu<\/h2><\/div>\n\n\n\n<div class=\"wpcf7 no-js\" id=\"wpcf7-f3390-o1\" lang=\"cs-CZ\" dir=\"ltr\" data-wpcf7-id=\"3390\">\n<div class=\"screen-reader-response\"><p role=\"status\" aria-live=\"polite\" aria-atomic=\"true\"><\/p> <ul><\/ul><\/div>\n<form action=\"\/cs\/wp-json\/wp\/v2\/pages\/905#wpcf7-f3390-o1\" method=\"post\" class=\"wpcf7-form init\" aria-label=\"Contact form\" novalidate=\"novalidate\" data-status=\"init\">\n<div style=\"display: none;\">\n<input type=\"hidden\" name=\"_wpcf7\" value=\"3390\" \/>\n<input type=\"hidden\" name=\"_wpcf7_version\" value=\"6.0\" \/>\n<input type=\"hidden\" name=\"_wpcf7_locale\" value=\"cs_CZ\" \/>\n<input type=\"hidden\" name=\"_wpcf7_unit_tag\" value=\"wpcf7-f3390-o1\" \/>\n<input type=\"hidden\" name=\"_wpcf7_container_post\" value=\"0\" \/>\n<input type=\"hidden\" name=\"_wpcf7_posted_data_hash\" value=\"\" \/>\n<\/div>\n<ul>\n\t<li>\n\t\t<p><label> Your Name (required)<\/label><span class=\"wpcf7-form-control-wrap\" data-name=\"your-name\"><input size=\"40\" maxlength=\"400\" class=\"wpcf7-form-control wpcf7-text wpcf7-validates-as-required\" autocomplete=\"name\" aria-required=\"true\" aria-invalid=\"false\" placeholder=\"Va\u0161e jm\u00e9no\" value=\"\" type=\"text\" name=\"your-name\" \/><\/span>\n\t\t<\/p>\n\t<\/li>\n\t<li>\n\t\t<p><label> Your Company Name<\/label><span class=\"wpcf7-form-control-wrap\" data-name=\"your-company\"><input size=\"40\" maxlength=\"400\" class=\"wpcf7-form-control wpcf7-text\" autocomplete=\"name\" aria-invalid=\"false\" placeholder=\"Va\u0161e spole\u010dnost\" value=\"\" type=\"text\" name=\"your-company\" \/><\/span>\n\t\t<\/p>\n\t<\/li>\n\t<li>\n\t\t<p><label> Your Email (required)<\/label><span class=\"wpcf7-form-control-wrap\" data-name=\"your-email\"><input size=\"40\" maxlength=\"400\" class=\"wpcf7-form-control wpcf7-email wpcf7-validates-as-required wpcf7-text wpcf7-validates-as-email\" autocomplete=\"email\" aria-required=\"true\" aria-invalid=\"false\" placeholder=\"V\u00e1\u0161 email\" value=\"\" type=\"email\" name=\"your-email\" \/><\/span>\n\t\t<\/p>\n\t<\/li>\n\t<li>\n\t\t<p><label>Your Phone (required)<\/label><span class=\"wpcf7-form-control-wrap\" data-name=\"tel-622\"><input size=\"40\" maxlength=\"400\" class=\"wpcf7-form-control wpcf7-tel wpcf7-text wpcf7-validates-as-tel\" aria-invalid=\"false\" placeholder=\"V\u00e1\u0161 telefon\" value=\"\" type=\"tel\" name=\"tel-622\" \/><\/span>\n\t\t<\/p>\n\t<\/li>\n\t<li>\n\t\t<p><label> Subject <\/label><span class=\"wpcf7-form-control-wrap\" data-name=\"your-subject\"><input size=\"40\" maxlength=\"400\" class=\"wpcf7-form-control wpcf7-text wpcf7-validates-as-required\" aria-required=\"true\" aria-invalid=\"false\" placeholder=\"Podrobit\" value=\"\" type=\"text\" name=\"your-subject\" \/><\/span>\n\t\t<\/p>\n\t<\/li>\n\t<li>\n\t\t<p><label> Your Message (include suburb & postcode if requesting a quote)<\/label><span class=\"wpcf7-form-control-wrap\" data-name=\"your-message\"><textarea cols=\"40\" rows=\"10\" maxlength=\"2000\" class=\"wpcf7-form-control wpcf7-textarea wpcf7-validates-as-required\" aria-required=\"true\" aria-invalid=\"false\" placeholder=\"Va\u0161e zpr\u00e1va\" name=\"your-message\"><\/textarea><\/span>\n\t\t<\/p>\n\t<\/li>\n\t<li>\n\t\t<p><input class=\"wpcf7-form-control wpcf7-submit has-spinner\" type=\"submit\" value=\"P\u0159edlo\u017eit\" \/>\n\t\t<\/p>\n\t<\/li>\n<\/ul><div class=\"wpcf7-response-output\" aria-hidden=\"true\"><\/div>\n<\/form>\n<\/div>\n\n<\/div>\n\n\n\n<div class=\"wp-block-uagb-container address-det uagb-block-ae0d5a3e\">\n<div class=\"wp-block-uagb-container uagb-block-350bec8d alignfull uagb-is-root-container\"><div class=\"uagb-container-inner-blocks-wrap\">\n<div class=\"wp-block-uagb-container uagb-block-99931215\">\n<div class=\"wp-block-uagb-advanced-heading uagb-block-5015e3ef\"><h3 class=\"uagb-heading-text\">Region\u00e1ln\u00ed kancel\u00e1\u0159<\/h3><\/div>\n\n\n\n<p>RMS Components Pty Ltd<br>174b Wecker Road<br>Mansfield QLD 4122<br>AUSTR\u00c1LIE<\/p>\n<\/div>\n<\/div><\/div>\n\n\n\n<div class=\"wp-block-uagb-container uagb-block-93f3afdf alignfull uagb-is-root-container\"><div class=\"uagb-container-inner-blocks-wrap\">\n<div class=\"wp-block-uagb-container uagb-block-90d69e72\">\n<div class=\"wp-block-uagb-advanced-heading uagb-block-c7b24244\"><h3 class=\"uagb-heading-text\">Kontakt  <\/h3><\/div>\n\n\n\n<div class=\"wp-block-group address-det\"><div class=\"wp-block-group__inner-container is-layout-constrained wp-block-group-is-layout-constrained\">\n<div class=\"wp-block-uagb-info-box uagb-block-09e62549 uagb-infobox__content-wrap  uagb-infobox-icon-above-title uagb-infobox-image-valign-top\"><div class=\"uagb-ifb-content\"><div class=\"uagb-ifb-icon-wrap\"><svg xmlns=\"https:\/\/www.w3.org\/2000\/svg\" viewBox=\"0 0 512 512\"><path d=\"M511.2 387l-23.25 100.8c-3.266 14.25-15.79 24.22-30.46 24.22C205.2 512 0 306.8 0 54.5c0-14.66 9.969-27.2 24.22-30.45l100.8-23.25C139.7-2.602 154.7 5.018 160.8 18.92l46.52 108.5c5.438 12.78 1.77 27.67-8.98 36.45L144.5 207.1c33.98 69.22 90.26 125.5 159.5 159.5l44.08-53.8c8.688-10.78 23.69-14.51 36.47-8.975l108.5 46.51C506.1 357.2 514.6 372.4 511.2 387z\"><\/path><\/svg><\/div><div class=\"uagb-ifb-title-wrap\"><h5 class=\"uagb-ifb-title\">Telefon: +<a href=\"tel:(07)-3390-3302\">(07) 3390 3302<\/a><\/h5><\/div><\/div><\/div>\n\n\n\n<div class=\"wp-block-uagb-info-box uagb-block-5e0ee8a9 uagb-infobox__content-wrap  uagb-infobox-icon-above-title uagb-infobox-image-valign-top\"><div class=\"uagb-ifb-content\"><div class=\"uagb-ifb-icon-wrap\"><svg xmlns=\"https:\/\/www.w3.org\/2000\/svg\" viewBox=\"0 0 512 512\"><path d=\"M192 64h197.5L416 90.51V160h64V77.25c0-8.484-3.375-16.62-9.375-22.62l-45.25-45.25C419.4 3.375 411.2 0 402.8 0H160C142.3 0 128 14.33 128 32v128h64V64zM64 128H32C14.38 128 0 142.4 0 160v320c0 17.62 14.38 32 32 32h32c17.62 0 32-14.38 32-32V160C96 142.4 81.63 128 64 128zM480 192H128v288c0 17.6 14.4 32 32 32h320c17.6 0 32-14.4 32-32V224C512 206.4 497.6 192 480 192zM288 432c0 8.875-7.125 16-16 16h-32C231.1 448 224 440.9 224 432v-32C224 391.1 231.1 384 240 384h32c8.875 0 16 7.125 16 16V432zM288 304c0 8.875-7.125 16-16 16h-32C231.1 320 224 312.9 224 304v-32C224 263.1 231.1 256 240 256h32C280.9 256 288 263.1 288 272V304zM416 432c0 8.875-7.125 16-16 16h-32c-8.875 0-16-7.125-16-16v-32c0-8.875 7.125-16 16-16h32c8.875 0 16 7.125 16 16V432zM416 304c0 8.875-7.125 16-16 16h-32C359.1 320 352 312.9 352 304v-32C352 263.1 359.1 256 368 256h32C408.9 256 416 263.1 416 272V304z\"><\/path><\/svg><\/div><div class=\"uagb-ifb-title-wrap\"><h5 class=\"uagb-ifb-title\">Fax: +<a href=\"fax:(07)-3390-3302\">(07) 3390 3329<\/a><\/h5><\/div><\/div><\/div>\n\n\n\n<div class=\"wp-block-uagb-info-box uagb-block-8c28dad1 uagb-infobox__content-wrap  uagb-infobox-icon-above-title uagb-infobox-image-valign-top\"><div class=\"uagb-ifb-content\"><div class=\"uagb-ifb-icon-wrap\"><svg xmlns=\"https:\/\/www.w3.org\/2000\/svg\" viewBox=\"0 0 512 512\"><path d=\"M511.2 387l-23.25 100.8c-3.266 14.25-15.79 24.22-30.46 24.22C205.2 512 0 306.8 0 54.5c0-14.66 9.969-27.2 24.22-30.45l100.8-23.25C139.7-2.602 154.7 5.018 160.8 18.92l46.52 108.5c5.438 12.78 1.77 27.67-8.98 36.45L144.5 207.1c33.98 69.22 90.26 125.5 159.5 159.5l44.08-53.8c8.688-10.78 23.69-14.51 36.47-8.975l108.5 46.51C506.1 357.2 514.6 372.4 511.2 387z\"><\/path><\/svg><\/div><div class=\"uagb-ifb-title-wrap\"><h5 class=\"uagb-ifb-title\">ABN: <a href=\"tel:(07)-3390-3302\">33 612 348 142<\/a><\/h5><\/div><\/div><\/div>\n<\/div><\/div>\n<\/div>\n<\/div><\/div>\n<\/div>\n<\/div><\/div>\n","protected":false},"excerpt":{"rendered":"<p>Zanechte n\u00e1m zpr\u00e1vu Region\u00e1ln\u00ed kancel\u00e1\u0159 RMS Components Pty Ltd174b Wecker RoadMansfield QLD 4122AUSTR\u00c1LIE Kontakt<\/p>\n","protected":false},"author":1,"featured_media":0,"parent":0,"menu_order":0,"comment_status":"closed","ping_status":"closed","template":"","meta":{"_acf_changed":false,"_bbp_topic_count":0,"_bbp_reply_count":0,"_bbp_total_topic_count":0,"_bbp_total_reply_count":0,"_bbp_voice_count":0,"_bbp_anonymous_reply_count":0,"_bbp_topic_count_hidden":0,"_bbp_reply_count_hidden":0,"_bbp_forum_subforum_count":0,"_uag_custom_page_level_css":"","_kad_post_transparent":"","_kad_post_title":"","_kad_post_layout":"","_kad_post_sidebar_id":"","_kad_post_content_style":"","_kad_post_vertical_padding":"","_kad_post_feature":"","_kad_post_feature_position":"","_kad_post_header":false,"_kad_post_footer":false,"footnotes":""},"class_list":["post-905","page","type-page","status-publish","hentry"],"acf":[],"uagb_featured_image_src":{"full":false,"thumbnail":false,"medium":false,"medium_large":false,"large":false,"1536x1536":false,"2048x2048":false},"uagb_author_info":{"display_name":"Admin","author_link":"https:\/\/everlearning.io\/cs\/author\/admin\/"},"uagb_comment_info":0,"uagb_excerpt":"Zanechte n\u00e1m zpr\u00e1vu Region\u00e1ln\u00ed kancel\u00e1\u0159 RMS Components Pty Ltd174b Wecker RoadMansfield QLD 4122AUSTR\u00c1LIE Kontakt","_links":{"self":[{"href":"https:\/\/everlearning.io\/cs\/wp-json\/wp\/v2\/pages\/905","targetHints":{"allow":["GET"]}}],"collection":[{"href":"https:\/\/everlearning.io\/cs\/wp-json\/wp\/v2\/pages"}],"about":[{"href":"https:\/\/everlearning.io\/cs\/wp-json\/wp\/v2\/types\/page"}],"author":[{"embeddable":true,"href":"https:\/\/everlearning.io\/cs\/wp-json\/wp\/v2\/users\/1"}],"replies":[{"embeddable":true,"href":"https:\/\/everlearning.io\/cs\/wp-json\/wp\/v2\/comments?post=905"}],"version-history":[{"count":3,"href":"https:\/\/everlearning.io\/cs\/wp-json\/wp\/v2\/pages\/905\/revisions"}],"predecessor-version":[{"id":3391,"href":"https:\/\/everlearning.io\/cs\/wp-json\/wp\/v2\/pages\/905\/revisions\/3391"}],"wp:attachment":[{"href":"https:\/\/everlearning.io\/cs\/wp-json\/wp\/v2\/media?parent=905"}],"curies":[{"name":"wp","href":"https:\/\/api.w.org\/{rel}","templated":true}]}}