

{"id":899,"date":"2024-06-19T12:29:21","date_gmt":"2024-06-19T06:59:21","guid":{"rendered":"https:\/\/everlearning.io\/casto-kladene-dotazy\/"},"modified":"2024-10-10T12:01:49","modified_gmt":"2024-10-10T06:31:49","slug":"casto-kladene-dotazy","status":"publish","type":"page","link":"https:\/\/everlearning.io\/cs\/casto-kladene-dotazy\/","title":{"rendered":"\u010cASTO KLADEN\u00c9 DOTAZY"},"content":{"rendered":"\n<div class=\"wp-block-uagb-container faq--main-wrap uagb-block-2950536e alignfull uagb-is-root-container\"><div class=\"uagb-container-inner-blocks-wrap\"><div class=\"wp-block-uagb-faq uagb-faq__outer-wrap uagb-block-db6269c2 uagb-faq-icon-row-reverse uagb-faq-layout-accordion uagb-faq-expand-first-true uagb-faq-inactive-other-true uagb-faq__wrap uagb-buttons-layout-wrap uagb-faq-equal-height     faq--main-wrap\" data-faqtoggle=\"true\" role=\"tablist\"><div class=\"wp-block-uagb-faq-child uagb-faq-child__outer-wrap uagb-faq-item uagb-block-aaba9e84 \" role=\"tab\" tabindex=\"0\"><div class=\"uagb-faq-questions-button uagb-faq-questions\">\t\t\t<span class=\"uagb-icon uagb-faq-icon-wrap\">\n\t\t\t\t\t\t\t<\/span>\n\t\t\t\t\t\t<span class=\"uagb-icon-active uagb-faq-icon-wrap\">\n\t\t\t\t\t\t\t<\/span>\n\t\t\t<h3 class=\"uagb-question\">Jak\u00e9 typy kurz\u016f nab\u00edz\u00edte na platform\u011b EverLearning?<\/h3><\/div><div class=\"uagb-faq-content\"><p>Na vzd\u011bl\u00e1vac\u00ed platform\u011b EverLearning najdete \u0161irokou \u0161k\u00e1lu kurz\u016f zam\u011b\u0159en\u00fdch na zlep\u0161en\u00ed digit\u00e1ln\u00edch a m\u011bkk\u00fdch dovednost\u00ed, ale tak\u00e9 na pomoc s \u0159\u00edzen\u00edm \u017eivotn\u00edho stylu a osobn\u00edm \u00fasp\u011bchem. Na\u0161e kurzy zahrnuj\u00ed t\u00e9mata, jako je adaptabilita, t\u00fdmov\u00e1 pr\u00e1ce, cloud computing, digit\u00e1ln\u00ed technologie, efektivn\u00ed metody prezentace a mnoho dal\u0161\u00edch. <\/p><\/div><\/div><div class=\"wp-block-uagb-faq-child uagb-faq-child__outer-wrap uagb-faq-item uagb-block-25d8ee6f \" role=\"tab\" tabindex=\"0\"><div class=\"uagb-faq-questions-button uagb-faq-questions\">\t\t\t<span class=\"uagb-icon uagb-faq-icon-wrap\">\n\t\t\t\t\t\t\t<\/span>\n\t\t\t\t\t\t<span class=\"uagb-icon-active uagb-faq-icon-wrap\">\n\t\t\t\t\t\t\t<\/span>\n\t\t\t<h3 class=\"uagb-question\">Jak se mohu p\u0159ihl\u00e1sit do kurzu EverLearning?<\/h3><\/div><div class=\"uagb-faq-content\"><p>Zapsat se do kurzu je pro ka\u017ed\u00e9ho opravdu jednoduch\u00e9. Sta\u010d\u00ed kliknout <a href=\"https:\/\/everlearning.io\/registration\/?login\">ZDE<\/a> a postupovat podle pokyn\u016f. Budete vyzv\u00e1ni k vytvo\u0159en\u00ed u\u017eivatelsk\u00e9ho \u00fa\u010dtu nebo k p\u0159ihl\u00e1\u0161en\u00ed, pokud ji\u017e n\u011bjak\u00fd m\u00e1te. Pokud se registrujete poprv\u00e9, postupujte podle pokyn\u016f a dokon\u010dete proces registrace.   <\/p><\/div><\/div><div class=\"wp-block-uagb-faq-child uagb-faq-child__outer-wrap uagb-faq-item uagb-block-ae54d6ce \" role=\"tab\" tabindex=\"0\"><div class=\"uagb-faq-questions-button uagb-faq-questions\">\t\t\t<span class=\"uagb-icon uagb-faq-icon-wrap\">\n\t\t\t\t\t\t\t<\/span>\n\t\t\t\t\t\t<span class=\"uagb-icon-active uagb-faq-icon-wrap\">\n\t\t\t\t\t\t\t<\/span>\n\t\t\t<h3 class=\"uagb-question\">Jsou kurzy na EverLearningu uspo\u0159\u00e1d\u00e1ny tak, abych se mohl\/a u\u010dit sv\u00fdm vlastn\u00edm tempem?<\/h3><\/div><div class=\"uagb-faq-content\"><p>Ano, v\u0161echny kurzy, kter\u00e9 nab\u00edz\u00edme, jsou navr\u017eeny tak, abyste si mohli sami \u0159\u00eddit \u010das u\u010den\u00ed. D\u00edky t\u00e9to flexibilit\u011b se m\u016f\u017eete u\u010dit kdykoli a kdekoli podle vlastn\u00edch preferenc\u00ed, pot\u0159eb a po\u017eadovan\u00e9ho tempa. <\/p><\/div><\/div><div class=\"wp-block-uagb-faq-child uagb-faq-child__outer-wrap uagb-faq-item uagb-block-f0514fd8 \" role=\"tab\" tabindex=\"0\"><div class=\"uagb-faq-questions-button uagb-faq-questions\">\t\t\t<span class=\"uagb-icon uagb-faq-icon-wrap\">\n\t\t\t\t\t\t\t<\/span>\n\t\t\t\t\t\t<span class=\"uagb-icon-active uagb-faq-icon-wrap\">\n\t\t\t\t\t\t\t<\/span>\n\t\t\t<h3 class=\"uagb-question\">Jak\u00e1 podpora je k dispozici v p\u0159\u00edpad\u011b dotaz\u016f b\u011bhem studia?<\/h3><\/div><div class=\"uagb-faq-content\"><p>EverLearning poskytuje v\u0161em sv\u00fdm student\u016fm komplexn\u00ed podporu. Na\u0161e kurzy obsahuj\u00ed dopl\u0148kov\u00e9 materi\u00e1ly, pr\u016fvodce a dal\u0161\u00ed zdroje, kter\u00e9 v\u00e1m pomohou l\u00e9pe porozum\u011bt konkr\u00e9tn\u00edmu t\u00e9matu. M\u00e1te-li jak\u00e9koli dotazy, m\u016f\u017eete se obr\u00e1tit na sv\u00e9ho instruktora nebo polo\u017eit ot\u00e1zku na vyhrazen\u00e9 f\u00f3rum.  <\/p><\/div><\/div><div class=\"wp-block-uagb-faq-child uagb-faq-child__outer-wrap uagb-faq-item uagb-block-ef44d707 \" role=\"tab\" tabindex=\"0\"><div class=\"uagb-faq-questions-button uagb-faq-questions\">\t\t\t<span class=\"uagb-icon uagb-faq-icon-wrap\">\n\t\t\t\t\t\t\t<\/span>\n\t\t\t\t\t\t<span class=\"uagb-icon-active uagb-faq-icon-wrap\">\n\t\t\t\t\t\t\t<\/span>\n\t\t\t<h3 class=\"uagb-question\">Poskytujete po absolvov\u00e1n\u00ed kurzu certifik\u00e1t?<\/h3><\/div><div class=\"uagb-faq-content\"><p>Ano, po \u00fasp\u011b\u0161n\u00e9m absolvov\u00e1n\u00ed kurzu v\u00e1m bude vyd\u00e1no osv\u011bd\u010den\u00ed.<\/p><\/div><\/div><\/div><\/div><\/div>\n","protected":false},"excerpt":{"rendered":"","protected":false},"author":1,"featured_media":0,"parent":0,"menu_order":0,"comment_status":"closed","ping_status":"closed","template":"","meta":{"_acf_changed":false,"_bbp_topic_count":0,"_bbp_reply_count":0,"_bbp_total_topic_count":0,"_bbp_total_reply_count":0,"_bbp_voice_count":0,"_bbp_anonymous_reply_count":0,"_bbp_topic_count_hidden":0,"_bbp_reply_count_hidden":0,"_bbp_forum_subforum_count":0,"_uag_custom_page_level_css":"","_kad_post_transparent":"","_kad_post_title":"","_kad_post_layout":"","_kad_post_sidebar_id":"","_kad_post_content_style":"","_kad_post_vertical_padding":"","_kad_post_feature":"","_kad_post_feature_position":"","_kad_post_header":false,"_kad_post_footer":false,"footnotes":""},"class_list":["post-899","page","type-page","status-publish","hentry"],"acf":[],"uagb_featured_image_src":{"full":false,"thumbnail":false,"medium":false,"medium_large":false,"large":false,"1536x1536":false,"2048x2048":false},"uagb_author_info":{"display_name":"Admin","author_link":"https:\/\/everlearning.io\/cs\/author\/admin\/"},"uagb_comment_info":0,"uagb_excerpt":null,"_links":{"self":[{"href":"https:\/\/everlearning.io\/cs\/wp-json\/wp\/v2\/pages\/899","targetHints":{"allow":["GET"]}}],"collection":[{"href":"https:\/\/everlearning.io\/cs\/wp-json\/wp\/v2\/pages"}],"about":[{"href":"https:\/\/everlearning.io\/cs\/wp-json\/wp\/v2\/types\/page"}],"author":[{"embeddable":true,"href":"https:\/\/everlearning.io\/cs\/wp-json\/wp\/v2\/users\/1"}],"replies":[{"embeddable":true,"href":"https:\/\/everlearning.io\/cs\/wp-json\/wp\/v2\/comments?post=899"}],"version-history":[{"count":3,"href":"https:\/\/everlearning.io\/cs\/wp-json\/wp\/v2\/pages\/899\/revisions"}],"predecessor-version":[{"id":5415,"href":"https:\/\/everlearning.io\/cs\/wp-json\/wp\/v2\/pages\/899\/revisions\/5415"}],"wp:attachment":[{"href":"https:\/\/everlearning.io\/cs\/wp-json\/wp\/v2\/media?parent=899"}],"curies":[{"name":"wp","href":"https:\/\/api.w.org\/{rel}","templated":true}]}}