

{"id":893,"date":"2024-06-19T12:27:02","date_gmt":"2024-06-19T06:57:02","guid":{"rendered":"https:\/\/everlearning.io\/o-nas\/"},"modified":"2024-10-10T11:58:33","modified_gmt":"2024-10-10T06:28:33","slug":"o-nas","status":"publish","type":"page","link":"https:\/\/everlearning.io\/cs\/o-nas\/","title":{"rendered":"O n\u00e1s"},"content":{"rendered":"\n<div class=\"wp-block-uagb-advanced-heading uagb-block-33fbca50\"><h2 class=\"uagb-heading-text\">Na\u0161e posl\u00e1n\u00ed<\/h2><p class=\"uagb-desc-text\">Na\u0161\u00edm c\u00edlem je zlep\u0161ovat digit\u00e1ln\u00ed a m\u011bkk\u00e9 dovednosti zku\u0161en\u00fdch profesion\u00e1l\u016f prost\u0159ednictv\u00edm inovativn\u00edch kurz\u016f. Na\u0161\u00edm c\u00edlem je pos\u00edlit postaven\u00ed star\u0161\u00edch zam\u011bstnanc\u016f a p\u0159ipravit je na profesn\u00ed \u00fasp\u011bch v digit\u00e1ln\u00ed \u00e9\u0159e. <\/p><\/div>\n\n<div class=\"wp-block-uagb-container uagb-block-649682a2 alignfull uagb-is-root-container\"><div class=\"uagb-container-inner-blocks-wrap\">\n<div class=\"wp-block-uagb-container uagb-block-112d5387\">\n<div class=\"wp-block-uagb-advanced-heading uagb-block-57a7282e\"><h3 class=\"uagb-heading-text\">Prom\u011b\u0148te svou kari\u00e9ru s EverLearning: Inovativn\u00ed kurzy pro zku\u0161en\u00e9 profesion\u00e1ly<\/h3><\/div>\n\n\n\n<p>EverLearning je inovativn\u00ed a vysoce kvalitn\u00ed e-learningov\u00e1 platforma s kurzy, kter\u00e9 spl\u0148uj\u00ed rozmanit\u00e9 pot\u0159eby zku\u0161en\u00fdch profesion\u00e1l\u016f, pom\u00e1haj\u00ed jim v osobn\u00edm a profesn\u00edm r\u016fstu a umo\u017e\u0148uj\u00ed jim dos\u00e1hnout profesn\u00edho \u00fasp\u011bchu. P\u0159ipojte se k n\u00e1m a za\u010dn\u011bte zlep\u0161ovat sv\u00e9 digit\u00e1ln\u00ed a m\u011bkk\u00e9 dovednosti je\u0161t\u011b dnes! Va\u0161e starosti prom\u011bn\u00edme v p\u0159\u00edle\u017eitosti.  <span style=\"color: rgb(0, 0, 0); font-size: medium; white-space-collapse: collapse;\"><\/span><\/p>\n\n\n\n<p><\/p>\n<\/div>\n\n\n\n<div class=\"wp-block-uagb-container uagb-block-92afbcf5\">\n<figure class=\"wp-block-image size-full has-custom-border\"><img loading=\"lazy\" decoding=\"async\" width=\"530\" height=\"623\" src=\"https:\/\/everlearning.io\/wp-content\/uploads\/2024\/06\/Solutions.png\" alt=\"\" class=\"wp-image-569\" style=\"border-radius:5px\" srcset=\"https:\/\/everlearning.io\/wp-content\/uploads\/2024\/06\/Solutions.png 530w, https:\/\/everlearning.io\/wp-content\/uploads\/2024\/06\/Solutions-255x300.png 255w\" sizes=\"auto, (max-width: 530px) 100vw, 530px\" \/><\/figure>\n<\/div>\n<\/div><\/div>\n\n<div class=\"wp-block-columns is-layout-flex wp-container-core-columns-is-layout-9d6595d7 wp-block-columns-is-layout-flex\">\n<div class=\"wp-block-column is-layout-flow wp-block-column-is-layout-flow\" style=\"flex-basis:100%\">\n<div class=\"wp-block-group is-vertical is-layout-flex wp-container-core-group-is-layout-8cf370e7 wp-block-group-is-layout-flex\">\n<div class=\"wp-block-uagb-advanced-heading uagb-block-1bfdbc27\"><h2 class=\"uagb-heading-text\">Na\u0161e partnerstv\u00ed<\/h2><\/div>\n<\/div>\n\n\n\n<div class=\"wp-block-uagb-team uagb-team__image-position-above uagb-team__align-center uagb-team__stack-tablet uagb-block-7bdeb3a4\"><div class=\"uagb-team__content\"><img decoding=\"async\" class=\"uagb-team__image-crop-normal\" src=\"https:\/\/everlearning.io\/wp-content\/uploads\/2024\/09\/euba.png\" alt=\"\" height=\"100\" width=\"100\" loading=\"lazy\"\/><h3 class=\"uagb-team__title\">Ekonomick\u00e1 univerzita v Bratislav\u011b, Slovensko<\/h3><span class=\"uagb-team__prefix\">Ekonomick\u00e1 univerzita v Bratislav\u011b (EUBA) je ve\u0159ejn\u00e1 v\u00fdzkumn\u00e1 univerzita zam\u011b\u0159en\u00e1 na vzd\u011bl\u00e1v\u00e1n\u00ed a v\u00fdzkum v oblasti ekonomie, podnik\u00e1n\u00ed a p\u0159\u00edbuzn\u00fdch obor\u016f s v\u00edce ne\u017e 80letou histori\u00ed. EUBA je mezin\u00e1rodn\u011b akreditovanou instituc\u00ed AACSB uzn\u00e1vanou pro kvalitu v\u00fdzkumu a v\u00fduky s dynamick\u00fdmi mezin\u00e1rodn\u00edmi aktivitami a zam\u011b\u0159en\u00edm na celo\u017eivotn\u00ed vzd\u011bl\u00e1v\u00e1n\u00ed. \u0160kolitel\u00e9 z EUBA spolupracuj\u00edc\u00ed na platform\u011b EverLearning maj\u00ed bohat\u00e9 zku\u0161enosti s projektov\u00fdm \u0159\u00edzen\u00edm a kou\u010dov\u00e1n\u00edm profesion\u00e1l\u016f v r\u016fzn\u00fdch oblastech souvisej\u00edc\u00edch s profesn\u00edm a \u017eivotn\u00edm stylem.  <\/span><p class=\"uagb-team__desc\"><\/p><\/div><\/div>\n\n\n\n<div class=\"wp-block-uagb-team uagb-team__image-position-above uagb-team__align-center uagb-team__stack-tablet uagb-block-5ae11fba\"><div class=\"uagb-team__content\"><img decoding=\"async\" class=\"uagb-team__image-crop-normal\" src=\"https:\/\/everlearning.io\/wp-content\/uploads\/2024\/09\/economind.png\" alt=\"\" height=\"100\" width=\"100\" loading=\"lazy\"\/><h3 class=\"uagb-team__title\">Economind<\/h3><span class=\"uagb-team__prefix\">EconoMind je neziskov\u00e1 organizace se s\u00eddlem v Bratislav\u011b na Slovensku. Sna\u017e\u00ed se p\u0159in\u00e1\u0161et holistick\u00fd p\u0159\u00edstup k \u0159e\u0161en\u00ed nejpal\u010div\u011bj\u0161\u00edch probl\u00e9m\u016f na\u0161\u00ed spole\u010dnosti a zlep\u0161ovat \u017eivot jednotlivc\u016f se zvl\u00e1\u0161tn\u00edm zam\u011b\u0159en\u00edm na Slovensko a region st\u0159edn\u00ed a v\u00fdchodn\u00ed Evropy. EconoMind se zam\u011b\u0159uje na v\u00fdzkum, vzd\u011bl\u00e1v\u00e1n\u00ed a \u0161kolen\u00ed v oblasti behavior\u00e1ln\u00edch v\u011bd, digit\u00e1ln\u00ed transformace, ekonomie, financ\u00ed a rozvoje m\u011bkk\u00fdch dovednost\u00ed. Jejich posl\u00e1n\u00edm je p\u0159in\u00e1\u0161et dlouhodob\u00e9 odborn\u00e9 znalosti do slu\u017eeb t\u011bch, kte\u0159\u00ed je nejv\u00edce pot\u0159ebuj\u00ed (v\u010detn\u011b zku\u0161en\u00fdch odborn\u00edk\u016f).   <\/span><p class=\"uagb-team__desc\"><\/p><\/div><\/div>\n\n\n\n<div class=\"wp-block-uagb-team uagb-team__image-position-above uagb-team__align-center uagb-team__stack-tablet uagb-block-9cc79e20\"><div class=\"uagb-team__content\"><img decoding=\"async\" class=\"uagb-team__image-crop-normal\" src=\"https:\/\/everlearning.io\/wp-content\/uploads\/2024\/09\/profuture.png\" alt=\"\" height=\"101\" width=\"101\" loading=\"lazy\"\/><h3 class=\"uagb-team__title\">M&amp;M, \u0160pan\u011blsko<\/h3><span class=\"uagb-team__prefix\">M&amp;M je \u0161kolitel a poskytovatel mobility zalo\u017een\u00fd v roce 2014, jeho\u017e zam\u011bstnanci maj\u00ed bohat\u00e9 zku\u0161enosti s \u0159\u00edzen\u00edm a realizac\u00ed vzd\u011bl\u00e1vac\u00edch aktivit, kter\u00e9 rozv\u00edjej\u00ed dovednosti a znalosti \u00fa\u010dastn\u00edk\u016f v cel\u00e9 \u0159ad\u011b velmi \u017e\u00e1dan\u00fdch oblast\u00ed. V r\u00e1mci sv\u00e9ho posl\u00e1n\u00ed analyzuje vzd\u011bl\u00e1vac\u00ed pot\u0159eby organizac\u00ed i jednotlivc\u016f za \u00fa\u010delem p\u0159enosu profesn\u00edch dovednost\u00ed a podporuje jednotlivce v jejich osobn\u00edm a profesn\u00edm rozvoji, \u010d\u00edm\u017e p\u0159isp\u00edv\u00e1 k budov\u00e1n\u00ed jejich zku\u0161enost\u00ed a profesn\u00edho profilu. <\/span><p class=\"uagb-team__desc\"><\/p><\/div><\/div>\n\n\n\n<div class=\"wp-block-uagb-team uagb-team__image-position-above uagb-team__align-center uagb-team__stack-tablet uagb-block-c6e744f0\"><div class=\"uagb-team__content\"><img decoding=\"async\" class=\"uagb-team__image-crop-normal\" src=\"https:\/\/everlearning.io\/wp-content\/uploads\/2024\/09\/turkey.png\" alt=\"\" height=\"100\" width=\"100\" loading=\"lazy\"\/><h3 class=\"uagb-team__title\">Kutahya Dumlupinar University (DPU), Turecko<\/h3><span class=\"uagb-team__prefix\">DPU m\u00e1 specifick\u00e9 odborn\u00e9 znalosti v oblasti spole\u010densk\u00fdch v\u011bd, pedagogick\u00fdch v\u011bd, v\u011bdy a techniky, in\u017een\u00fdrstv\u00ed, t\u011blesn\u00e9 v\u00fdchovy, aplikovan\u00fdch v\u011bd a technick\u00e9ho vzd\u011bl\u00e1v\u00e1n\u00ed. DPU je dob\u0159e zavedenou instituc\u00ed s t\u00e9m\u011b\u0159 tis\u00edcovkou akademick\u00fdch pracovn\u00edk\u016f na pln\u00fd \u00favazek. Zam\u011b\u0159uje se na v\u00edcerozm\u011brn\u00e9 zlep\u0161ov\u00e1n\u00ed jejich organiza\u010dn\u00edch dovednost\u00ed prost\u0159ednictv\u00edm projekt\u016f EU, podporuje studenty p\u0159i pl\u00e1nov\u00e1n\u00ed jejich budouc\u00ed kari\u00e9ry a za\u010dle\u0148uje je do spole\u010densk\u00fdch aktivit. Vyu\u017e\u00edvaj\u00ed tyto odborn\u00e9 znalosti k poskytov\u00e1n\u00ed celo\u017eivotn\u00edho vzd\u011bl\u00e1v\u00e1n\u00ed pro profesn\u00ed a kari\u00e9rn\u00ed \u00fasp\u011bch pracuj\u00edc\u00edch osob.   <\/span><p class=\"uagb-team__desc\"><\/p><\/div><\/div>\n\n\n\n<div class=\"wp-block-uagb-team uagb-team__image-position-above uagb-team__align-center uagb-team__stack-tablet uagb-block-33c39750\"><div class=\"uagb-team__content\"><img decoding=\"async\" class=\"uagb-team__image-crop-normal\" src=\"https:\/\/everlearning.io\/wp-content\/uploads\/2024\/09\/mendel-uni.png\" alt=\"\" height=\"100\" width=\"100\" loading=\"lazy\"\/><h3 class=\"uagb-team__title\">Mendelova univerzita v Brn\u011b (MENDELU), \u010cesk\u00e1 republika<\/h3><span class=\"uagb-team__prefix\">MENDELU je jednou z nejstar\u0161\u00edch nez\u00e1visl\u00fdch specializovan\u00fdch vysok\u00fdch \u0161kol v \u010cesk\u00e9 republice. Jej\u00ed akademick\u00e9 aktivity se zam\u011b\u0159uj\u00ed na teoretick\u00e9 i aplikovan\u00e9 obory. Prioritou Provozn\u011b ekonomick\u00e9 fakulty je maxim\u00e1ln\u00ed podpora jejich kl\u00ed\u010dov\u00fdch aktivit, co\u017e klade vysok\u00e9 n\u00e1roky na kvalitu jejich v\u00fdstup\u016f. Kladou tak\u00e9 d\u016fraz na interdisciplin\u00e1rn\u00ed charakter sv\u00fdch kl\u00ed\u010dov\u00fdch aktivit, kter\u00fd uplat\u0148uj\u00ed i v r\u00e1mci celo\u017eivotn\u00edho, profesn\u00edho a mana\u017eersk\u00e9ho vzd\u011bl\u00e1v\u00e1n\u00ed.   <\/span><p class=\"uagb-team__desc\"><\/p><\/div><\/div>\n<\/div>\n<\/div>\n\n<div class=\"wp-block-columns is-layout-flex wp-container-core-columns-is-layout-9d6595d7 wp-block-columns-is-layout-flex\">\n<div class=\"wp-block-column is-vertically-aligned-center is-layout-flow wp-block-column-is-layout-flow\" style=\"flex-basis:100%\"><\/div>\n<\/div>\n\n<h2 class=\"wp-block-heading has-text-align-center\"><\/h2>\n\n<p><\/p>\n","protected":false},"excerpt":{"rendered":"<p>Na\u0161e posl\u00e1n\u00ed Na\u0161\u00edm c\u00edlem je zlep\u0161ovat digit\u00e1ln\u00ed a m\u011bkk\u00e9 dovednosti zku\u0161en\u00fdch profesion\u00e1l\u016f prost\u0159ednictv\u00edm inovativn\u00edch kurz\u016f. Na\u0161\u00edm c\u00edlem je pos\u00edlit postaven\u00ed star\u0161\u00edch zam\u011bstnanc\u016f a p\u0159ipravit je na profesn\u00ed \u00fasp\u011bch v digit\u00e1ln\u00ed \u00e9\u0159e. Prom\u011b\u0148te svou kari\u00e9ru s EverLearning: Inovativn\u00ed kurzy pro zku\u0161en\u00e9 profesion\u00e1ly EverLearning je inovativn\u00ed a vysoce kvalitn\u00ed e-learningov\u00e1 platforma s kurzy, kter\u00e9 spl\u0148uj\u00ed rozmanit\u00e9 pot\u0159eby&#8230;<\/p>\n","protected":false},"author":1,"featured_media":0,"parent":0,"menu_order":0,"comment_status":"closed","ping_status":"closed","template":"","meta":{"_acf_changed":false,"_bbp_topic_count":0,"_bbp_reply_count":0,"_bbp_total_topic_count":0,"_bbp_total_reply_count":0,"_bbp_voice_count":0,"_bbp_anonymous_reply_count":0,"_bbp_topic_count_hidden":0,"_bbp_reply_count_hidden":0,"_bbp_forum_subforum_count":0,"_uag_custom_page_level_css":"","_kad_post_transparent":"","_kad_post_title":"","_kad_post_layout":"","_kad_post_sidebar_id":"","_kad_post_content_style":"","_kad_post_vertical_padding":"","_kad_post_feature":"","_kad_post_feature_position":"","_kad_post_header":false,"_kad_post_footer":false,"footnotes":""},"class_list":["post-893","page","type-page","status-publish","hentry"],"acf":[],"uagb_featured_image_src":{"full":false,"thumbnail":false,"medium":false,"medium_large":false,"large":false,"1536x1536":false,"2048x2048":false},"uagb_author_info":{"display_name":"Admin","author_link":"https:\/\/everlearning.io\/cs\/author\/admin\/"},"uagb_comment_info":0,"uagb_excerpt":"Na\u0161e posl\u00e1n\u00ed Na\u0161\u00edm c\u00edlem je zlep\u0161ovat digit\u00e1ln\u00ed a m\u011bkk\u00e9 dovednosti zku\u0161en\u00fdch profesion\u00e1l\u016f prost\u0159ednictv\u00edm inovativn\u00edch kurz\u016f. Na\u0161\u00edm c\u00edlem je pos\u00edlit postaven\u00ed star\u0161\u00edch zam\u011bstnanc\u016f a p\u0159ipravit je na profesn\u00ed \u00fasp\u011bch v digit\u00e1ln\u00ed \u00e9\u0159e. Prom\u011b\u0148te svou kari\u00e9ru s EverLearning: Inovativn\u00ed kurzy pro zku\u0161en\u00e9 profesion\u00e1ly EverLearning je inovativn\u00ed a vysoce kvalitn\u00ed e-learningov\u00e1 platforma s kurzy, kter\u00e9 spl\u0148uj\u00ed rozmanit\u00e9 pot\u0159eby...","_links":{"self":[{"href":"https:\/\/everlearning.io\/cs\/wp-json\/wp\/v2\/pages\/893","targetHints":{"allow":["GET"]}}],"collection":[{"href":"https:\/\/everlearning.io\/cs\/wp-json\/wp\/v2\/pages"}],"about":[{"href":"https:\/\/everlearning.io\/cs\/wp-json\/wp\/v2\/types\/page"}],"author":[{"embeddable":true,"href":"https:\/\/everlearning.io\/cs\/wp-json\/wp\/v2\/users\/1"}],"replies":[{"embeddable":true,"href":"https:\/\/everlearning.io\/cs\/wp-json\/wp\/v2\/comments?post=893"}],"version-history":[{"count":12,"href":"https:\/\/everlearning.io\/cs\/wp-json\/wp\/v2\/pages\/893\/revisions"}],"predecessor-version":[{"id":5414,"href":"https:\/\/everlearning.io\/cs\/wp-json\/wp\/v2\/pages\/893\/revisions\/5414"}],"wp:attachment":[{"href":"https:\/\/everlearning.io\/cs\/wp-json\/wp\/v2\/media?parent=893"}],"curies":[{"name":"wp","href":"https:\/\/api.w.org\/{rel}","templated":true}]}}