

{"id":2581,"date":"2024-06-18T06:58:09","date_gmt":"2024-06-18T01:28:09","guid":{"rendered":"https:\/\/everlearning.io\/zasady-ochrany-osobnich-udaju\/"},"modified":"2024-08-09T12:59:54","modified_gmt":"2024-08-09T07:29:54","slug":"zasady-ochrany-osobnich-udaju","status":"publish","type":"page","link":"https:\/\/everlearning.io\/cs\/zasady-ochrany-osobnich-udaju\/","title":{"rendered":"Z\u00e1sady ochrany osobn\u00edch \u00fadaj\u016f"},"content":{"rendered":"\n<div class=\"wp-block-uagb-container content-wrap-list uagb-block-3c1b134b alignfull uagb-is-root-container\"><div class=\"uagb-container-inner-blocks-wrap\">\n<div class=\"wp-block-group\"><div class=\"wp-block-group__inner-container is-layout-constrained wp-block-group-is-layout-constrained\">\n<p>Spole\u010dnost Seaside Events, Inc. (&#8220;SSE&#8221;, &#8220;na\u0161e&#8221; nebo &#8220;my&#8221;) si v\u00e1\u017e\u00ed soukrom\u00ed sv\u00fdch z\u00e1kazn\u00edk\u016f a n\u00e1v\u0161t\u011bvn\u00edk\u016f a respektuje je.\n\u00da\u010delem tohoto prohl\u00e1\u0161en\u00ed o ochran\u011b soukrom\u00ed a bezpe\u010dnosti je poskytnout v\u00e1m informace o tom, jak shroma\u017e\u010fujeme, pou\u017e\u00edv\u00e1me a sd\u00edl\u00edme informace, kter\u00e9 z\u00edsk\u00e1v\u00e1me od na\u0161ich z\u00e1kazn\u00edk\u016f a n\u00e1v\u0161t\u011bvn\u00edk\u016f.\nPopisuje tak\u00e9 mo\u017enosti, kter\u00e9 m\u016f\u017eete u\u010dinit v souvislosti s na\u0161\u00edm pou\u017e\u00edv\u00e1n\u00edm va\u0161ich informac\u00ed.\nC\u00edlem na\u0161eho \u00fasil\u00ed o shroma\u017e\u010fov\u00e1n\u00ed informac\u00ed je zlep\u0161it n\u00e1kupn\u00ed zku\u0161enosti na\u0161ich z\u00e1kazn\u00edk\u016f a poskytovat z\u00e1kazn\u00edk\u016fm relevantn\u00ed informace o na\u0161ich produktech, slu\u017eb\u00e1ch a propaga\u010dn\u00edch akc\u00edch.   <\/p>\n\n\n\n<h2 class=\"wp-block-heading\">1. O t\u00e9to politice<\/h2>\n\n\n\n<p>Toto prohl\u00e1\u0161en\u00ed o ochran\u011b osobn\u00edch \u00fadaj\u016f a zabezpe\u010den\u00ed popisuje postupy spole\u010dnosti SSE v oblasti ochrany osobn\u00edch \u00fadaj\u016f.\nVztahuje se na na\u0161e interakce se z\u00e1kazn\u00edky a n\u00e1v\u0161t\u011bvn\u00edky, mimo jin\u00e9: <\/p>\n\n\n\n<ul class=\"wp-block-list\">\n<li>Pou\u017e\u00edv\u00e1n\u00ed na\u0161ich webov\u00fdch str\u00e1nek, v\u010detn\u011b mobiln\u00edch webov\u00fdch str\u00e1nek<\/li>\n\n\n\n<li>Pou\u017e\u00edv\u00e1n\u00ed na\u0161ich aplikac\u00ed pro mobiln\u00ed telefony, tablety nebo jin\u00e1 chytr\u00e1 za\u0159\u00edzen\u00ed.<\/li>\n\n\n\n<li>Telefonick\u00e1 a e-mailov\u00e1 komunikace<\/li>\n\n\n\n<li>interakce se soci\u00e1ln\u00edmi m\u00e9dii na na\u0161ich webov\u00fdch str\u00e1nk\u00e1ch a dal\u0161\u00edch webov\u00fdch str\u00e1nk\u00e1ch t\u0159et\u00edch stran, jako je Facebook, YouTube a Twitter.<\/li>\n\n\n\n<li>Prohl\u00ed\u017een\u00ed na\u0161ich online reklam nebo e-mail\u016f<\/li>\n<\/ul>\n\n\n\n<h2 class=\"wp-block-heading\">2. Informace, kter\u00e9 shroma\u017e\u010fujeme<\/h2>\n\n\n\n<p>2.1. <strong>Kontaktn\u00ed \u00fadaje<\/strong> &#8211; m\u016f\u017eeme shroma\u017e\u010fovat jm\u00e9na a u\u017eivatelsk\u00e1 jm\u00e9na na\u0161ich z\u00e1kazn\u00edk\u016f a dal\u0161\u00edch n\u00e1v\u0161t\u011bvn\u00edk\u016f.\nD\u00e1le m\u016f\u017eeme shroma\u017e\u010fovat historii n\u00e1kup\u016f, faktura\u010dn\u00ed a dodac\u00ed adresy, telefonn\u00ed \u010d\u00edsla, e-mailov\u00e9 adresy a dal\u0161\u00ed digit\u00e1ln\u00ed kontaktn\u00ed \u00fadaje.\nM\u016f\u017eeme tak\u00e9 shroma\u017e\u010fovat informace, kter\u00e9 n\u00e1m poskytnete o jin\u00fdch osob\u00e1ch.  <\/p>\n\n\n\n<p>2.2. <strong>Platebn\u00ed \u00fadaje &#8211;<\/strong>p\u0159i n\u00e1kupu shroma\u017e\u010fujeme va\u0161e platebn\u00ed \u00fadaje, kter\u00e9 mohou zahrnovat informace z va\u0161\u00ed kreditn\u00ed nebo debetn\u00ed karty nebo \u0161eku.<\/p>\n\n\n\n<p>2.3. <strong>Informace o vr\u00e1cen\u00ed<\/strong> &#8211; Kdy\u017e vrac\u00edte produkt nebo po\u017eadujete vr\u00e1cen\u00ed pen\u011bz \u010di v\u00fdm\u011bnu, m\u016f\u017eeme od v\u00e1s shroma\u017e\u010fovat informace a po\u017e\u00e1dat v\u00e1s o p\u0159edlo\u017een\u00ed pr\u016fkazu toto\u017enosti vydan\u00e9ho st\u00e1tem.\nInformace, kter\u00e9 od v\u00e1s shrom\u00e1\u017ed\u00edme a kter\u00e9 zachyt\u00edme z va\u0161eho pr\u016fkazu toto\u017enosti vydan\u00e9ho vl\u00e1dou, pou\u017e\u00edv\u00e1me k prevenci podvod\u016f. <\/p>\n\n\n\n<p>2.4. <strong>Demografick\u00e9 \u00fadaje<\/strong> &#8211; m\u016f\u017eeme shroma\u017e\u010fovat informace o produktech nebo slu\u017eb\u00e1ch, kter\u00e9 se v\u00e1m l\u00edb\u00ed, nebo o recenz\u00edch, kter\u00e9 jste zaslali.\nM\u016f\u017eeme tak\u00e9 shroma\u017e\u010fovat informace, jako je v\u00e1\u0161 v\u011bk nebo pohlav\u00ed, po\u0161tovn\u00ed sm\u011brovac\u00ed \u010d\u00edslo, preference a z\u00e1jmy. <\/p>\n\n\n\n<p>2.5. <strong>Informace o poloze<\/strong> &#8211; Pokud pou\u017e\u00edv\u00e1te na\u0161e mobiln\u00ed webov\u00e9 str\u00e1nky nebo aplikace, m\u016f\u017eeme shroma\u017e\u010fovat \u00fadaje o poloze z\u00edskan\u00e9 z GPS va\u0161eho mobiln\u00edho za\u0159\u00edzen\u00ed.\nPokud pou\u017e\u00edv\u00e1te na\u0161e webov\u00e9 str\u00e1nky, m\u016f\u017eeme shroma\u017e\u010fovat \u00fadaje o poloze z\u00edskan\u00e9 z va\u0161\u00ed IP adresy. <\/p>\n\n\n\n<p>2.6. <strong>Dal\u0161\u00ed informace<\/strong> &#8211; m\u016f\u017eeme shroma\u017e\u010fovat dal\u0161\u00ed informace souvisej\u00edc\u00ed s pr\u016fzkumy a\/nebo nab\u00eddkami pro z\u00e1kazn\u00edky.\nPokud pou\u017e\u00edv\u00e1te na\u0161e webov\u00e9 str\u00e1nky, m\u016f\u017eeme shroma\u017e\u010fovat informace o prohl\u00ed\u017ee\u010di, kter\u00fd pou\u017e\u00edv\u00e1te.\nM\u016f\u017eeme sledovat str\u00e1nky, kter\u00e9 nav\u0161t\u00edv\u00edte, pod\u00edvat se, z jak\u00e9 webov\u00e9 str\u00e1nky jste p\u0159i\u0161li, nebo jakou webovou str\u00e1nku nav\u0161t\u00edv\u00edte, kdy\u017e n\u00e1s opust\u00edte.\nTyto informace shroma\u017e\u010fujeme pomoc\u00ed zde popsan\u00fdch sledovac\u00edch n\u00e1stroj\u016f.\nChcete-li tyto n\u00e1stroje ovl\u00e1dat, p\u0159e\u010dt\u011bte si \u010d\u00e1st Va\u0161e preference ochrany osobn\u00edch \u00fadaj\u016f.    <\/p>\n\n\n\n<h2 class=\"wp-block-heading\">3. Jak se shroma\u017e\u010fuj\u00ed informace<\/h2>\n\n\n\n<p>3.1.\nWe collect information directly from you.\nThe following are a few examples of when we collect information from you:  <\/p>\n\n\n\n<ol class=\"wp-block-list\">\n<li>P\u0159i registraci na webov\u00e9 str\u00e1nky nebo do pr\u016fzkumu<\/li>\n\n\n\n<li>V souvislosti s n\u00e1kupem online<\/li>\n\n\n\n<li>Pokud v\u00fdrobek vr\u00e1t\u00edte nebo vyu\u017eijete slevu.<\/li>\n\n\n\n<li>V souvislosti s va\u0161\u00ed interakc\u00ed s n\u00e1mi jako registrovan\u00fdm u\u017eivatelem na\u0161ich webov\u00fdch str\u00e1nek.<\/li>\n<\/ol>\n\n\n\n<p>3.2.\nWe may collect information from you passively. <\/p>\n\n\n\n<p>3.3.\nWe may use tracking tools like browser cookies, flash cookies, and web beacons. <\/p>\n\n\n\n<p>3.4.\nWe collect information from other sources. <\/p>\n\n\n\n<p>3.5.\nWe may get information about you from third party business partners, like an updated address from a shipping vendor. <\/p>\n\n\n\n<h2 class=\"wp-block-heading\">4. Jak pou\u017e\u00edv\u00e1me informace<\/h2>\n\n\n\n<p>Shrom\u00e1\u017ed\u011bn\u00e9 informace pou\u017e\u00edv\u00e1me pro na\u0161e obchodn\u00ed \u00fa\u010dely, v\u010detn\u011b:<\/p>\n\n\n\n<p>4.1.\nTo respond to your questions and requests.\nExamples include:  <\/p>\n\n\n\n<ol class=\"wp-block-list\">\n<li>Pln\u011bn\u00ed objedn\u00e1vek nebo poskytov\u00e1n\u00ed slu\u017eeb<\/li>\n\n\n\n<li>Zpracov\u00e1n\u00ed vr\u00e1cen\u00ed<\/li>\n\n\n\n<li>Reakce na recenzi produktu nebo slu\u017eby<\/li>\n<\/ol>\n\n\n\n<p>4.2.\nFor internal record keeping. <\/p>\n\n\n\n<p>4.3.\nTo improve our products and services. <\/p>\n\n\n\n<p>4.4.\nTo look at website trends and customer interests. <\/p>\n\n\n\n<p>4.5.\nWe might use your information to customize your experience with us.\nWe may also combine information we get from you with information about you we have received from third parties to assess trends and interests.  <\/p>\n\n\n\n<p>4.6.\nFor security purposes. <\/p>\n\n\n\n<p>4.7.\nFor our marketing. <\/p>\n\n\n\n<p>4.8.\nTo communicate with you about your account or our relationship. <\/p>\n\n\n\n<p>4.9.\nWe may contact you to tell you about changes to this Privacy Policy, the Terms of Use of our websites or mobile applications, or changes to any of our programs in which you might be enrolled.\nWe may also tell you about issues with your orders or if there is a product recall.  <\/p>\n\n\n\n<p>4.10.\nFor other uses we may disclose to you. <\/p>\n\n\n\n<h2 class=\"wp-block-heading\">5. Sd\u00edlen\u00ed informac\u00ed<\/h2>\n\n\n\n<p>Va\u0161e \u00fadaje m\u016f\u017eeme sd\u00edlet pro na\u0161e obchodn\u00ed \u00fa\u010dely a v souladu se z\u00e1konem, v\u010detn\u011b:<\/p>\n\n\n\n<p>5.1.\nWith third parties who perform services on our behalf. <\/p>\n\n\n\n<p>Informace sd\u00edl\u00edme s na\u0161imi poskytovateli slu\u017eeb, nap\u0159\u00edklad s poskytovateli doru\u010dovac\u00edch slu\u017eeb, kte\u0159\u00ed odes\u00edlaj\u00ed a doru\u010duj\u00ed va\u0161e online objedn\u00e1vky.\nM\u016f\u017eeme tak\u00e9 pov\u011b\u0159it na\u0161e poskytovatele slu\u017eeb, aby shroma\u017e\u010fovali informace na\u0161\u00edm jm\u00e9nem.\nN\u011bkte\u0159\u00ed poskytovatel\u00e9 slu\u017eeb mohou s\u00eddlit mimo \u00fazem\u00ed Spojen\u00fdch st\u00e1t\u016f.\nM\u016f\u017eeme tak\u00e9 sd\u00edlet informace s prodejci a v\u00fdrobci na\u0161ich produkt\u016f a slu\u017eeb, abychom mohli reagovat na va\u0161e recenze a dotazy.   <\/p>\n\n\n\n<p>5.2.\nWith any successor to all or part of our business.\nFor example, if all or part of our business is sold, we may sell our customer list as part of that transaction.  <\/p>\n\n\n\n<p>5.3.\nIf we think we have to in order to comply with the law.For example, we will disclose information to respond to a court order or subpoena.\nWe may also disclose information if a government agency or investigatory body requests it.  <\/p>\n\n\n\n<p>5.4.\nTo protect us.\nFor example, we will disclose information if we suspect fraud.\nWe will also share information as part of an investigation.   <\/p>\n\n\n\n<p>5.5.\nAt your direction.\nFor example, if you ask us to provide your information to a third-party to facilitate the resolution of a dispute.  <\/p>\n\n\n\n<h2 class=\"wp-block-heading\">6. Va\u0161e preference ochrany osobn\u00edch \u00fadaj\u016f<\/h2>\n\n\n\n<p>M\u016f\u017eete se zaregistrovat nebo zm\u011bnit sv\u00e9 preference pro zas\u00edl\u00e1n\u00ed nebo nezas\u00edl\u00e1n\u00ed marketingov\u00fdch sd\u011blen\u00ed od n\u00e1s prost\u0159ednictv\u00edm e-mailu.\nPo\u010d\u00edtejte pros\u00edm s dostate\u010dn\u00fdm \u010dasem na zpracov\u00e1n\u00ed va\u0161ich preferenc\u00ed.\nI v p\u0159\u00edpad\u011b, \u017ee odm\u00edtnete p\u0159ij\u00edmat marketingov\u00e1 sd\u011blen\u00ed, m\u016f\u017eeme v\u00e1s kontaktovat pro transak\u010dn\u00ed \u00fa\u010dely, jako je potvrzen\u00ed nebo sledov\u00e1n\u00ed po\u017eadavku na slu\u017ebu, \u017e\u00e1dost o p\u0159ezkoum\u00e1n\u00ed na\u0161ich slu\u017eeb nebo upozorn\u011bn\u00ed na zm\u011bny v rezervaci.\nPokud se pozd\u011bji op\u011bt p\u0159ihl\u00e1s\u00edte k zas\u00edl\u00e1n\u00ed marketingov\u00fdch sd\u011blen\u00ed od n\u00e1s, odstran\u00edme va\u0161e \u00fadaje z na\u0161ich datab\u00e1z\u00ed pro odhl\u00e1\u0161en\u00ed.   <\/p>\n\n\n\n<h2 class=\"wp-block-heading\">7. Kontrola va\u0161ich osobn\u00edch \u00fadaj\u016f<\/h2>\n\n\n\n<p>Shroma\u017e\u010fov\u00e1n\u00ed nebo pou\u017e\u00edv\u00e1n\u00ed sv\u00fdch osobn\u00edch \u00fadaj\u016f m\u016f\u017eete omezit n\u00e1sleduj\u00edc\u00edmi zp\u016fsoby:<\/p>\n\n\n\n<ul class=\"wp-block-list\">\n<li>kdykoli jste na webov\u00fdch str\u00e1nk\u00e1ch po\u017e\u00e1d\u00e1ni o vypln\u011bn\u00ed formul\u00e1\u0159e, vyhledejte pol\u00ed\u010dko, na kter\u00e9 m\u016f\u017eete kliknout, abyste uvedli, \u017ee si nep\u0159ejete, aby tyto informace kdokoli pou\u017e\u00edval pro \u00fa\u010dely p\u0159\u00edm\u00e9ho marketingu.<br\/><\/li>\n\n\n\n<li>pokud jste d\u0159\u00edve souhlasili s pou\u017eit\u00edm va\u0161ich osobn\u00edch \u00fadaj\u016f pro \u00fa\u010dely p\u0159\u00edm\u00e9ho marketingu, m\u016f\u017eete sv\u016fj n\u00e1zor kdykoli zm\u011bnit, a to tak, \u017ee n\u00e1m nap\u00ed\u0161ete nebo po\u0161lete e-mail na adresu <a href=\"mailto:info@seasidevenrts.net\">info@seasidevenrts.net.<\/a><\/li>\n<\/ul>\n\n\n\n<p>Va\u0161e osobn\u00ed \u00fadaje neprod\u00e1v\u00e1me, ne\u0161\u00ed\u0159\u00edme ani nepronaj\u00edm\u00e1me t\u0159et\u00edm stran\u00e1m, pokud k tomu nem\u00e1me va\u0161e svolen\u00ed nebo pokud n\u00e1m to neukl\u00e1d\u00e1 z\u00e1kon.<\/p>\n\n\n\n<p>Pokud se domn\u00edv\u00e1te, \u017ee informace, kter\u00e9 o v\u00e1s m\u00e1me, jsou nespr\u00e1vn\u00e9 nebo ne\u00fapln\u00e9, napi\u0161te n\u00e1m co nejd\u0159\u00edve na v\u00fd\u0161e uvedenou adresu nebo n\u00e1m po\u0161lete e-mail.\nVe\u0161ker\u00e9 zji\u0161t\u011bn\u00e9 nespr\u00e1vn\u00e9 informace neprodlen\u011b oprav\u00edme. <\/p>\n\n\n\n<h2 class=\"wp-block-heading\">8. Va\u0161e pr\u00e1va na ochranu soukrom\u00ed v Kalifornii<\/h2>\n\n\n\n<p>Pokud \u017eijete v Kalifornii a m\u00e1te s n\u00e1mi nav\u00e1zan\u00fd obchodn\u00ed vztah, m\u016f\u017eete si vy\u017e\u00e1dat seznam osobn\u00edch \u00fadaj\u016f, kter\u00e9 jsme sd\u00edleli s t\u0159et\u00edmi stranami pro jejich marketingov\u00e9 \u00fa\u010dely.\nPoskytneme v\u00e1m tak\u00e9 seznam t\u0159et\u00edch stran, kter\u00e9 obdr\u017eely va\u0161e \u00fadaje.\n\u017d\u00e1dost m\u016f\u017eete podat jednou ro\u010dn\u011b.  <\/p>\n\n\n\n<p>Chcete-li uplatnit sv\u00e1 pr\u00e1va, m\u016f\u017eete n\u00e1m poslat e-mail nebo n\u00e1m napsat na n\u00ed\u017ee uvedenou adresu.\nV dopise uve\u010fte, \u017ee pod\u00e1v\u00e1te dotaz v r\u00e1mci programu &#8220;California Shine the Light&#8221;.\nOdpov\u00edme v\u00e1m do 30 dn\u016f.  <\/p>\n\n\n\n<h2 class=\"wp-block-heading\">9. Zabezpe\u010den\u00ed<\/h2>\n\n\n\n<p>P\u0159esto\u017ee k ochran\u011b na\u0161ich webov\u00fdch str\u00e1nek a va\u0161ich informac\u00ed pou\u017e\u00edv\u00e1me standardn\u00ed prost\u0159edky, internet nen\u00ed 100% bezpe\u010dn\u00fd.\nOpat\u0159en\u00ed, kter\u00e1 pou\u017e\u00edv\u00e1me, jsou p\u0159im\u011b\u0159en\u00e1 typu informac\u00ed, kter\u00e9 shroma\u017e\u010fujeme.\nNem\u016f\u017eeme sl\u00edbit, \u017ee va\u0161e pou\u017e\u00edv\u00e1n\u00ed na\u0161ich webov\u00fdch str\u00e1nek nebo mobiln\u00edch aplikac\u00ed bude zcela bezpe\u010dn\u00e9.\nDoporu\u010dujeme v\u00e1m, abyste byli p\u0159i pou\u017e\u00edv\u00e1n\u00ed internetu obez\u0159etn\u00ed.\nOnline p\u0159\u00edstup k va\u0161im osobn\u00edm \u00fadaj\u016fm je chr\u00e1n\u011bn v\u00e1mi zvolen\u00fdm heslem.\nD\u016frazn\u011b doporu\u010dujeme, abyste sv\u00e9 heslo nesd\u011blovali.     <\/p>\n\n\n\n<h2 class=\"wp-block-heading\">10. Odkazy na jin\u00e9 webov\u00e9 str\u00e1nky<\/h2>\n\n\n\n<p>Na\u0161e webov\u00e9 str\u00e1nky mohou obsahovat odkazy na jin\u00e9 zaj\u00edmav\u00e9 webov\u00e9 str\u00e1nky.\nJakmile v\u0161ak tyto odkazy pou\u017eijete a opust\u00edte na\u0161e str\u00e1nky, m\u011bli byste vz\u00edt na v\u011bdom\u00ed, \u017ee nad t\u011bmito jin\u00fdmi webov\u00fdmi str\u00e1nkami nem\u00e1me \u017e\u00e1dnou kontrolu.\nProto nem\u016f\u017eeme b\u00fdt zodpov\u011bdn\u00ed za ochranu a soukrom\u00ed jak\u00fdchkoli informac\u00ed, kter\u00e9 poskytnete p\u0159i n\u00e1v\u0161t\u011bv\u011b t\u011bchto str\u00e1nek, a tyto str\u00e1nky se ne\u0159\u00edd\u00ed t\u00edmto prohl\u00e1\u0161en\u00edm o ochran\u011b osobn\u00edch \u00fadaj\u016f.\nM\u011bli byste b\u00fdt obez\u0159etn\u00ed a pod\u00edvat se na prohl\u00e1\u0161en\u00ed o ochran\u011b osobn\u00edch \u00fadaj\u016f platn\u00e9 pro danou webovou str\u00e1nku.   <\/p>\n\n\n\n<h2 class=\"wp-block-heading\">11. Dal\u0161\u00ed ot\u00e1zky?<\/h2>\n\n\n\n<p>Pokud m\u00e1te dal\u0161\u00ed dotazy, m\u016f\u017eete n\u00e1s kontaktovat e-mailem na <a href=\"mailto:info@seasideevents.net\">adrese info@seasideevents.net<\/a>. <\/p>\n\n\n\n<h2 class=\"wp-block-heading\">12. Zm\u011bny tohoto prohl\u00e1\u0161en\u00ed o ochran\u011b osobn\u00edch \u00fadaj\u016f a bezpe\u010dnosti<\/h2>\n\n\n\n<p>\u010cas od \u010dasu m\u016f\u017eeme zm\u011bnit na\u0161e z\u00e1sady ochrany osobn\u00edch \u00fadaj\u016f.\nO v\u0161ech podstatn\u00fdch zm\u011bn\u00e1ch na\u0161eho prohl\u00e1\u0161en\u00ed o ochran\u011b osobn\u00edch \u00fadaj\u016f a zabezpe\u010den\u00ed v\u00e1s budeme informovat zve\u0159ejn\u011bn\u00edm aktualizovan\u00e9 kopie na na\u0161ich webov\u00fdch str\u00e1nk\u00e1ch.\nPravideln\u011b kontrolujte na\u0161e webov\u00e9 str\u00e1nky, zda nejsou aktualizov\u00e1ny.  <\/p>\n\n\n\n<h2 class=\"wp-block-heading\">13. Na\u0161e techniky sledov\u00e1n\u00ed<\/h2>\n\n\n\n<p>13.1.\nTracking Tools We Use \u2013 We collect personal and other information about users over time and across different websites when you use this website or service.\nWe also have third parties that collect personal information this way.\nWe use several common online tracking tools to collect this information.\nThese may include browser and flash cookies.\nWe may also use web beacons and similar technologies.<br\/>A cookie is a small file which asks permission to be placed on your computer\u2019s hard drive.\nOnce you agree, the file is added, and the cookie helps analyze web traffic or lets you know when you visit a particular site.\nCookies allow web applications to respond to you as an individual.\nThe web application can tailor its operations to your needs, likes and dislikes by gathering and remembering information about your preferences.        <\/p>\n\n\n\n<p>Soubory cookie n\u00e1m celkov\u011b pom\u00e1haj\u00ed poskytovat v\u00e1m lep\u0161\u00ed webov\u00e9 str\u00e1nky, proto\u017ee n\u00e1m umo\u017e\u0148uj\u00ed sledovat, kter\u00e9 str\u00e1nky pova\u017eujete za u\u017eite\u010dn\u00e9 a kter\u00e9 nikoli.\nSoubor cookie n\u00e1m v \u017e\u00e1dn\u00e9m p\u0159\u00edpad\u011b neposkytuje p\u0159\u00edstup k va\u0161emu po\u010d\u00edta\u010di ani \u017e\u00e1dn\u00e9 informace o v\u00e1s, krom\u011b \u00fadaj\u016f, kter\u00e9 jste se rozhodli s n\u00e1mi sd\u00edlet.\nSoubory cookie m\u016f\u017eete p\u0159ijmout nebo odm\u00edtnout.\nV\u011bt\u0161ina webov\u00fdch prohl\u00ed\u017ee\u010d\u016f soubory cookie automaticky p\u0159ij\u00edm\u00e1, ale pokud si to p\u0159ejete, m\u016f\u017eete obvykle nastaven\u00ed prohl\u00ed\u017ee\u010de upravit tak, aby soubory cookie odm\u00edtal.\nTo v\u00e1m m\u016f\u017ee zabr\u00e1nit v pln\u00e9m vyu\u017e\u00edv\u00e1n\u00ed v\u00fdhod webov\u00fdch str\u00e1nek.    <\/p>\n\n\n\n<p>13.2.\nUse of Tracking Tool \u2013 We use the Tracking Tools tools: <\/p>\n\n\n\n<ul class=\"wp-block-list\">\n<li>Sledov\u00e1n\u00ed nov\u00fdch n\u00e1v\u0161t\u011bvn\u00edk\u016f na\u0161ich webov\u00fdch str\u00e1nek.<br\/><\/li>\n\n\n\n<li>Ur\u010den\u00ed pou\u017e\u00edvan\u00fdch str\u00e1nek. To n\u00e1m pom\u00e1h\u00e1 analyzovat \u00fadaje o n\u00e1v\u0161t\u011bvnosti webov\u00fdch str\u00e1nek a vylep\u0161ovat na\u0161e webov\u00e9 str\u00e1nky tak, aby byly p\u0159izp\u016fsobeny pot\u0159eb\u00e1m z\u00e1kazn\u00edk\u016f. Tyto informace pou\u017e\u00edv\u00e1me pouze pro \u00fa\u010dely statistick\u00e9 anal\u00fdzy a pot\u00e9 jsou \u00fadaje ze syst\u00e9mu odstran\u011bny.<br\/><\/li>\n\n\n\n<li>Ocen\u011bn\u00ed vracej\u00edc\u00edch se z\u00e1kazn\u00edk\u016f.<br\/><\/li>\n\n\n\n<li>K ulo\u017een\u00ed va\u0161eho hesla, pokud jste zaregistrov\u00e1ni na na\u0161ich webov\u00fdch str\u00e1nk\u00e1ch.<br\/><\/li>\n\n\n\n<li>Poskytovat v\u00e1m reklamn\u00ed obsah, o kter\u00e9m si mysl\u00edme, \u017ee v\u00e1s bude zaj\u00edmat. V r\u00e1mci tohoto p\u0159izp\u016fsoben\u00ed m\u016f\u017eeme sledovat va\u0161e chov\u00e1n\u00ed na t\u011bchto nebo jin\u00fdch webov\u00fdch str\u00e1nk\u00e1ch. Informace o historii va\u0161eho proch\u00e1zen\u00ed m\u016f\u017eeme z\u00edskat tak\u00e9 od na\u0161ich d\u016fv\u011bryhodn\u00fdch obchodn\u00edch partner\u016f a prodejc\u016f.<br\/><\/li>\n\n\n\n<li>M\u016f\u017eeme tak l\u00e9pe porozum\u011bt na\u0161emu publiku, na\u0161im z\u00e1kazn\u00edk\u016fm, n\u00e1v\u0161t\u011bvn\u00edk\u016fm na\u0161ich webov\u00fdch str\u00e1nek a jejich z\u00e1jm\u016fm.<\/li>\n<\/ul>\n\n\n\n<p>13.3. Ovl\u00e1d\u00e1n\u00ed na\u0161ich sledovac\u00edch n\u00e1stroj\u016f &#8211; V\u00e1\u0161 prohl\u00ed\u017ee\u010d v\u00e1m m\u016f\u017ee umo\u017enit ovl\u00e1dat soubory cookie. Zp\u016fsob proveden\u00ed z\u00e1vis\u00ed na typu souboru cookie. N\u011bkter\u00e9 prohl\u00ed\u017ee\u010de lze nastavit tak, aby soubory cookie prohl\u00ed\u017ee\u010de odm\u00edtaly.<\/p>\n\n\n\n<p>Pokud nastav\u00edte sv\u016fj po\u010d\u00edta\u010d tak, aby blokoval soubory cookie, omez\u00edte t\u00edm funkce, kter\u00e9 v\u00e1m m\u016f\u017eeme p\u0159i n\u00e1v\u0161t\u011bv\u011b na\u0161ich webov\u00fdch str\u00e1nek poskytnout. Pokud zablokujete nebo odstran\u00edte soubory cookie, nezastav\u00ed se v\u0161echny zp\u016fsoby sledov\u00e1n\u00ed, kter\u00e9 jsme popsali v t\u011bchto z\u00e1sad\u00e1ch. N\u011bkter\u00e9 prohl\u00ed\u017ee\u010de maj\u00ed funkci &#8220;Nesledovat&#8221;, kter\u00e1 umo\u017e\u0148uje webov\u00fdm str\u00e1nk\u00e1m sd\u011blit, \u017ee si nep\u0159ejete, aby va\u0161e online aktivity byly sledov\u00e1ny. Tyto funkce prohl\u00ed\u017ee\u010de nejsou jednotn\u00e9, tak\u017ee v sou\u010dasn\u00e9 dob\u011b nejsme nastaveni tak, abychom na tyto sign\u00e1ly reagovali.<\/p>\n\n\n\n<p><strong>Pokud m\u00e1te pocit, \u017ee tyto z\u00e1sady ochrany osobn\u00edch \u00fadaj\u016f nedodr\u017eujeme, neprodlen\u011b n\u00e1s kontaktujte.<\/strong><\/p>\n<\/div><\/div>\n<\/div><\/div>\n","protected":false},"excerpt":{"rendered":"<p>Spole\u010dnost Seaside Events, Inc. (&#8220;SSE&#8221;, &#8220;na\u0161e&#8221; nebo &#8220;my&#8221;) si v\u00e1\u017e\u00ed soukrom\u00ed sv\u00fdch z\u00e1kazn\u00edk\u016f a n\u00e1v\u0161t\u011bvn\u00edk\u016f a respektuje je. \u00da\u010delem tohoto prohl\u00e1\u0161en\u00ed o ochran\u011b soukrom\u00ed a bezpe\u010dnosti je poskytnout v\u00e1m informace o tom, jak shroma\u017e\u010fujeme, pou\u017e\u00edv\u00e1me a sd\u00edl\u00edme informace, kter\u00e9 z\u00edsk\u00e1v\u00e1me od na\u0161ich z\u00e1kazn\u00edk\u016f a n\u00e1v\u0161t\u011bvn\u00edk\u016f. Popisuje tak\u00e9 mo\u017enosti, kter\u00e9 m\u016f\u017eete u\u010dinit v souvislosti s na\u0161\u00edm&#8230;<\/p>\n","protected":false},"author":1,"featured_media":0,"parent":0,"menu_order":0,"comment_status":"closed","ping_status":"open","template":"","meta":{"_acf_changed":false,"_bbp_topic_count":0,"_bbp_reply_count":0,"_bbp_total_topic_count":0,"_bbp_total_reply_count":0,"_bbp_voice_count":0,"_bbp_anonymous_reply_count":0,"_bbp_topic_count_hidden":0,"_bbp_reply_count_hidden":0,"_bbp_forum_subforum_count":0,"_uag_custom_page_level_css":"","_kad_post_transparent":"","_kad_post_title":"","_kad_post_layout":"","_kad_post_sidebar_id":"","_kad_post_content_style":"","_kad_post_vertical_padding":"","_kad_post_feature":"","_kad_post_feature_position":"","_kad_post_header":false,"_kad_post_footer":false,"footnotes":""},"class_list":["post-2581","page","type-page","status-publish","hentry"],"acf":[],"uagb_featured_image_src":{"full":false,"thumbnail":false,"medium":false,"medium_large":false,"large":false,"1536x1536":false,"2048x2048":false},"uagb_author_info":{"display_name":"Admin","author_link":"https:\/\/everlearning.io\/cs\/author\/admin\/"},"uagb_comment_info":0,"uagb_excerpt":"Spole\u010dnost Seaside Events, Inc. (&#8220;SSE&#8221;, &#8220;na\u0161e&#8221; nebo &#8220;my&#8221;) si v\u00e1\u017e\u00ed soukrom\u00ed sv\u00fdch z\u00e1kazn\u00edk\u016f a n\u00e1v\u0161t\u011bvn\u00edk\u016f a respektuje je. \u00da\u010delem tohoto prohl\u00e1\u0161en\u00ed o ochran\u011b soukrom\u00ed a bezpe\u010dnosti je poskytnout v\u00e1m informace o tom, jak shroma\u017e\u010fujeme, pou\u017e\u00edv\u00e1me a sd\u00edl\u00edme informace, kter\u00e9 z\u00edsk\u00e1v\u00e1me od na\u0161ich z\u00e1kazn\u00edk\u016f a n\u00e1v\u0161t\u011bvn\u00edk\u016f. Popisuje tak\u00e9 mo\u017enosti, kter\u00e9 m\u016f\u017eete u\u010dinit v souvislosti s na\u0161\u00edm...","_links":{"self":[{"href":"https:\/\/everlearning.io\/cs\/wp-json\/wp\/v2\/pages\/2581","targetHints":{"allow":["GET"]}}],"collection":[{"href":"https:\/\/everlearning.io\/cs\/wp-json\/wp\/v2\/pages"}],"about":[{"href":"https:\/\/everlearning.io\/cs\/wp-json\/wp\/v2\/types\/page"}],"author":[{"embeddable":true,"href":"https:\/\/everlearning.io\/cs\/wp-json\/wp\/v2\/users\/1"}],"replies":[{"embeddable":true,"href":"https:\/\/everlearning.io\/cs\/wp-json\/wp\/v2\/comments?post=2581"}],"version-history":[{"count":1,"href":"https:\/\/everlearning.io\/cs\/wp-json\/wp\/v2\/pages\/2581\/revisions"}],"predecessor-version":[{"id":2582,"href":"https:\/\/everlearning.io\/cs\/wp-json\/wp\/v2\/pages\/2581\/revisions\/2582"}],"wp:attachment":[{"href":"https:\/\/everlearning.io\/cs\/wp-json\/wp\/v2\/media?parent=2581"}],"curies":[{"name":"wp","href":"https:\/\/api.w.org\/{rel}","templated":true}]}}