

{"id":2548,"date":"2024-06-19T12:32:08","date_gmt":"2024-06-19T07:02:08","guid":{"rendered":"https:\/\/everlearning.io\/forum\/"},"modified":"2024-08-09T12:59:23","modified_gmt":"2024-08-09T07:29:23","slug":"forum","status":"publish","type":"page","link":"https:\/\/everlearning.io\/cs\/forum\/","title":{"rendered":"F\u00f3rum"},"content":{"rendered":"\n<div id=\"bbpress-forums\" class=\"bbpress-wrapper\">\n\n\t\n\t<div class=\"bbp-breadcrumb\"><p><a href=\"https:\/\/everlearning.io\/cs\/\" class=\"bbp-breadcrumb-home\">Home<\/a> \/ <span class=\"bbp-breadcrumb-current\">F\u00f3ra<\/span><\/p><\/div>\n\t\n\t\n\t\n\t\t\n<ul id=\"forums-list-0\" class=\"bbp-forums\">\n\n\t<li class=\"bbp-header\">\n\n\t\t<ul class=\"forum-titles\">\n\t\t\t<li class=\"bbp-forum-info\">F\u00f3rum<\/li>\n\t\t\t<li class=\"bbp-forum-topic-count\">T\u00e9mata<\/li>\n\t\t\t<li class=\"bbp-forum-reply-count\">P\u0159\u00edsp\u011bvky<\/li>\n\t\t\t<li class=\"bbp-forum-freshness\">Posledn\u00ed p\u0159\u00edsp\u011bvek<\/li>\n\t\t<\/ul>\n\n\t<\/li><!-- .bbp-header -->\n\n\t<li class=\"bbp-body\">\n\n\t\t\n\t\t\t\n<ul id=\"bbp-forum-3401\" class=\"loop-item-0 bbp-forum-status-open bbp-forum-visibility-publish odd  post-3401 forum type-forum status-publish hentry\">\n\t<li class=\"bbp-forum-info\">\n\n\t\t\n\t\t\n\t\t<a class=\"bbp-forum-title\" href=\"https:\/\/everlearning.io\/cs\/forums\/forum\/forums-cze\/\">forums cze<\/a>\n\n\t\t\n\t\t\n\t\t<div class=\"bbp-forum-content\"><\/div>\n\n\t\t\n\t\t\n\t\t\n\t\t\n\t\t\n\t<\/li>\n\n\t<li class=\"bbp-forum-topic-count\">1<\/li>\n\n\t<li class=\"bbp-forum-reply-count\">1<\/li>\n\n\t<li class=\"bbp-forum-freshness\">\n\n\t\t\n\t\t<a href=\"https:\/\/everlearning.io\/cs\/forums\/topic\/forums-cze\/\" title=\"forums cze\">p\u0159ed 1 rokem a 7 m\u011bs\u00edci<\/a>\n\t\t\n\t\t<p class=\"bbp-topic-meta\">\n\n\t\t\t\n\t\t\t<span class=\"bbp-topic-freshness-author\"><span  class=\"bbp-author-avatar\"><img alt='' src='https:\/\/secure.gravatar.com\/avatar\/?s=14&#038;d=mm&#038;r=g' srcset='https:\/\/secure.gravatar.com\/avatar\/?s=28&#038;d=mm&#038;r=g 2x' class='avatar avatar-14 photo avatar-default' height='14' width='14' \/><\/span><span  class=\"bbp-author-name\">Anonymn\u00ed u\u017eivatel<\/span><\/span>\n\n\t\t\t\n\t\t<\/p>\n\t<\/li>\n<\/ul><!-- #bbp-forum-3401 -->\n\n\t\t\n\t<\/li><!-- .bbp-body -->\n\n\t<li class=\"bbp-footer\">\n\n\t\t<div class=\"tr\">\n\t\t\t<p class=\"td colspan4\">&nbsp;<\/p>\n\t\t<\/div><!-- .tr -->\n\n\t<\/li><!-- .bbp-footer -->\n\n<\/ul><!-- .forums-directory -->\n\n\n\t\n\t\n<\/div>\n\n","protected":false},"excerpt":{"rendered":"","protected":false},"author":1,"featured_media":0,"parent":0,"menu_order":0,"comment_status":"closed","ping_status":"closed","template":"","meta":{"_acf_changed":false,"_bbp_topic_count":0,"_bbp_reply_count":0,"_bbp_total_topic_count":0,"_bbp_total_reply_count":0,"_bbp_voice_count":0,"_bbp_anonymous_reply_count":0,"_bbp_topic_count_hidden":0,"_bbp_reply_count_hidden":0,"_bbp_forum_subforum_count":0,"_uag_custom_page_level_css":"","_kad_post_transparent":"","_kad_post_title":"","_kad_post_layout":"","_kad_post_sidebar_id":"","_kad_post_content_style":"","_kad_post_vertical_padding":"","_kad_post_feature":"","_kad_post_feature_position":"","_kad_post_header":false,"_kad_post_footer":false,"footnotes":""},"class_list":["post-2548","page","type-page","status-publish","hentry"],"acf":[],"uagb_featured_image_src":{"full":false,"thumbnail":false,"medium":false,"medium_large":false,"large":false,"1536x1536":false,"2048x2048":false},"uagb_author_info":{"display_name":"Admin","author_link":"https:\/\/everlearning.io\/cs\/author\/admin\/"},"uagb_comment_info":0,"uagb_excerpt":null,"_links":{"self":[{"href":"https:\/\/everlearning.io\/cs\/wp-json\/wp\/v2\/pages\/2548","targetHints":{"allow":["GET"]}}],"collection":[{"href":"https:\/\/everlearning.io\/cs\/wp-json\/wp\/v2\/pages"}],"about":[{"href":"https:\/\/everlearning.io\/cs\/wp-json\/wp\/v2\/types\/page"}],"author":[{"embeddable":true,"href":"https:\/\/everlearning.io\/cs\/wp-json\/wp\/v2\/users\/1"}],"replies":[{"embeddable":true,"href":"https:\/\/everlearning.io\/cs\/wp-json\/wp\/v2\/comments?post=2548"}],"version-history":[{"count":1,"href":"https:\/\/everlearning.io\/cs\/wp-json\/wp\/v2\/pages\/2548\/revisions"}],"predecessor-version":[{"id":2549,"href":"https:\/\/everlearning.io\/cs\/wp-json\/wp\/v2\/pages\/2548\/revisions\/2549"}],"wp:attachment":[{"href":"https:\/\/everlearning.io\/cs\/wp-json\/wp\/v2\/media?parent=2548"}],"curies":[{"name":"wp","href":"https:\/\/api.w.org\/{rel}","templated":true}]}}