

{"id":2514,"date":"2024-07-01T18:28:07","date_gmt":"2024-07-01T12:58:07","guid":{"rendered":"https:\/\/everlearning.io\/e-mail-uspesne-overen\/"},"modified":"2024-08-09T12:59:05","modified_gmt":"2024-08-09T07:29:05","slug":"e-mail-uspesne-overen","status":"publish","type":"page","link":"https:\/\/everlearning.io\/cs\/e-mail-uspesne-overen\/","title":{"rendered":"E-mail \u00fasp\u011b\u0161n\u011b ov\u011b\u0159en"},"content":{"rendered":"\n<div class=\"wp-block-uagb-container uagb-block-c0b4d6fb alignfull uagb-is-root-container\"><div class=\"uagb-container-inner-blocks-wrap\">\n<p class=\"has-text-align-center\">D\u011bkujeme!\nVa\u0161e e-mailov\u00e1 adresa byla \u00fasp\u011b\u0161n\u011b ov\u011b\u0159ena.\nNyn\u00ed m\u00e1te p\u0159\u00edstup k ve\u0161ker\u00e9mu obsahu.  <\/p>\n<\/div><\/div>\n\n<p class=\"has-text-align-center\"><\/p>\n\n<div class=\"wp-block-uagb-container uagb-block-c0b4d6fb alignfull uagb-is-root-container\"><div class=\"uagb-container-inner-blocks-wrap\"><\/div><\/div>\n","protected":false},"excerpt":{"rendered":"<p>D\u011bkujeme! Va\u0161e e-mailov\u00e1 adresa byla \u00fasp\u011b\u0161n\u011b ov\u011b\u0159ena. Nyn\u00ed m\u00e1te p\u0159\u00edstup k ve\u0161ker\u00e9mu obsahu.<\/p>\n","protected":false},"author":1,"featured_media":0,"parent":0,"menu_order":0,"comment_status":"closed","ping_status":"closed","template":"","meta":{"_acf_changed":false,"_bbp_topic_count":0,"_bbp_reply_count":0,"_bbp_total_topic_count":0,"_bbp_total_reply_count":0,"_bbp_voice_count":0,"_bbp_anonymous_reply_count":0,"_bbp_topic_count_hidden":0,"_bbp_reply_count_hidden":0,"_bbp_forum_subforum_count":0,"_uag_custom_page_level_css":"","_kad_post_transparent":"","_kad_post_title":"","_kad_post_layout":"","_kad_post_sidebar_id":"","_kad_post_content_style":"","_kad_post_vertical_padding":"","_kad_post_feature":"","_kad_post_feature_position":"","_kad_post_header":false,"_kad_post_footer":false,"footnotes":""},"class_list":["post-2514","page","type-page","status-publish","hentry"],"acf":[],"uagb_featured_image_src":{"full":false,"thumbnail":false,"medium":false,"medium_large":false,"large":false,"1536x1536":false,"2048x2048":false},"uagb_author_info":{"display_name":"Admin","author_link":"https:\/\/everlearning.io\/cs\/author\/admin\/"},"uagb_comment_info":0,"uagb_excerpt":"D\u011bkujeme! Va\u0161e e-mailov\u00e1 adresa byla \u00fasp\u011b\u0161n\u011b ov\u011b\u0159ena. Nyn\u00ed m\u00e1te p\u0159\u00edstup k ve\u0161ker\u00e9mu obsahu.","_links":{"self":[{"href":"https:\/\/everlearning.io\/cs\/wp-json\/wp\/v2\/pages\/2514","targetHints":{"allow":["GET"]}}],"collection":[{"href":"https:\/\/everlearning.io\/cs\/wp-json\/wp\/v2\/pages"}],"about":[{"href":"https:\/\/everlearning.io\/cs\/wp-json\/wp\/v2\/types\/page"}],"author":[{"embeddable":true,"href":"https:\/\/everlearning.io\/cs\/wp-json\/wp\/v2\/users\/1"}],"replies":[{"embeddable":true,"href":"https:\/\/everlearning.io\/cs\/wp-json\/wp\/v2\/comments?post=2514"}],"version-history":[{"count":1,"href":"https:\/\/everlearning.io\/cs\/wp-json\/wp\/v2\/pages\/2514\/revisions"}],"predecessor-version":[{"id":2515,"href":"https:\/\/everlearning.io\/cs\/wp-json\/wp\/v2\/pages\/2514\/revisions\/2515"}],"wp:attachment":[{"href":"https:\/\/everlearning.io\/cs\/wp-json\/wp\/v2\/media?parent=2514"}],"curies":[{"name":"wp","href":"https:\/\/api.w.org\/{rel}","templated":true}]}}