

{"id":2506,"date":"2024-07-09T15:26:07","date_gmt":"2024-07-09T09:56:07","guid":{"rendered":"https:\/\/everlearning.io\/podminky-a-pravidla\/"},"modified":"2024-08-09T12:59:05","modified_gmt":"2024-08-09T07:29:05","slug":"podminky-a-pravidla","status":"publish","type":"page","link":"https:\/\/everlearning.io\/cs\/podminky-a-pravidla\/","title":{"rendered":"Podm\u00ednky a pravidla"},"content":{"rendered":"\n<p><strong>Lorem Ipsum<\/strong> je jednodu\u0161e fiktivn\u00ed text tiska\u0159sk\u00e9ho a saze\u010dsk\u00e9ho pr\u016fmyslu. Lorem Ipsum je standardn\u00ed atrapou textu ji\u017e od roku 1500, kdy nezn\u00e1m\u00fd tiska\u0159 vzal galley p\u00edsma a zkomolil ji, aby vytvo\u0159il vzorn\u00edk p\u00edsma. P\u0159e\u017eila nejen p\u011bt stolet\u00ed, ale tak\u00e9 skok do elektronick\u00e9 sazby a z\u016fstala v podstat\u011b nezm\u011bn\u011bna. Popularitu z\u00edskal v 60. letech 20. stolet\u00ed, kdy byly vyd\u00e1ny listy Letraset obsahuj\u00edc\u00ed pas\u00e1\u017ee Lorem Ipsum, a v ned\u00e1vn\u00e9 dob\u011b d\u00edky softwaru pro stoln\u00ed publikov\u00e1n\u00ed, jako je Aldus PageMaker, kter\u00fd obsahuje verze Lorem Ipsum.<\/p>\n\n<p><\/p>\n","protected":false},"excerpt":{"rendered":"<p>Lorem Ipsum je jednodu\u0161e fiktivn\u00ed text tiska\u0159sk\u00e9ho a saze\u010dsk\u00e9ho pr\u016fmyslu. Lorem Ipsum je standardn\u00ed atrapou textu ji\u017e od roku 1500, kdy nezn\u00e1m\u00fd tiska\u0159 vzal galley p\u00edsma a zkomolil ji, aby vytvo\u0159il vzorn\u00edk p\u00edsma. P\u0159e\u017eila nejen p\u011bt stolet\u00ed, ale tak\u00e9 skok do elektronick\u00e9 sazby a z\u016fstala v podstat\u011b nezm\u011bn\u011bna. Popularitu z\u00edskal v 60. letech 20. stolet\u00ed,&#8230;<\/p>\n","protected":false},"author":1,"featured_media":0,"parent":0,"menu_order":0,"comment_status":"closed","ping_status":"closed","template":"","meta":{"_acf_changed":false,"_bbp_topic_count":0,"_bbp_reply_count":0,"_bbp_total_topic_count":0,"_bbp_total_reply_count":0,"_bbp_voice_count":0,"_bbp_anonymous_reply_count":0,"_bbp_topic_count_hidden":0,"_bbp_reply_count_hidden":0,"_bbp_forum_subforum_count":0,"_uag_custom_page_level_css":"","_kad_post_transparent":"","_kad_post_title":"","_kad_post_layout":"","_kad_post_sidebar_id":"","_kad_post_content_style":"","_kad_post_vertical_padding":"","_kad_post_feature":"","_kad_post_feature_position":"","_kad_post_header":false,"_kad_post_footer":false,"footnotes":""},"class_list":["post-2506","page","type-page","status-publish","hentry"],"acf":[],"uagb_featured_image_src":{"full":false,"thumbnail":false,"medium":false,"medium_large":false,"large":false,"1536x1536":false,"2048x2048":false},"uagb_author_info":{"display_name":"Admin","author_link":"https:\/\/everlearning.io\/cs\/author\/admin\/"},"uagb_comment_info":0,"uagb_excerpt":"Lorem Ipsum je jednodu\u0161e fiktivn\u00ed text tiska\u0159sk\u00e9ho a saze\u010dsk\u00e9ho pr\u016fmyslu. Lorem Ipsum je standardn\u00ed atrapou textu ji\u017e od roku 1500, kdy nezn\u00e1m\u00fd tiska\u0159 vzal galley p\u00edsma a zkomolil ji, aby vytvo\u0159il vzorn\u00edk p\u00edsma. P\u0159e\u017eila nejen p\u011bt stolet\u00ed, ale tak\u00e9 skok do elektronick\u00e9 sazby a z\u016fstala v podstat\u011b nezm\u011bn\u011bna. Popularitu z\u00edskal v 60. letech 20. stolet\u00ed,...","_links":{"self":[{"href":"https:\/\/everlearning.io\/cs\/wp-json\/wp\/v2\/pages\/2506","targetHints":{"allow":["GET"]}}],"collection":[{"href":"https:\/\/everlearning.io\/cs\/wp-json\/wp\/v2\/pages"}],"about":[{"href":"https:\/\/everlearning.io\/cs\/wp-json\/wp\/v2\/types\/page"}],"author":[{"embeddable":true,"href":"https:\/\/everlearning.io\/cs\/wp-json\/wp\/v2\/users\/1"}],"replies":[{"embeddable":true,"href":"https:\/\/everlearning.io\/cs\/wp-json\/wp\/v2\/comments?post=2506"}],"version-history":[{"count":1,"href":"https:\/\/everlearning.io\/cs\/wp-json\/wp\/v2\/pages\/2506\/revisions"}],"predecessor-version":[{"id":2507,"href":"https:\/\/everlearning.io\/cs\/wp-json\/wp\/v2\/pages\/2506\/revisions\/2507"}],"wp:attachment":[{"href":"https:\/\/everlearning.io\/cs\/wp-json\/wp\/v2\/media?parent=2506"}],"curies":[{"name":"wp","href":"https:\/\/api.w.org\/{rel}","templated":true}]}}