

{"id":2504,"date":"2024-07-01T18:22:00","date_gmt":"2024-07-01T12:52:00","guid":{"rendered":"https:\/\/everlearning.io\/vyzadovano-overeni-e-mailu\/"},"modified":"2024-08-09T12:59:01","modified_gmt":"2024-08-09T07:29:01","slug":"vyzadovano-overeni-e-mailu","status":"publish","type":"page","link":"https:\/\/everlearning.io\/cs\/vyzadovano-overeni-e-mailu\/","title":{"rendered":"Vy\u017eadov\u00e1no ov\u011b\u0159en\u00ed e-mailu"},"content":{"rendered":"\n<div class=\"wp-block-uagb-container uagb-block-c0b4d6fb alignfull uagb-is-root-container\"><div class=\"uagb-container-inner-blocks-wrap\">\n<p class=\"has-text-align-center\">P\u0159ed p\u0159\u00edstupem k tomuto obsahu je t\u0159eba ov\u011b\u0159it va\u0161i e-mailovou adresu.  <br\/>Zkontrolujte, zda v\u00e1m nep\u0159i\u0161el ov\u011b\u0159ovac\u00ed e-mail, a postupujte podle uveden\u00fdch pokyn\u016f.<\/p>\n<\/div><\/div>\n","protected":false},"excerpt":{"rendered":"<p>P\u0159ed p\u0159\u00edstupem k tomuto obsahu je t\u0159eba ov\u011b\u0159it va\u0161i e-mailovou adresu. Zkontrolujte, zda v\u00e1m nep\u0159i\u0161el ov\u011b\u0159ovac\u00ed e-mail, a postupujte podle uveden\u00fdch pokyn\u016f.<\/p>\n","protected":false},"author":1,"featured_media":0,"parent":0,"menu_order":0,"comment_status":"closed","ping_status":"closed","template":"","meta":{"_acf_changed":false,"_bbp_topic_count":0,"_bbp_reply_count":0,"_bbp_total_topic_count":0,"_bbp_total_reply_count":0,"_bbp_voice_count":0,"_bbp_anonymous_reply_count":0,"_bbp_topic_count_hidden":0,"_bbp_reply_count_hidden":0,"_bbp_forum_subforum_count":0,"_uag_custom_page_level_css":"","_kad_post_transparent":"","_kad_post_title":"","_kad_post_layout":"","_kad_post_sidebar_id":"","_kad_post_content_style":"","_kad_post_vertical_padding":"","_kad_post_feature":"","_kad_post_feature_position":"","_kad_post_header":false,"_kad_post_footer":false,"footnotes":""},"class_list":["post-2504","page","type-page","status-publish","hentry"],"acf":[],"uagb_featured_image_src":{"full":false,"thumbnail":false,"medium":false,"medium_large":false,"large":false,"1536x1536":false,"2048x2048":false},"uagb_author_info":{"display_name":"Admin","author_link":"https:\/\/everlearning.io\/cs\/author\/admin\/"},"uagb_comment_info":0,"uagb_excerpt":"P\u0159ed p\u0159\u00edstupem k tomuto obsahu je t\u0159eba ov\u011b\u0159it va\u0161i e-mailovou adresu. Zkontrolujte, zda v\u00e1m nep\u0159i\u0161el ov\u011b\u0159ovac\u00ed e-mail, a postupujte podle uveden\u00fdch pokyn\u016f.","_links":{"self":[{"href":"https:\/\/everlearning.io\/cs\/wp-json\/wp\/v2\/pages\/2504","targetHints":{"allow":["GET"]}}],"collection":[{"href":"https:\/\/everlearning.io\/cs\/wp-json\/wp\/v2\/pages"}],"about":[{"href":"https:\/\/everlearning.io\/cs\/wp-json\/wp\/v2\/types\/page"}],"author":[{"embeddable":true,"href":"https:\/\/everlearning.io\/cs\/wp-json\/wp\/v2\/users\/1"}],"replies":[{"embeddable":true,"href":"https:\/\/everlearning.io\/cs\/wp-json\/wp\/v2\/comments?post=2504"}],"version-history":[{"count":1,"href":"https:\/\/everlearning.io\/cs\/wp-json\/wp\/v2\/pages\/2504\/revisions"}],"predecessor-version":[{"id":2505,"href":"https:\/\/everlearning.io\/cs\/wp-json\/wp\/v2\/pages\/2504\/revisions\/2505"}],"wp:attachment":[{"href":"https:\/\/everlearning.io\/cs\/wp-json\/wp\/v2\/media?parent=2504"}],"curies":[{"name":"wp","href":"https:\/\/api.w.org\/{rel}","templated":true}]}}