

{"id":2500,"date":"2024-08-05T15:25:25","date_gmt":"2024-08-05T09:55:25","guid":{"rendered":"https:\/\/everlearning.io\/o-nas-2\/"},"modified":"2024-08-09T12:58:57","modified_gmt":"2024-08-09T07:28:57","slug":"o-nas-2","status":"publish","type":"page","link":"https:\/\/everlearning.io\/cs\/o-nas-2\/","title":{"rendered":"O n\u00e1s #2"},"content":{"rendered":"\n<div class=\"wp-block-uagb-advanced-heading uagb-block-33fbca50\"><h2 class=\"uagb-heading-text\">Va\u0161e atraktivn\u00ed z\u00e1hlav\u00ed<\/h2><p class=\"uagb-desc-text\">Lorem Ipsum je jednodu\u0161e fiktivn\u00ed text tiska\u0159sk\u00e9ho a saze\u010dsk\u00e9ho pr\u016fmyslu. Lorem Ipsum m\u00e1 b\u00fdt<\/p><\/div>\n\n<div class=\"wp-block-uagb-container uagb-block-649682a2 alignfull uagb-is-root-container\"><div class=\"uagb-container-inner-blocks-wrap\">\n<div class=\"wp-block-uagb-container uagb-block-112d5387\">\n<div class=\"wp-block-uagb-advanced-heading uagb-block-57a7282e\"><h3 class=\"uagb-heading-text\">Va\u0161e atraktivn\u00ed z\u00e1hlav\u00ed<\/h3><\/div>\n\n\n\n<p><strong>Lorem Ipsum<\/strong> je jednodu\u0161e fiktivn\u00ed text tiska\u0159sk\u00e9ho a saze\u010dsk\u00e9ho pr\u016fmyslu. Lorem Ipsum je standardn\u00ed atrapou textu ji\u017e od roku 1500, kdy nezn\u00e1m\u00fd tiska\u0159 vzal galley p\u00edsma a zkomolil ji, aby vytvo\u0159il vzorn\u00edk p\u00edsma. P\u0159e\u017eila nejen p\u011bt stolet\u00ed, ale tak\u00e9 skok do elektronick\u00e9 sazby, z\u016fstala1<\/p>\n\n\n\n<p>v podstat\u011b beze zm\u011bny. Popularitu z\u00edskal v 60. letech 20. stolet\u00ed, kdy byly vyd\u00e1ny listy Letraset obsahuj\u00edc\u00ed pas\u00e1\u017ee Lorem Ipsum, a v ned\u00e1vn\u00e9 dob\u011b d\u00edky softwaru pro stoln\u00ed publikov\u00e1n\u00ed, jako je Aldus PageMaker, kter\u00fd obsahuje verze Lorem Ipsum.<\/p>\n<\/div>\n\n\n\n<div class=\"wp-block-uagb-container uagb-block-92afbcf5\">\n<figure class=\"wp-block-image size-full has-custom-border\"><img loading=\"lazy\" decoding=\"async\" width=\"530\" height=\"623\" src=\"https:\/\/everlearning.io\/wp-content\/uploads\/2024\/06\/Solutions.png\" alt=\"\" class=\"wp-image-569\" style=\"border-radius:5px\" srcset=\"https:\/\/everlearning.io\/wp-content\/uploads\/2024\/06\/Solutions.png 530w, https:\/\/everlearning.io\/wp-content\/uploads\/2024\/06\/Solutions-255x300.png 255w\" sizes=\"auto, (max-width: 530px) 100vw, 530px\" \/><\/figure>\n<\/div>\n<\/div><\/div>\n\n<div class=\"wp-block-uagb-advanced-heading uagb-block-1f6e2b2e\"><h2 class=\"uagb-heading-text\">Na\u0161e posl\u00e1n\u00ed<\/h2><p class=\"uagb-desc-text\">Na\u0161e spole\u010dnost vznikla v kv\u011btnu 2016 slou\u010den\u00edm dvou spole\u010dnost\u00ed, RMS Parts a Prime Electronics. Tyto spole\u010dnosti maj\u00ed dohromady v\u00edce ne\u017e 40 let zku\u0161enost\u00ed v oblasti elektronick\u00fdch sou\u010d\u00e1stek a n\u00e1hradn\u00edch d\u00edl\u016f. Zn\u00e1me elektroniku!<\/p><\/div>\n\n<div class=\"wp-block-uagb-container uagb-block-a81d605c alignfull uagb-is-root-container\"><div class=\"uagb-container-inner-blocks-wrap\">\n<h2 class=\"wp-block-heading has-text-align-center\">Na\u0161e partnerstv\u00ed<\/h2>\n\n\n<style>.kb-row-layout-id1081_dcc7d3-d5 > .kt-row-column-wrap{align-content:start;}:where(.kb-row-layout-id1081_dcc7d3-d5 > .kt-row-column-wrap) > .wp-block-kadence-column{justify-content:start;}.kb-row-layout-id1081_dcc7d3-d5 > .kt-row-column-wrap{column-gap:var(--global-kb-gap-md, 2rem);row-gap:var(--global-kb-gap-md, 2rem);padding-top:var(--global-kb-spacing-sm, 1.5rem);padding-bottom:var(--global-kb-spacing-sm, 1.5rem);grid-template-columns:repeat(4, minmax(0, 1fr));}.kb-row-layout-id1081_dcc7d3-d5 > .kt-row-layout-overlay{opacity:0.30;}@media all and (max-width: 1024px){.kb-row-layout-id1081_dcc7d3-d5 > .kt-row-column-wrap{grid-template-columns:repeat(4, minmax(0, 1fr));}}@media all and (max-width: 767px){.kb-row-layout-id1081_dcc7d3-d5 > .kt-row-column-wrap{grid-template-columns:minmax(0, 1fr);}}<\/style><div class=\"kb-row-layout-wrap kb-row-layout-id1081_dcc7d3-d5 alignnone wp-block-kadence-rowlayout\"><div class=\"kt-row-column-wrap kt-has-4-columns kt-row-layout-equal kt-tab-layout-inherit kt-mobile-layout-row kt-row-valign-top\">\n<style>.kadence-column1081_afa67a-ad > .kt-inside-inner-col,.kadence-column1081_afa67a-ad > .kt-inside-inner-col:before{border-top-left-radius:0px;border-top-right-radius:0px;border-bottom-right-radius:0px;border-bottom-left-radius:0px;}.kadence-column1081_afa67a-ad > .kt-inside-inner-col{column-gap:var(--global-kb-gap-sm, 1rem);}.kadence-column1081_afa67a-ad > .kt-inside-inner-col{flex-direction:column;}.kadence-column1081_afa67a-ad > .kt-inside-inner-col > .aligncenter{width:100%;}.kadence-column1081_afa67a-ad > .kt-inside-inner-col:before{opacity:0.3;}.kadence-column1081_afa67a-ad{position:relative;}@media all and (max-width: 1024px){.kadence-column1081_afa67a-ad > .kt-inside-inner-col{flex-direction:column;}}@media all and (max-width: 767px){.kadence-column1081_afa67a-ad > .kt-inside-inner-col{flex-direction:column;}}<\/style>\n<div class=\"wp-block-kadence-column kadence-column1081_afa67a-ad\"><div class=\"kt-inside-inner-col\">\n<div class=\"wp-block-uagb-team uagb-team__image-position-above uagb-team__align-center uagb-team__stack-tablet uagb-block-8c03b4c4\"><div class=\"uagb-team__content\"><img decoding=\"async\" class=\"uagb-team__image-crop-circle\" src=\"https:\/\/everlearning.io\/wp-content\/uploads\/2024\/07\/Rectangle-202-3-150x150.png\" alt=\"\" height=\"100\" width=\"100\" loading=\"lazy\"\/><h3 class=\"uagb-team__title\">John Doe<\/h3><span class=\"uagb-team__prefix\"><\/span><p class=\"uagb-team__desc\">Chcete-li tento text zm\u011bnit, klikn\u011bte zde. Lorem ipsum dolor sit amet, consectetur adipiscing elit. Ut elit tellus, luctus nec ullamcorper mattis, pulvinar dapibus leo.<\/p><\/div><\/div>\n<\/div><\/div>\n\n\n<style>.kadence-column1081_3119fe-c1 > .kt-inside-inner-col,.kadence-column1081_3119fe-c1 > .kt-inside-inner-col:before{border-top-left-radius:0px;border-top-right-radius:0px;border-bottom-right-radius:0px;border-bottom-left-radius:0px;}.kadence-column1081_3119fe-c1 > .kt-inside-inner-col{column-gap:var(--global-kb-gap-sm, 1rem);}.kadence-column1081_3119fe-c1 > .kt-inside-inner-col{flex-direction:column;}.kadence-column1081_3119fe-c1 > .kt-inside-inner-col > .aligncenter{width:100%;}.kadence-column1081_3119fe-c1 > .kt-inside-inner-col:before{opacity:0.3;}.kadence-column1081_3119fe-c1{position:relative;}@media all and (max-width: 1024px){.kadence-column1081_3119fe-c1 > .kt-inside-inner-col{flex-direction:column;}}@media all and (max-width: 767px){.kadence-column1081_3119fe-c1 > .kt-inside-inner-col{flex-direction:column;}}<\/style>\n<div class=\"wp-block-kadence-column kadence-column1081_3119fe-c1\"><div class=\"kt-inside-inner-col\">\n<div class=\"wp-block-uagb-team uagb-team__image-position-above uagb-team__align-center uagb-team__stack-tablet uagb-block-a8ef56a0\"><div class=\"uagb-team__content\"><img decoding=\"async\" class=\"uagb-team__image-crop-circle\" src=\"https:\/\/everlearning.io\/wp-content\/uploads\/2024\/07\/2c7d99fe281ecd3bcd65ab915bac6dd5-150x150.jpeg\" alt=\"\" height=\"100\" width=\"100\" loading=\"lazy\"\/><h3 class=\"uagb-team__title\">Mark Adem<\/h3><span class=\"uagb-team__prefix\"><\/span><p class=\"uagb-team__desc\">Chcete-li tento text zm\u011bnit, klikn\u011bte zde. Lorem ipsum dolor sit amet, consectetur adipiscing elit. Ut elit tellus, luctus nec ullamcorper mattis, pulvinar dapibus leo.<\/p><\/div><\/div>\n<\/div><\/div>\n\n\n<style>.kadence-column1081_b26689-27 > .kt-inside-inner-col,.kadence-column1081_b26689-27 > .kt-inside-inner-col:before{border-top-left-radius:0px;border-top-right-radius:0px;border-bottom-right-radius:0px;border-bottom-left-radius:0px;}.kadence-column1081_b26689-27 > .kt-inside-inner-col{column-gap:var(--global-kb-gap-sm, 1rem);}.kadence-column1081_b26689-27 > .kt-inside-inner-col{flex-direction:column;}.kadence-column1081_b26689-27 > .kt-inside-inner-col > .aligncenter{width:100%;}.kadence-column1081_b26689-27 > .kt-inside-inner-col:before{opacity:0.3;}.kadence-column1081_b26689-27{position:relative;}@media all and (max-width: 1024px){.kadence-column1081_b26689-27 > .kt-inside-inner-col{flex-direction:column;}}@media all and (max-width: 767px){.kadence-column1081_b26689-27 > .kt-inside-inner-col{flex-direction:column;}}<\/style>\n<div class=\"wp-block-kadence-column kadence-column1081_b26689-27\"><div class=\"kt-inside-inner-col\">\n<div class=\"wp-block-uagb-team uagb-team__image-position-above uagb-team__align-center uagb-team__stack-tablet uagb-block-dfd76220\"><div class=\"uagb-team__content\"><img decoding=\"async\" class=\"uagb-team__image-crop-circle\" src=\"https:\/\/everlearning.io\/wp-content\/uploads\/2024\/06\/Solutions-150x150.png\" alt=\"\" height=\"100\" width=\"100\" loading=\"lazy\"\/><h3 class=\"uagb-team__title\">Liza  <\/h3><span class=\"uagb-team__prefix\"><\/span><p class=\"uagb-team__desc\">Chcete-li tento text zm\u011bnit, klikn\u011bte zde. Lorem ipsum dolor sit amet, consectetur adipiscing elit. Ut elit tellus, luctus nec ullamcorper mattis, pulvinar dapibus leo.<\/p><\/div><\/div>\n<\/div><\/div>\n\n\n<style>.kadence-column1081_85d688-3e > .kt-inside-inner-col,.kadence-column1081_85d688-3e > .kt-inside-inner-col:before{border-top-left-radius:0px;border-top-right-radius:0px;border-bottom-right-radius:0px;border-bottom-left-radius:0px;}.kadence-column1081_85d688-3e > .kt-inside-inner-col{column-gap:var(--global-kb-gap-sm, 1rem);}.kadence-column1081_85d688-3e > .kt-inside-inner-col{flex-direction:column;}.kadence-column1081_85d688-3e > .kt-inside-inner-col > .aligncenter{width:100%;}.kadence-column1081_85d688-3e > .kt-inside-inner-col:before{opacity:0.3;}.kadence-column1081_85d688-3e{position:relative;}@media all and (max-width: 1024px){.kadence-column1081_85d688-3e > .kt-inside-inner-col{flex-direction:column;}}@media all and (max-width: 767px){.kadence-column1081_85d688-3e > .kt-inside-inner-col{flex-direction:column;}}<\/style>\n<div class=\"wp-block-kadence-column kadence-column1081_85d688-3e\"><div class=\"kt-inside-inner-col\">\n<div class=\"wp-block-uagb-team uagb-team__image-position-above uagb-team__align-center uagb-team__stack-tablet uagb-block-7b9795c3\"><div class=\"uagb-team__content\"><img decoding=\"async\" class=\"uagb-team__image-crop-circle\" src=\"https:\/\/everlearning.io\/wp-content\/plugins\/ultimate-addons-for-gutenberg\/\/admin\/assets\/images\/placeholder.png\" alt=\"\" height=\"100\" width=\"100\" loading=\"lazy\"\/><h3 class=\"uagb-team__title\">John Doe<\/h3><span class=\"uagb-team__prefix\"><\/span><p class=\"uagb-team__desc\">Chcete-li tento text zm\u011bnit, klikn\u011bte zde. Lorem ipsum dolor sit amet, consectetur adipiscing elit. Ut elit tellus, luctus nec ullamcorper mattis, pulvinar dapibus leo.<\/p><\/div><\/div>\n<\/div><\/div>\n\n<\/div><\/div><\/div><\/div>\n","protected":false},"excerpt":{"rendered":"<p>Va\u0161e atraktivn\u00ed z\u00e1hlav\u00ed Lorem Ipsum je jednodu\u0161e fiktivn\u00ed text tiska\u0159sk\u00e9ho a saze\u010dsk\u00e9ho pr\u016fmyslu. Lorem Ipsum m\u00e1 b\u00fdt Va\u0161e atraktivn\u00ed z\u00e1hlav\u00ed Lorem Ipsum je jednodu\u0161e fiktivn\u00ed text tiska\u0159sk\u00e9ho a saze\u010dsk\u00e9ho pr\u016fmyslu. Lorem Ipsum je standardn\u00ed atrapou textu ji\u017e od roku 1500, kdy nezn\u00e1m\u00fd tiska\u0159 vzal galley p\u00edsma a zkomolil ji, aby vytvo\u0159il vzorn\u00edk p\u00edsma. P\u0159e\u017eila nejen&#8230;<\/p>\n","protected":false},"author":1,"featured_media":0,"parent":0,"menu_order":0,"comment_status":"closed","ping_status":"closed","template":"","meta":{"_acf_changed":false,"_bbp_topic_count":0,"_bbp_reply_count":0,"_bbp_total_topic_count":0,"_bbp_total_reply_count":0,"_bbp_voice_count":0,"_bbp_anonymous_reply_count":0,"_bbp_topic_count_hidden":0,"_bbp_reply_count_hidden":0,"_bbp_forum_subforum_count":0,"_uag_custom_page_level_css":"","_kad_post_transparent":"","_kad_post_title":"","_kad_post_layout":"","_kad_post_sidebar_id":"","_kad_post_content_style":"","_kad_post_vertical_padding":"","_kad_post_feature":"","_kad_post_feature_position":"","_kad_post_header":false,"_kad_post_footer":false,"footnotes":""},"class_list":["post-2500","page","type-page","status-publish","hentry"],"acf":[],"uagb_featured_image_src":{"full":false,"thumbnail":false,"medium":false,"medium_large":false,"large":false,"1536x1536":false,"2048x2048":false},"uagb_author_info":{"display_name":"Admin","author_link":"https:\/\/everlearning.io\/cs\/author\/admin\/"},"uagb_comment_info":0,"uagb_excerpt":"Va\u0161e atraktivn\u00ed z\u00e1hlav\u00ed Lorem Ipsum je jednodu\u0161e fiktivn\u00ed text tiska\u0159sk\u00e9ho a saze\u010dsk\u00e9ho pr\u016fmyslu. Lorem Ipsum m\u00e1 b\u00fdt Va\u0161e atraktivn\u00ed z\u00e1hlav\u00ed Lorem Ipsum je jednodu\u0161e fiktivn\u00ed text tiska\u0159sk\u00e9ho a saze\u010dsk\u00e9ho pr\u016fmyslu. Lorem Ipsum je standardn\u00ed atrapou textu ji\u017e od roku 1500, kdy nezn\u00e1m\u00fd tiska\u0159 vzal galley p\u00edsma a zkomolil ji, aby vytvo\u0159il vzorn\u00edk p\u00edsma. P\u0159e\u017eila nejen...","_links":{"self":[{"href":"https:\/\/everlearning.io\/cs\/wp-json\/wp\/v2\/pages\/2500","targetHints":{"allow":["GET"]}}],"collection":[{"href":"https:\/\/everlearning.io\/cs\/wp-json\/wp\/v2\/pages"}],"about":[{"href":"https:\/\/everlearning.io\/cs\/wp-json\/wp\/v2\/types\/page"}],"author":[{"embeddable":true,"href":"https:\/\/everlearning.io\/cs\/wp-json\/wp\/v2\/users\/1"}],"replies":[{"embeddable":true,"href":"https:\/\/everlearning.io\/cs\/wp-json\/wp\/v2\/comments?post=2500"}],"version-history":[{"count":1,"href":"https:\/\/everlearning.io\/cs\/wp-json\/wp\/v2\/pages\/2500\/revisions"}],"predecessor-version":[{"id":2501,"href":"https:\/\/everlearning.io\/cs\/wp-json\/wp\/v2\/pages\/2500\/revisions\/2501"}],"wp:attachment":[{"href":"https:\/\/everlearning.io\/cs\/wp-json\/wp\/v2\/media?parent=2500"}],"curies":[{"name":"wp","href":"https:\/\/api.w.org\/{rel}","templated":true}]}}